{"id":4182,"date":"2023-06-28T08:32:10","date_gmt":"2023-06-28T06:32:10","guid":{"rendered":"https:\/\/simracing.si\/?post_type=product&#038;p=4182"},"modified":"2024-12-02T13:39:21","modified_gmt":"2024-12-02T11:39:21","slug":"thrustmaster-hotas-warthog-dual-throttle-pc-verzija","status":"publish","type":"product","link":"http:\/\/simracing.si\/sl_si\/izdelek\/thrustmaster-hotas-warthog-dual-throttle-pc-verzija\/","title":{"rendered":"Thrustmaster HOTAS WARTHOG DUAL THROTTLE PC verzija"},"content":{"rendered":"<div class=\"title\">Opis<\/div>\n<p>HOTAS Warthog Dual Throttles podjetja Thrustmaster je kopija du\u0161ilke A-10C ameri\u0161kega letalstva Air Force za uporabo s programsko opremo in igrami za simulacijo letenja v ra\u010dunalniku. Zdru\u017eljiv je z vsemi igralnimi palicami na trgu in igrami, ki podpirajo multi-USB in du\u0161ilke. HOTAS Warthog Dual Throttles je zasnovan z ve\u010d funkcijami strojne in programske opreme, zagotavlja izbolj\u0161ano natan\u010dnost, udobje in funkcionalnost, tako da boste lahko la\u017eje preletavali nebo.<\/p>\n<p>Nadzor du\u0161ilke:<\/p>\n<ul>\n<li>Skupaj 17 akcijskih gumbov + 1 &#8220;mouse hat&#8221; z\u00a0<span id=\"pastemarkerend90389\"><\/span>\u00a0gumbom + en 8-smerni gumb &#8220;z POV&#8221;:<\/li>\n<li>1 x &#8220;mouse hat&#8221; z\u00a0<span id=\"pastemarkerend90389\"><\/span>\u00a0gumbom<span id=\"pastemarkerend68285\"><\/span>\u00a0in 3D magnetnim senzorjem (Hall Effect)<\/li>\n<li>1 x 8-smerni gumb&#8221;z POV&#8221;<\/li>\n<li>1 x 4-smerni gumb s potisnim gumbom<\/li>\n<li>1 x gumb<\/li>\n<li>1 x 3-polo\u017eajno stikalo (2 trenutni + 1 trajni)<\/li>\n<li>2 x 3-polo\u017eajna stikala (3 stalna)<\/li>\n<li>1 x 3-polo\u017eajno stikalo (1 trenutno + 2 trajni<\/li>\n<\/ul>\n<p>Nadzorna plo\u0161\u010da:<\/p>\n<ul>\n<li>5 x programabilnih LED<\/li>\n<li>Realisti\u010dni pritisk na gumbe in stikala<\/li>\n<li>15 akcijskih gumbov skupaj + 1 TRIM kolo:<\/li>\n<li>1 x TRIM kolo<\/li>\n<li>2 x gumbi<\/li>\n<li>5 x 2-polo\u017eajna stikala (2 stalni)<\/li>\n<li>2 x 3-polo\u017eajna stikala (1 trenutno + 2 stalni)<\/li>\n<li>2 x 3-polo\u017eajna stikala (3 stalna)<\/li>\n<\/ul>\n<p>Povezava USB z nadgradljivo vdelano programsko opremo.<\/p>\n<p>Kovinski naslon za roke s sistemom zaklepanja in nastavljivim trenjem za trdno, linearno napetost in napetost teko\u010dine brez mrtvih con.<\/p>\n<p>Realisti\u010dno zadr\u017eevanje v prostem teku in AFTERBURNER s sistemom &#8220;Pull &amp; Push&#8221;.<\/p>\n<p>H.E.A.R.T (tehnologija HallEffect AccuRate):<\/p>\n<p>&nbsp;<\/p>\n<ul>\n<li><span id=\"pastemarkerend74160\"><\/span>H.E.A.R.T (tehnologija HallEffect AccuRate) je sestavljena iz 3D magnetnih senzorjev na dveh du\u0161ilkah, ki vam zagotavljajo kirur\u0161ko natan\u010dnost, ki s \u010dasom ostane britka. Vsak plin ima 14-bitno lo\u010dljivost (16384 vrednosti).<\/li>\n<\/ul>\n","protected":false},"excerpt":{"rendered":"<p>Opis HOTAS Warthog Dual Throttles podjetja Thrustmaster je kopija du\u0161ilke A-10C ameri\u0161kega letalstva Air Force za uporabo s programsko opremo in igrami za simulacijo letenja v ra\u010dunalniku. Zdru\u017eljiv je z vsemi igralnimi palicami na trgu in igrami, ki podpirajo multi-USB in du\u0161ilke. HOTAS Warthog Dual Throttles je zasnovan z ve\u010d funkcijami strojne in programske opreme, [&hellip;]<\/p>\n","protected":false},"featured_media":4183,"comment_status":"open","ping_status":"closed","template":"","meta":[],"yoast_head":"<!-- This site is optimized with the Yoast SEO plugin v16.3 - https:\/\/yoast.com\/wordpress\/plugins\/seo\/ -->\n<title>Thrustmaster HOTAS WARTHOG DUAL THROTTLE PC verzija -<\/title>\n<meta name=\"robots\" content=\"index, follow, max-snippet:-1, max-image-preview:large, max-video-preview:-1\" \/>\n<link rel=\"canonical\" href=\"http:\/\/simracing.si\/sl_si\/izdelek\/thrustmaster-hotas-warthog-dual-throttle-pc-verzija\/\" \/>\n<meta property=\"og:locale\" content=\"sl_SI\" \/>\n<meta property=\"og:type\" content=\"article\" \/>\n<meta property=\"og:title\" content=\"Thrustmaster HOTAS WARTHOG DUAL THROTTLE PC verzija -\" \/>\n<meta property=\"og:description\" content=\"Opis HOTAS Warthog Dual Throttles podjetja Thrustmaster je kopija du\u0161ilke A-10C ameri\u0161kega letalstva Air Force za uporabo s programsko opremo in igrami za simulacijo letenja v ra\u010dunalniku. Zdru\u017eljiv je z vsemi igralnimi palicami na trgu in igrami, ki podpirajo multi-USB in du\u0161ilke. HOTAS Warthog Dual Throttles je zasnovan z ve\u010d funkcijami strojne in programske opreme, [&hellip;]\" \/>\n<meta property=\"og:url\" content=\"http:\/\/simracing.si\/sl_si\/izdelek\/thrustmaster-hotas-warthog-dual-throttle-pc-verzija\/\" \/>\n<meta property=\"article:modified_time\" content=\"2024-12-02T11:39:21+00:00\" \/>\n<meta property=\"og:image\" content=\"https:\/\/simracing.si\/wp-content\/uploads\/2023\/06\/th-hotas-warthog-pc.jpeg\" \/>\n\t<meta property=\"og:image:width\" content=\"550\" \/>\n\t<meta property=\"og:image:height\" content=\"550\" \/>\n<meta name=\"twitter:card\" content=\"summary_large_image\" \/>\n<meta name=\"twitter:label1\" content=\"Est. reading time\">\n\t<meta name=\"twitter:data1\" content=\"2 minuti\">\n<script type=\"application\/ld+json\" class=\"yoast-schema-graph\">{\"@context\":\"https:\/\/schema.org\",\"@graph\":[{\"@type\":\"WebSite\",\"@id\":\"https:\/\/simracing.si\/#website\",\"url\":\"https:\/\/simracing.si\/\",\"name\":\"\",\"description\":\"\",\"potentialAction\":[{\"@type\":\"SearchAction\",\"target\":\"https:\/\/simracing.si\/?s={search_term_string}\",\"query-input\":\"required name=search_term_string\"}],\"inLanguage\":\"sl-SI\"},{\"@type\":\"ImageObject\",\"@id\":\"https:\/\/simracing.si\/izdelek\/thrustmaster-hotas-warthog-dual-throttle-pc-verzija\/#primaryimage\",\"inLanguage\":\"sl-SI\",\"url\":\"https:\/\/simracing.si\/wp-content\/uploads\/2023\/06\/th-hotas-warthog-pc.jpeg\",\"contentUrl\":\"https:\/\/simracing.si\/wp-content\/uploads\/2023\/06\/th-hotas-warthog-pc.jpeg\",\"width\":550,\"height\":550},{\"@type\":\"WebPage\",\"@id\":\"https:\/\/simracing.si\/izdelek\/thrustmaster-hotas-warthog-dual-throttle-pc-verzija\/#webpage\",\"url\":\"https:\/\/simracing.si\/izdelek\/thrustmaster-hotas-warthog-dual-throttle-pc-verzija\/\",\"name\":\"Thrustmaster HOTAS WARTHOG DUAL THROTTLE PC verzija -\",\"isPartOf\":{\"@id\":\"https:\/\/simracing.si\/#website\"},\"primaryImageOfPage\":{\"@id\":\"https:\/\/simracing.si\/izdelek\/thrustmaster-hotas-warthog-dual-throttle-pc-verzija\/#primaryimage\"},\"datePublished\":\"2023-06-28T06:32:10+00:00\",\"dateModified\":\"2024-12-02T11:39:21+00:00\",\"breadcrumb\":{\"@id\":\"https:\/\/simracing.si\/izdelek\/thrustmaster-hotas-warthog-dual-throttle-pc-verzija\/#breadcrumb\"},\"inLanguage\":\"sl-SI\",\"potentialAction\":[{\"@type\":\"ReadAction\",\"target\":[\"https:\/\/simracing.si\/izdelek\/thrustmaster-hotas-warthog-dual-throttle-pc-verzija\/\"]}]},{\"@type\":\"BreadcrumbList\",\"@id\":\"https:\/\/simracing.si\/izdelek\/thrustmaster-hotas-warthog-dual-throttle-pc-verzija\/#breadcrumb\",\"itemListElement\":[{\"@type\":\"ListItem\",\"position\":1,\"item\":{\"@type\":\"WebPage\",\"@id\":\"https:\/\/simracing.si\/\",\"url\":\"https:\/\/simracing.si\/\",\"name\":\"Home\"}},{\"@type\":\"ListItem\",\"position\":2,\"item\":{\"@type\":\"WebPage\",\"@id\":\"https:\/\/simracing.si\/home\/product-category\/\",\"url\":\"https:\/\/simracing.si\/home\/product-category\/\",\"name\":\"Izdelki\"}},{\"@type\":\"ListItem\",\"position\":3,\"item\":{\"@id\":\"https:\/\/simracing.si\/izdelek\/thrustmaster-hotas-warthog-dual-throttle-pc-verzija\/#webpage\"}}]}]}<\/script>\n<!-- \/ Yoast SEO plugin. -->","_links":{"self":[{"href":"http:\/\/simracing.si\/sl_si\/wp-json\/wp\/v2\/product\/4182"}],"collection":[{"href":"http:\/\/simracing.si\/sl_si\/wp-json\/wp\/v2\/product"}],"about":[{"href":"http:\/\/simracing.si\/sl_si\/wp-json\/wp\/v2\/types\/product"}],"replies":[{"embeddable":true,"href":"http:\/\/simracing.si\/sl_si\/wp-json\/wp\/v2\/comments?post=4182"}],"version-history":[{"count":1,"href":"http:\/\/simracing.si\/sl_si\/wp-json\/wp\/v2\/product\/4182\/revisions"}],"predecessor-version":[{"id":4184,"href":"http:\/\/simracing.si\/sl_si\/wp-json\/wp\/v2\/product\/4182\/revisions\/4184"}],"wp:featuredmedia":[{"embeddable":true,"href":"http:\/\/simracing.si\/sl_si\/wp-json\/wp\/v2\/media\/4183"}],"wp:attachment":[{"href":"http:\/\/simracing.si\/sl_si\/wp-json\/wp\/v2\/media?parent=4182"}],"curies":[{"name":"wp","href":"https:\/\/api.w.org\/{rel}","templated":true}]}}