{"id":3382,"date":"2021-04-23T14:54:11","date_gmt":"2021-04-23T12:54:11","guid":{"rendered":"https:\/\/simracing.si\/?post_type=product&#038;p=3382"},"modified":"2021-04-23T14:54:11","modified_gmt":"2021-04-23T12:54:11","slug":"sparco-circuit-ii-qrt-sedez","status":"publish","type":"product","link":"http:\/\/simracing.si\/sl_si\/izdelek\/sparco-circuit-ii-qrt-sedez\/","title":{"rendered":"Sparco CIRCUIT II QRT sede\u017e"},"content":{"rendered":"<div id=\"short_description_block\">\n<div id=\"short_description_content\" class=\"rte align_justify\">\n<ul>\n<li>Nova\u00a0QRT tehnologija<\/li>\n<li>FIA STANDARD: 8855-1999<\/li>\n<li>Ve\u010dji in \u0161ir\u0161i<\/li>\n<\/ul>\n<\/div>\n<\/div>\n","protected":false},"excerpt":{"rendered":"<p>Nova\u00a0QRT tehnologija FIA STANDARD: 8855-1999 Ve\u010dji in \u0161ir\u0161i<\/p>\n","protected":false},"featured_media":3383,"comment_status":"open","ping_status":"closed","template":"","meta":[],"yoast_head":"<!-- This site is optimized with the Yoast SEO plugin v16.3 - https:\/\/yoast.com\/wordpress\/plugins\/seo\/ -->\n<title>Sparco CIRCUIT II QRT sede\u017e -<\/title>\n<meta name=\"robots\" content=\"index, follow, max-snippet:-1, max-image-preview:large, max-video-preview:-1\" \/>\n<link rel=\"canonical\" href=\"https:\/\/simracing.si\/sl_si\/izdelek\/sparco-circuit-ii-qrt-sedez\/\" \/>\n<meta property=\"og:locale\" content=\"sl_SI\" \/>\n<meta property=\"og:type\" content=\"article\" \/>\n<meta property=\"og:title\" content=\"Sparco CIRCUIT II QRT sede\u017e -\" \/>\n<meta property=\"og:description\" content=\"Nova\u00a0QRT tehnologija FIA STANDARD: 8855-1999 Ve\u010dji in \u0161ir\u0161i\" \/>\n<meta property=\"og:url\" content=\"https:\/\/simracing.si\/sl_si\/izdelek\/sparco-circuit-ii-qrt-sedez\/\" \/>\n<meta property=\"og:image\" content=\"https:\/\/simracing.si\/wp-content\/uploads\/2021\/04\/sparco-circuit-ii-qrt-sedez.png\" \/>\n\t<meta property=\"og:image:width\" content=\"250\" \/>\n\t<meta property=\"og:image:height\" content=\"250\" \/>\n<meta name=\"twitter:card\" content=\"summary_large_image\" \/>\n<script type=\"application\/ld+json\" class=\"yoast-schema-graph\">{\"@context\":\"https:\/\/schema.org\",\"@graph\":[{\"@type\":\"WebSite\",\"@id\":\"https:\/\/simracing.si\/#website\",\"url\":\"https:\/\/simracing.si\/\",\"name\":\"\",\"description\":\"\",\"potentialAction\":[{\"@type\":\"SearchAction\",\"target\":\"https:\/\/simracing.si\/?s={search_term_string}\",\"query-input\":\"required name=search_term_string\"}],\"inLanguage\":\"sl-SI\"},{\"@type\":\"ImageObject\",\"@id\":\"https:\/\/simracing.si\/sl_si\/izdelek\/sparco-circuit-ii-qrt-sedez\/#primaryimage\",\"inLanguage\":\"sl-SI\",\"url\":\"https:\/\/simracing.si\/wp-content\/uploads\/2021\/04\/sparco-circuit-ii-qrt-sedez.png\",\"contentUrl\":\"https:\/\/simracing.si\/wp-content\/uploads\/2021\/04\/sparco-circuit-ii-qrt-sedez.png\",\"width\":250,\"height\":250},{\"@type\":\"WebPage\",\"@id\":\"https:\/\/simracing.si\/sl_si\/izdelek\/sparco-circuit-ii-qrt-sedez\/#webpage\",\"url\":\"https:\/\/simracing.si\/sl_si\/izdelek\/sparco-circuit-ii-qrt-sedez\/\",\"name\":\"Sparco CIRCUIT II QRT sede\\u017e -\",\"isPartOf\":{\"@id\":\"https:\/\/simracing.si\/#website\"},\"primaryImageOfPage\":{\"@id\":\"https:\/\/simracing.si\/sl_si\/izdelek\/sparco-circuit-ii-qrt-sedez\/#primaryimage\"},\"datePublished\":\"2021-04-23T12:54:11+00:00\",\"dateModified\":\"2021-04-23T12:54:11+00:00\",\"breadcrumb\":{\"@id\":\"https:\/\/simracing.si\/sl_si\/izdelek\/sparco-circuit-ii-qrt-sedez\/#breadcrumb\"},\"inLanguage\":\"sl-SI\",\"potentialAction\":[{\"@type\":\"ReadAction\",\"target\":[\"https:\/\/simracing.si\/sl_si\/izdelek\/sparco-circuit-ii-qrt-sedez\/\"]}]},{\"@type\":\"BreadcrumbList\",\"@id\":\"https:\/\/simracing.si\/sl_si\/izdelek\/sparco-circuit-ii-qrt-sedez\/#breadcrumb\",\"itemListElement\":[{\"@type\":\"ListItem\",\"position\":1,\"item\":{\"@type\":\"WebPage\",\"@id\":\"https:\/\/simracing.si\/\",\"url\":\"https:\/\/simracing.si\/\",\"name\":\"Home\"}},{\"@type\":\"ListItem\",\"position\":2,\"item\":{\"@type\":\"WebPage\",\"@id\":\"https:\/\/simracing.si\/home\/product-category\/\",\"url\":\"https:\/\/simracing.si\/home\/product-category\/\",\"name\":\"Izdelki\"}},{\"@type\":\"ListItem\",\"position\":3,\"item\":{\"@id\":\"https:\/\/simracing.si\/sl_si\/izdelek\/sparco-circuit-ii-qrt-sedez\/#webpage\"}}]}]}<\/script>\n<!-- \/ Yoast SEO plugin. -->","_links":{"self":[{"href":"http:\/\/simracing.si\/sl_si\/wp-json\/wp\/v2\/product\/3382"}],"collection":[{"href":"http:\/\/simracing.si\/sl_si\/wp-json\/wp\/v2\/product"}],"about":[{"href":"http:\/\/simracing.si\/sl_si\/wp-json\/wp\/v2\/types\/product"}],"replies":[{"embeddable":true,"href":"http:\/\/simracing.si\/sl_si\/wp-json\/wp\/v2\/comments?post=3382"}],"version-history":[{"count":1,"href":"http:\/\/simracing.si\/sl_si\/wp-json\/wp\/v2\/product\/3382\/revisions"}],"predecessor-version":[{"id":3384,"href":"http:\/\/simracing.si\/sl_si\/wp-json\/wp\/v2\/product\/3382\/revisions\/3384"}],"wp:featuredmedia":[{"embeddable":true,"href":"http:\/\/simracing.si\/sl_si\/wp-json\/wp\/v2\/media\/3383"}],"wp:attachment":[{"href":"http:\/\/simracing.si\/sl_si\/wp-json\/wp\/v2\/media?parent=3382"}],"curies":[{"name":"wp","href":"https:\/\/api.w.org\/{rel}","templated":true}]}}