{"id":3312,"date":"2021-04-17T11:46:20","date_gmt":"2021-04-17T09:46:20","guid":{"rendered":"https:\/\/simracing.si\/?post_type=product&#038;p=3312"},"modified":"2021-04-17T11:46:20","modified_gmt":"2021-04-17T09:46:20","slug":"omp-trs-e-xs-sedez","status":"publish","type":"product","link":"http:\/\/simracing.si\/sl_si\/izdelek\/omp-trs-e-xs-sedez\/","title":{"rendered":"OMP TRS-E XS sede\u017e"},"content":{"rendered":"<div id=\"short_description_content\" class=\"rte align_justify\">\n<div id=\"short_description_content\" class=\"rte align_justify\">\n<div class=\"rte align_justify\">\n<ul>\n<li>FIA\u00a0<span class=\"skype_pnh_container\" dir=\"ltr\"><span class=\"skype_pnh_highlighting_inactive_common\" dir=\"ltr\"><span class=\"skype_pnh_text_span\">8855-1999<\/span><\/span>\u00a0<\/span><\/li>\n<li>Cevni jekleni okvir<\/li>\n<li>Pri\u010dvrstitev na 2 na\u010dina<\/li>\n<li>O\u017eji in manj\u0161i<\/li>\n<\/ul>\n<\/div>\n<\/div>\n<\/div>\n","protected":false},"excerpt":{"rendered":"<p>FIA\u00a08855-1999\u00a0 Cevni jekleni okvir Pri\u010dvrstitev na 2 na\u010dina O\u017eji in manj\u0161i<\/p>\n","protected":false},"featured_media":3313,"comment_status":"open","ping_status":"closed","template":"","meta":[],"yoast_head":"<!-- This site is optimized with the Yoast SEO plugin v16.3 - https:\/\/yoast.com\/wordpress\/plugins\/seo\/ -->\n<title>OMP TRS-E XS sede\u017e -<\/title>\n<meta name=\"robots\" content=\"index, follow, max-snippet:-1, max-image-preview:large, max-video-preview:-1\" \/>\n<link rel=\"canonical\" href=\"https:\/\/simracing.si\/sl_si\/izdelek\/omp-trs-e-xs-sedez\/\" \/>\n<meta property=\"og:locale\" content=\"sl_SI\" \/>\n<meta property=\"og:type\" content=\"article\" \/>\n<meta property=\"og:title\" content=\"OMP TRS-E XS sede\u017e -\" \/>\n<meta property=\"og:description\" content=\"FIA\u00a08855-1999\u00a0 Cevni jekleni okvir Pri\u010dvrstitev na 2 na\u010dina O\u017eji in manj\u0161i\" \/>\n<meta property=\"og:url\" content=\"https:\/\/simracing.si\/sl_si\/izdelek\/omp-trs-e-xs-sedez\/\" \/>\n<meta property=\"og:image\" content=\"https:\/\/simracing.si\/wp-content\/uploads\/2021\/04\/omp-trs-e-xs-sedez.jpg\" \/>\n\t<meta property=\"og:image:width\" content=\"264\" \/>\n\t<meta property=\"og:image:height\" content=\"264\" \/>\n<meta name=\"twitter:card\" content=\"summary_large_image\" \/>\n<script type=\"application\/ld+json\" class=\"yoast-schema-graph\">{\"@context\":\"https:\/\/schema.org\",\"@graph\":[{\"@type\":\"WebSite\",\"@id\":\"https:\/\/simracing.si\/#website\",\"url\":\"https:\/\/simracing.si\/\",\"name\":\"\",\"description\":\"\",\"potentialAction\":[{\"@type\":\"SearchAction\",\"target\":\"https:\/\/simracing.si\/?s={search_term_string}\",\"query-input\":\"required name=search_term_string\"}],\"inLanguage\":\"sl-SI\"},{\"@type\":\"ImageObject\",\"@id\":\"https:\/\/simracing.si\/sl_si\/izdelek\/omp-trs-e-xs-sedez\/#primaryimage\",\"inLanguage\":\"sl-SI\",\"url\":\"https:\/\/simracing.si\/wp-content\/uploads\/2021\/04\/omp-trs-e-xs-sedez.jpg\",\"contentUrl\":\"https:\/\/simracing.si\/wp-content\/uploads\/2021\/04\/omp-trs-e-xs-sedez.jpg\",\"width\":264,\"height\":264},{\"@type\":\"WebPage\",\"@id\":\"https:\/\/simracing.si\/sl_si\/izdelek\/omp-trs-e-xs-sedez\/#webpage\",\"url\":\"https:\/\/simracing.si\/sl_si\/izdelek\/omp-trs-e-xs-sedez\/\",\"name\":\"OMP TRS-E XS sede\\u017e -\",\"isPartOf\":{\"@id\":\"https:\/\/simracing.si\/#website\"},\"primaryImageOfPage\":{\"@id\":\"https:\/\/simracing.si\/sl_si\/izdelek\/omp-trs-e-xs-sedez\/#primaryimage\"},\"datePublished\":\"2021-04-17T09:46:20+00:00\",\"dateModified\":\"2021-04-17T09:46:20+00:00\",\"breadcrumb\":{\"@id\":\"https:\/\/simracing.si\/sl_si\/izdelek\/omp-trs-e-xs-sedez\/#breadcrumb\"},\"inLanguage\":\"sl-SI\",\"potentialAction\":[{\"@type\":\"ReadAction\",\"target\":[\"https:\/\/simracing.si\/sl_si\/izdelek\/omp-trs-e-xs-sedez\/\"]}]},{\"@type\":\"BreadcrumbList\",\"@id\":\"https:\/\/simracing.si\/sl_si\/izdelek\/omp-trs-e-xs-sedez\/#breadcrumb\",\"itemListElement\":[{\"@type\":\"ListItem\",\"position\":1,\"item\":{\"@type\":\"WebPage\",\"@id\":\"https:\/\/simracing.si\/\",\"url\":\"https:\/\/simracing.si\/\",\"name\":\"Home\"}},{\"@type\":\"ListItem\",\"position\":2,\"item\":{\"@type\":\"WebPage\",\"@id\":\"https:\/\/simracing.si\/home\/product-category\/\",\"url\":\"https:\/\/simracing.si\/home\/product-category\/\",\"name\":\"Izdelki\"}},{\"@type\":\"ListItem\",\"position\":3,\"item\":{\"@id\":\"https:\/\/simracing.si\/sl_si\/izdelek\/omp-trs-e-xs-sedez\/#webpage\"}}]}]}<\/script>\n<!-- \/ Yoast SEO plugin. -->","_links":{"self":[{"href":"http:\/\/simracing.si\/sl_si\/wp-json\/wp\/v2\/product\/3312"}],"collection":[{"href":"http:\/\/simracing.si\/sl_si\/wp-json\/wp\/v2\/product"}],"about":[{"href":"http:\/\/simracing.si\/sl_si\/wp-json\/wp\/v2\/types\/product"}],"replies":[{"embeddable":true,"href":"http:\/\/simracing.si\/sl_si\/wp-json\/wp\/v2\/comments?post=3312"}],"version-history":[{"count":1,"href":"http:\/\/simracing.si\/sl_si\/wp-json\/wp\/v2\/product\/3312\/revisions"}],"predecessor-version":[{"id":3314,"href":"http:\/\/simracing.si\/sl_si\/wp-json\/wp\/v2\/product\/3312\/revisions\/3314"}],"wp:featuredmedia":[{"embeddable":true,"href":"http:\/\/simracing.si\/sl_si\/wp-json\/wp\/v2\/media\/3313"}],"wp:attachment":[{"href":"http:\/\/simracing.si\/sl_si\/wp-json\/wp\/v2\/media?parent=3312"}],"curies":[{"name":"wp","href":"https:\/\/api.w.org\/{rel}","templated":true}]}}