{"id":3300,"date":"2021-04-17T11:38:55","date_gmt":"2021-04-17T09:38:55","guid":{"rendered":"https:\/\/simracing.si\/?post_type=product&#038;p=3300"},"modified":"2021-04-17T11:38:55","modified_gmt":"2021-04-17T09:38:55","slug":"sparco-sprint-sky-sedez","status":"publish","type":"product","link":"http:\/\/simracing.si\/sl_si\/izdelek\/sparco-sprint-sky-sedez\/","title":{"rendered":"Sparco SPRINT SKY sede\u017e"},"content":{"rendered":"<div id=\"short_description_block\">\n<div id=\"short_description_content\" class=\"rte align_justify\">\n<ul>\n<li>FAI 8855-1999<\/li>\n<li>Skaj oblazinjenje<\/li>\n<li>Ogrodje iz jeklenih cevi<\/li>\n<li>Stranske luknje za nosilce sede\u017ea<\/li>\n<li>Spodnje luknje za nosilce sede\u017ea<\/li>\n<li>Re\u017ea na sedi\u0161\u010du omogo\u010da pri\u010dvrstitev tudi 5 oz 6 to\u010dkovnih varnostih pasov<\/li>\n<li>Te\u017ea: 9.7 kg<\/li>\n<\/ul>\n<\/div>\n<\/div>\n","protected":false},"excerpt":{"rendered":"<p>FAI 8855-1999 Skaj oblazinjenje Ogrodje iz jeklenih cevi Stranske luknje za nosilce sede\u017ea Spodnje luknje za nosilce sede\u017ea Re\u017ea na sedi\u0161\u010du omogo\u010da pri\u010dvrstitev tudi 5 oz 6 to\u010dkovnih varnostih pasov Te\u017ea: 9.7 kg<\/p>\n","protected":false},"featured_media":3301,"comment_status":"open","ping_status":"closed","template":"","meta":[],"yoast_head":"<!-- This site is optimized with the Yoast SEO plugin v16.3 - https:\/\/yoast.com\/wordpress\/plugins\/seo\/ -->\n<title>Sparco SPRINT SKY sede\u017e -<\/title>\n<meta name=\"robots\" content=\"index, follow, max-snippet:-1, max-image-preview:large, max-video-preview:-1\" \/>\n<link rel=\"canonical\" href=\"https:\/\/simracing.si\/sl_si\/izdelek\/sparco-sprint-sky-sedez\/\" \/>\n<meta property=\"og:locale\" content=\"sl_SI\" \/>\n<meta property=\"og:type\" content=\"article\" \/>\n<meta property=\"og:title\" content=\"Sparco SPRINT SKY sede\u017e -\" \/>\n<meta property=\"og:description\" content=\"FAI 8855-1999 Skaj oblazinjenje Ogrodje iz jeklenih cevi Stranske luknje za nosilce sede\u017ea Spodnje luknje za nosilce sede\u017ea Re\u017ea na sedi\u0161\u010du omogo\u010da pri\u010dvrstitev tudi 5 oz 6 to\u010dkovnih varnostih pasov Te\u017ea: 9.7 kg\" \/>\n<meta property=\"og:url\" content=\"https:\/\/simracing.si\/sl_si\/izdelek\/sparco-sprint-sky-sedez\/\" \/>\n<meta property=\"og:image\" content=\"https:\/\/simracing.si\/wp-content\/uploads\/2021\/04\/sparco-sprint-sky-sedez.png\" \/>\n\t<meta property=\"og:image:width\" content=\"250\" \/>\n\t<meta property=\"og:image:height\" content=\"250\" \/>\n<meta name=\"twitter:card\" content=\"summary_large_image\" \/>\n<script type=\"application\/ld+json\" class=\"yoast-schema-graph\">{\"@context\":\"https:\/\/schema.org\",\"@graph\":[{\"@type\":\"WebSite\",\"@id\":\"https:\/\/simracing.si\/#website\",\"url\":\"https:\/\/simracing.si\/\",\"name\":\"\",\"description\":\"\",\"potentialAction\":[{\"@type\":\"SearchAction\",\"target\":\"https:\/\/simracing.si\/?s={search_term_string}\",\"query-input\":\"required name=search_term_string\"}],\"inLanguage\":\"sl-SI\"},{\"@type\":\"ImageObject\",\"@id\":\"https:\/\/simracing.si\/sl_si\/izdelek\/sparco-sprint-sky-sedez\/#primaryimage\",\"inLanguage\":\"sl-SI\",\"url\":\"https:\/\/simracing.si\/wp-content\/uploads\/2021\/04\/sparco-sprint-sky-sedez.png\",\"contentUrl\":\"https:\/\/simracing.si\/wp-content\/uploads\/2021\/04\/sparco-sprint-sky-sedez.png\",\"width\":250,\"height\":250},{\"@type\":\"WebPage\",\"@id\":\"https:\/\/simracing.si\/sl_si\/izdelek\/sparco-sprint-sky-sedez\/#webpage\",\"url\":\"https:\/\/simracing.si\/sl_si\/izdelek\/sparco-sprint-sky-sedez\/\",\"name\":\"Sparco SPRINT SKY sede\\u017e -\",\"isPartOf\":{\"@id\":\"https:\/\/simracing.si\/#website\"},\"primaryImageOfPage\":{\"@id\":\"https:\/\/simracing.si\/sl_si\/izdelek\/sparco-sprint-sky-sedez\/#primaryimage\"},\"datePublished\":\"2021-04-17T09:38:55+00:00\",\"dateModified\":\"2021-04-17T09:38:55+00:00\",\"breadcrumb\":{\"@id\":\"https:\/\/simracing.si\/sl_si\/izdelek\/sparco-sprint-sky-sedez\/#breadcrumb\"},\"inLanguage\":\"sl-SI\",\"potentialAction\":[{\"@type\":\"ReadAction\",\"target\":[\"https:\/\/simracing.si\/sl_si\/izdelek\/sparco-sprint-sky-sedez\/\"]}]},{\"@type\":\"BreadcrumbList\",\"@id\":\"https:\/\/simracing.si\/sl_si\/izdelek\/sparco-sprint-sky-sedez\/#breadcrumb\",\"itemListElement\":[{\"@type\":\"ListItem\",\"position\":1,\"item\":{\"@type\":\"WebPage\",\"@id\":\"https:\/\/simracing.si\/\",\"url\":\"https:\/\/simracing.si\/\",\"name\":\"Home\"}},{\"@type\":\"ListItem\",\"position\":2,\"item\":{\"@type\":\"WebPage\",\"@id\":\"https:\/\/simracing.si\/home\/product-category\/\",\"url\":\"https:\/\/simracing.si\/home\/product-category\/\",\"name\":\"Izdelki\"}},{\"@type\":\"ListItem\",\"position\":3,\"item\":{\"@id\":\"https:\/\/simracing.si\/sl_si\/izdelek\/sparco-sprint-sky-sedez\/#webpage\"}}]}]}<\/script>\n<!-- \/ Yoast SEO plugin. -->","_links":{"self":[{"href":"http:\/\/simracing.si\/sl_si\/wp-json\/wp\/v2\/product\/3300"}],"collection":[{"href":"http:\/\/simracing.si\/sl_si\/wp-json\/wp\/v2\/product"}],"about":[{"href":"http:\/\/simracing.si\/sl_si\/wp-json\/wp\/v2\/types\/product"}],"replies":[{"embeddable":true,"href":"http:\/\/simracing.si\/sl_si\/wp-json\/wp\/v2\/comments?post=3300"}],"version-history":[{"count":1,"href":"http:\/\/simracing.si\/sl_si\/wp-json\/wp\/v2\/product\/3300\/revisions"}],"predecessor-version":[{"id":3302,"href":"http:\/\/simracing.si\/sl_si\/wp-json\/wp\/v2\/product\/3300\/revisions\/3302"}],"wp:featuredmedia":[{"embeddable":true,"href":"http:\/\/simracing.si\/sl_si\/wp-json\/wp\/v2\/media\/3301"}],"wp:attachment":[{"href":"http:\/\/simracing.si\/sl_si\/wp-json\/wp\/v2\/media?parent=3300"}],"curies":[{"name":"wp","href":"https:\/\/api.w.org\/{rel}","templated":true}]}}