{"id":3253,"date":"2021-04-17T11:00:36","date_gmt":"2021-04-17T09:00:36","guid":{"rendered":"https:\/\/simracing.si\/?post_type=product&#038;p=3253"},"modified":"2021-04-17T11:00:36","modified_gmt":"2021-04-17T09:00:36","slug":"omp-wrc-r-sedez","status":"publish","type":"product","link":"http:\/\/simracing.si\/sl_si\/izdelek\/omp-wrc-r-sedez\/","title":{"rendered":"OMP WRC-R sede\u017e"},"content":{"rendered":"<p><span class=\"h5\">OMP WRC profesionalni tekmovalni sede\u017e:<\/span><\/p>\n<p>\u2022 Fiberglas ohi\u0161je<br \/>\n\u2022 Velike re\u017ee za varnostni pas, ki omogo\u010dajo namestive razli\u010dnih vi\u0161in.<br class=\"hps\" \/>\u2022 Snemljive blazine omogo\u010dajo maksimaleno udobje sedenja.<br \/>\n\u2022 Visoke<span id=\"result_box\" lang=\"sl\" xml:lang=\"sl\"> <span class=\"hps\">stranske<\/span> <span class=\"hps\">stranice<\/span> <span class=\"hps\">za<\/span> <span class=\"hps\">bo\u010dno oporo<\/span> <span class=\"hps\">nog<\/span>, ki zagotavlja <span class=\"hps\">ve\u010djo<\/span> <span class=\"hps\">za\u0161\u010dito.<\/span><\/span><br \/>\n\u2022 Zdru\u017eljiv s HANS\u00ae sistemom.<br \/>\n\u2022 Straska pri\u010dvrstitev tipa W.<\/p>\n<p>V celoti tapiciran iz visoko zra\u010dnega AIRTEX materijala.<span class=\"h5\"><br \/>\n<\/span><\/p>\n","protected":false},"excerpt":{"rendered":"<p>OMP WRC profesionalni tekmovalni sede\u017e: \u2022 Fiberglas ohi\u0161je \u2022 Velike re\u017ee za varnostni pas, ki omogo\u010dajo namestive razli\u010dnih vi\u0161in.\u2022 Snemljive blazine omogo\u010dajo maksimaleno udobje sedenja. \u2022 Visoke stranske stranice za bo\u010dno oporo nog, ki zagotavlja ve\u010djo za\u0161\u010dito. \u2022 Zdru\u017eljiv s HANS\u00ae sistemom. \u2022 Straska pri\u010dvrstitev tipa W. V celoti tapiciran iz visoko zra\u010dnega AIRTEX materijala.<\/p>\n","protected":false},"featured_media":3254,"comment_status":"open","ping_status":"closed","template":"","meta":[],"yoast_head":"<!-- This site is optimized with the Yoast SEO plugin v16.3 - https:\/\/yoast.com\/wordpress\/plugins\/seo\/ -->\n<title>OMP WRC-R sede\u017e -<\/title>\n<meta name=\"robots\" content=\"index, follow, max-snippet:-1, max-image-preview:large, max-video-preview:-1\" \/>\n<link rel=\"canonical\" href=\"https:\/\/simracing.si\/sl_si\/product\/omp-wrc-r-sedez\/\" \/>\n<meta property=\"og:locale\" content=\"sl_SI\" \/>\n<meta property=\"og:type\" content=\"article\" \/>\n<meta property=\"og:title\" content=\"OMP WRC-R sede\u017e -\" \/>\n<meta property=\"og:description\" content=\"OMP WRC profesionalni tekmovalni sede\u017e: \u2022 Fiberglas ohi\u0161je \u2022 Velike re\u017ee za varnostni pas, ki omogo\u010dajo namestive razli\u010dnih vi\u0161in.\u2022 Snemljive blazine omogo\u010dajo maksimaleno udobje sedenja. \u2022 Visoke stranske stranice za bo\u010dno oporo nog, ki zagotavlja ve\u010djo za\u0161\u010dito. \u2022 Zdru\u017eljiv s HANS\u00ae sistemom. \u2022 Straska pri\u010dvrstitev tipa W. V celoti tapiciran iz visoko zra\u010dnega AIRTEX materijala.\" \/>\n<meta property=\"og:url\" content=\"https:\/\/simracing.si\/sl_si\/product\/omp-wrc-r-sedez\/\" \/>\n<meta property=\"og:image\" content=\"https:\/\/simracing.si\/wp-content\/uploads\/2021\/04\/omp-wrc-r-sedez.jpg\" \/>\n\t<meta property=\"og:image:width\" content=\"264\" \/>\n\t<meta property=\"og:image:height\" content=\"264\" \/>\n<meta name=\"twitter:card\" content=\"summary_large_image\" \/>\n<script type=\"application\/ld+json\" class=\"yoast-schema-graph\">{\"@context\":\"https:\/\/schema.org\",\"@graph\":[{\"@type\":\"WebSite\",\"@id\":\"https:\/\/simracing.si\/#website\",\"url\":\"https:\/\/simracing.si\/\",\"name\":\"\",\"description\":\"\",\"potentialAction\":[{\"@type\":\"SearchAction\",\"target\":\"https:\/\/simracing.si\/?s={search_term_string}\",\"query-input\":\"required name=search_term_string\"}],\"inLanguage\":\"sl-SI\"},{\"@type\":\"ImageObject\",\"@id\":\"https:\/\/simracing.si\/en_us\/product\/omp-wrc-r-sedez\/#primaryimage\",\"inLanguage\":\"sl-SI\",\"url\":\"https:\/\/simracing.si\/wp-content\/uploads\/2021\/04\/omp-wrc-r-sedez.jpg\",\"contentUrl\":\"https:\/\/simracing.si\/wp-content\/uploads\/2021\/04\/omp-wrc-r-sedez.jpg\",\"width\":264,\"height\":264},{\"@type\":\"WebPage\",\"@id\":\"https:\/\/simracing.si\/en_us\/product\/omp-wrc-r-sedez\/#webpage\",\"url\":\"https:\/\/simracing.si\/en_us\/product\/omp-wrc-r-sedez\/\",\"name\":\"OMP WRC-R sede\\u017e -\",\"isPartOf\":{\"@id\":\"https:\/\/simracing.si\/#website\"},\"primaryImageOfPage\":{\"@id\":\"https:\/\/simracing.si\/en_us\/product\/omp-wrc-r-sedez\/#primaryimage\"},\"datePublished\":\"2021-04-17T09:00:36+00:00\",\"dateModified\":\"2021-04-17T09:00:36+00:00\",\"breadcrumb\":{\"@id\":\"https:\/\/simracing.si\/en_us\/product\/omp-wrc-r-sedez\/#breadcrumb\"},\"inLanguage\":\"sl-SI\",\"potentialAction\":[{\"@type\":\"ReadAction\",\"target\":[\"https:\/\/simracing.si\/en_us\/product\/omp-wrc-r-sedez\/\"]}]},{\"@type\":\"BreadcrumbList\",\"@id\":\"https:\/\/simracing.si\/en_us\/product\/omp-wrc-r-sedez\/#breadcrumb\",\"itemListElement\":[{\"@type\":\"ListItem\",\"position\":1,\"item\":{\"@type\":\"WebPage\",\"@id\":\"https:\/\/simracing.si\/\",\"url\":\"https:\/\/simracing.si\/\",\"name\":\"Home\"}},{\"@type\":\"ListItem\",\"position\":2,\"item\":{\"@type\":\"WebPage\",\"@id\":\"https:\/\/simracing.si\/home\/product-category\/\",\"url\":\"https:\/\/simracing.si\/home\/product-category\/\",\"name\":\"Izdelki\"}},{\"@type\":\"ListItem\",\"position\":3,\"item\":{\"@id\":\"https:\/\/simracing.si\/en_us\/product\/omp-wrc-r-sedez\/#webpage\"}}]}]}<\/script>\n<!-- \/ Yoast SEO plugin. -->","_links":{"self":[{"href":"http:\/\/simracing.si\/sl_si\/wp-json\/wp\/v2\/product\/3253"}],"collection":[{"href":"http:\/\/simracing.si\/sl_si\/wp-json\/wp\/v2\/product"}],"about":[{"href":"http:\/\/simracing.si\/sl_si\/wp-json\/wp\/v2\/types\/product"}],"replies":[{"embeddable":true,"href":"http:\/\/simracing.si\/sl_si\/wp-json\/wp\/v2\/comments?post=3253"}],"version-history":[{"count":1,"href":"http:\/\/simracing.si\/sl_si\/wp-json\/wp\/v2\/product\/3253\/revisions"}],"predecessor-version":[{"id":3255,"href":"http:\/\/simracing.si\/sl_si\/wp-json\/wp\/v2\/product\/3253\/revisions\/3255"}],"wp:featuredmedia":[{"embeddable":true,"href":"http:\/\/simracing.si\/sl_si\/wp-json\/wp\/v2\/media\/3254"}],"wp:attachment":[{"href":"http:\/\/simracing.si\/sl_si\/wp-json\/wp\/v2\/media?parent=3253"}],"curies":[{"name":"wp","href":"https:\/\/api.w.org\/{rel}","templated":true}]}}