{"id":3249,"date":"2021-04-17T10:57:37","date_gmt":"2021-04-17T08:57:37","guid":{"rendered":"https:\/\/simracing.si\/?post_type=product&#038;p=3249"},"modified":"2021-04-17T10:57:38","modified_gmt":"2021-04-17T08:57:38","slug":"omp-ars-r-sedez","status":"publish","type":"product","link":"http:\/\/simracing.si\/sl_si\/izdelek\/omp-ars-r-sedez\/","title":{"rendered":"OMP ARS-R sede\u017e"},"content":{"rendered":"<p><span class=\"h5\">OMP ARS-R profesionalni tekmovalni sede\u017e:<\/span><\/p>\n<p>\u2022 Fiberlas ohi\u0161je<br \/>\n\u2022 Velike re\u017ee za varnostni pas, ki omogo\u010dajo namestive razli\u010dnih vi\u0161in.<br class=\"hps\" \/>\u2022 Snemljive blazine omogo\u010dajo maksimaleno udobje sedenja.<br \/>\n\u2022 <span id=\"result_box\" lang=\"sl\" xml:lang=\"sl\"><span class=\"hps\">Srednja<\/span> <span class=\"hps\">vi\u0161ina<\/span> <span class=\"hps\">stranske<\/span> <span class=\"hps\">blazine<\/span> <span class=\"hps\">za<\/span> <span class=\"hps\">bo\u010dno oporo<\/span> <span class=\"hps\">nog<\/span>, ki zagotavlja <span class=\"hps\">ve\u010djo<\/span> <span class=\"hps\">za\u0161\u010dito.<\/span><\/span><br \/>\n\u2022 Zdru\u017eljiv s HANS\u00ae sistemom.<br \/>\n\u2022 Straska pri\u010dvrstitev tipa W.<\/p>\n<p>V celoti tapiciran iz visoko zra\u010dnega AIRTEX materijala.<span class=\"h5\"><br \/>\n<\/span><\/p>\n","protected":false},"excerpt":{"rendered":"<p>OMP ARS-R profesionalni tekmovalni sede\u017e: \u2022 Fiberlas ohi\u0161je \u2022 Velike re\u017ee za varnostni pas, ki omogo\u010dajo namestive razli\u010dnih vi\u0161in.\u2022 Snemljive blazine omogo\u010dajo maksimaleno udobje sedenja. \u2022 Srednja vi\u0161ina stranske blazine za bo\u010dno oporo nog, ki zagotavlja ve\u010djo za\u0161\u010dito. \u2022 Zdru\u017eljiv s HANS\u00ae sistemom. \u2022 Straska pri\u010dvrstitev tipa W. V celoti tapiciran iz visoko zra\u010dnega AIRTEX [&hellip;]<\/p>\n","protected":false},"featured_media":3251,"comment_status":"open","ping_status":"closed","template":"","meta":[],"yoast_head":"<!-- This site is optimized with the Yoast SEO plugin v16.3 - https:\/\/yoast.com\/wordpress\/plugins\/seo\/ -->\n<title>OMP ARS-R sede\u017e -<\/title>\n<meta name=\"robots\" content=\"index, follow, max-snippet:-1, max-image-preview:large, max-video-preview:-1\" \/>\n<link rel=\"canonical\" href=\"https:\/\/simracing.si\/sl_si\/izdelek\/omp-ars-r-sedez\/\" \/>\n<meta property=\"og:locale\" content=\"sl_SI\" \/>\n<meta property=\"og:type\" content=\"article\" \/>\n<meta property=\"og:title\" content=\"OMP ARS-R sede\u017e -\" \/>\n<meta property=\"og:description\" content=\"OMP ARS-R profesionalni tekmovalni sede\u017e: \u2022 Fiberlas ohi\u0161je \u2022 Velike re\u017ee za varnostni pas, ki omogo\u010dajo namestive razli\u010dnih vi\u0161in.\u2022 Snemljive blazine omogo\u010dajo maksimaleno udobje sedenja. \u2022 Srednja vi\u0161ina stranske blazine za bo\u010dno oporo nog, ki zagotavlja ve\u010djo za\u0161\u010dito. \u2022 Zdru\u017eljiv s HANS\u00ae sistemom. \u2022 Straska pri\u010dvrstitev tipa W. V celoti tapiciran iz visoko zra\u010dnega AIRTEX [&hellip;]\" \/>\n<meta property=\"og:url\" content=\"https:\/\/simracing.si\/sl_si\/izdelek\/omp-ars-r-sedez\/\" \/>\n<meta property=\"article:modified_time\" content=\"2021-04-17T08:57:38+00:00\" \/>\n<meta property=\"og:image\" content=\"https:\/\/simracing.si\/wp-content\/uploads\/2021\/04\/omp-ars-r-sedez.jpg\" \/>\n\t<meta property=\"og:image:width\" content=\"264\" \/>\n\t<meta property=\"og:image:height\" content=\"264\" \/>\n<meta name=\"twitter:card\" content=\"summary_large_image\" \/>\n<script type=\"application\/ld+json\" class=\"yoast-schema-graph\">{\"@context\":\"https:\/\/schema.org\",\"@graph\":[{\"@type\":\"WebSite\",\"@id\":\"https:\/\/simracing.si\/#website\",\"url\":\"https:\/\/simracing.si\/\",\"name\":\"\",\"description\":\"\",\"potentialAction\":[{\"@type\":\"SearchAction\",\"target\":\"https:\/\/simracing.si\/?s={search_term_string}\",\"query-input\":\"required name=search_term_string\"}],\"inLanguage\":\"sl-SI\"},{\"@type\":\"ImageObject\",\"@id\":\"https:\/\/simracing.si\/sl_si\/izdelek\/omp-ars-r-sedez\/#primaryimage\",\"inLanguage\":\"sl-SI\",\"url\":\"https:\/\/simracing.si\/wp-content\/uploads\/2021\/04\/omp-ars-r-sedez.jpg\",\"contentUrl\":\"https:\/\/simracing.si\/wp-content\/uploads\/2021\/04\/omp-ars-r-sedez.jpg\",\"width\":264,\"height\":264},{\"@type\":\"WebPage\",\"@id\":\"https:\/\/simracing.si\/sl_si\/izdelek\/omp-ars-r-sedez\/#webpage\",\"url\":\"https:\/\/simracing.si\/sl_si\/izdelek\/omp-ars-r-sedez\/\",\"name\":\"OMP ARS-R sede\\u017e -\",\"isPartOf\":{\"@id\":\"https:\/\/simracing.si\/#website\"},\"primaryImageOfPage\":{\"@id\":\"https:\/\/simracing.si\/sl_si\/izdelek\/omp-ars-r-sedez\/#primaryimage\"},\"datePublished\":\"2021-04-17T08:57:37+00:00\",\"dateModified\":\"2021-04-17T08:57:38+00:00\",\"breadcrumb\":{\"@id\":\"https:\/\/simracing.si\/sl_si\/izdelek\/omp-ars-r-sedez\/#breadcrumb\"},\"inLanguage\":\"sl-SI\",\"potentialAction\":[{\"@type\":\"ReadAction\",\"target\":[\"https:\/\/simracing.si\/sl_si\/izdelek\/omp-ars-r-sedez\/\"]}]},{\"@type\":\"BreadcrumbList\",\"@id\":\"https:\/\/simracing.si\/sl_si\/izdelek\/omp-ars-r-sedez\/#breadcrumb\",\"itemListElement\":[{\"@type\":\"ListItem\",\"position\":1,\"item\":{\"@type\":\"WebPage\",\"@id\":\"https:\/\/simracing.si\/\",\"url\":\"https:\/\/simracing.si\/\",\"name\":\"Home\"}},{\"@type\":\"ListItem\",\"position\":2,\"item\":{\"@type\":\"WebPage\",\"@id\":\"https:\/\/simracing.si\/home\/product-category\/\",\"url\":\"https:\/\/simracing.si\/home\/product-category\/\",\"name\":\"Izdelki\"}},{\"@type\":\"ListItem\",\"position\":3,\"item\":{\"@id\":\"https:\/\/simracing.si\/sl_si\/izdelek\/omp-ars-r-sedez\/#webpage\"}}]}]}<\/script>\n<!-- \/ Yoast SEO plugin. -->","_links":{"self":[{"href":"http:\/\/simracing.si\/sl_si\/wp-json\/wp\/v2\/product\/3249"}],"collection":[{"href":"http:\/\/simracing.si\/sl_si\/wp-json\/wp\/v2\/product"}],"about":[{"href":"http:\/\/simracing.si\/sl_si\/wp-json\/wp\/v2\/types\/product"}],"replies":[{"embeddable":true,"href":"http:\/\/simracing.si\/sl_si\/wp-json\/wp\/v2\/comments?post=3249"}],"version-history":[{"count":2,"href":"http:\/\/simracing.si\/sl_si\/wp-json\/wp\/v2\/product\/3249\/revisions"}],"predecessor-version":[{"id":3252,"href":"http:\/\/simracing.si\/sl_si\/wp-json\/wp\/v2\/product\/3249\/revisions\/3252"}],"wp:featuredmedia":[{"embeddable":true,"href":"http:\/\/simracing.si\/sl_si\/wp-json\/wp\/v2\/media\/3251"}],"wp:attachment":[{"href":"http:\/\/simracing.si\/sl_si\/wp-json\/wp\/v2\/media?parent=3249"}],"curies":[{"name":"wp","href":"https:\/\/api.w.org\/{rel}","templated":true}]}}