{"id":2585,"date":"2021-03-08T15:14:29","date_gmt":"2021-03-08T13:14:29","guid":{"rendered":"https:\/\/simracing.si\/?post_type=product&#038;p=2585"},"modified":"2021-06-07T11:53:22","modified_gmt":"2021-06-07T09:53:22","slug":"rs1-white-white","status":"publish","type":"product","link":"http:\/\/simracing.si\/sl_si\/izdelek\/rs1-white-white\/","title":{"rendered":"Dirkalni stol RS1 Bel sede\u017e\/belo ogrodje"},"content":{"rendered":"<p>RS1 je pridobil zaupanje na tiso\u010de zadovoljnih kupcev in Simracerjev po vsem svetu, je simulator modularne zasnove, narejen iz lasersko rezanega ogljikovega jekla in cnc upognjenih cevmi, ki zagotavljajo izjemno togost in trdnost. Simulator RS1 boste lahko nadgradili in izdelali vse od osnovne plo\u0161\u010dadi do Full motion. RS1 Basic ima prilo\u017een nosilec za menjalnik in drsnike sede\u017eev.<\/p>\n<p>Na voljo so naslednji dodatki: nosilec Buttkicker, nosilec za tabli\u010dne ra\u010dunalnike \/ gumbe, pladenj za tipkovnico in mi\u0161ko, nosilec za zvo\u010dnike (podpora za Logitech\u00ae Z906) sistem Full Motion s 3 in 4 pogoni, enojna ali trojna stojala za TV do 3 \u00d7 47 palcev.<\/p>\n<p>&nbsp;<\/p>\n<p><strong>Specifikacije:<\/strong><\/p>\n<ul>\n<li>Podpora za PC, PS3, PS4, PS5, XBOX 360, XBOX One, XBOX Series X | S<\/li>\n<li>Primeren za uporabnike od 127 cm (4\u20192 \u2033) do 200 cm +<\/li>\n<li>Polozicija sedenja: Rally \/ GT<\/li>\n<li>Velikost podlage: D \/ \u0160 \/ V 1300-1480 mm. x 688 mm. x 1100 mm.<\/li>\n<li>Komatibilni volani- Thrustmaster TS-PC RACER Ferrari 488 Challenge Edition, TS-XW Racer Sparco P310 Competition Mod, T80 Ferrari 488 GTB Edition, T-GT, T150 PRO ForceFeedback, TS-PC Racer, T300 RS GT Edition, T150 Force Feedback, T300 Ferrari Integral Racing Wheel Alcantara, TX Racing Wheel Servo Base, T300 Racing Wheel Servo Base, TX Racing Wheel Servo Base, T500RS, T300RS, T80 Racing Wheel, T300 Ferrari GTE Wheel, Ferrari 458 Spider, TX Racing Wheel Ferrari 458 Italia &#8211; Fanatec ClubSport Medosna razdalja Servo V1, V2, V2.5, CSL Elite Wheel Base, Porsche 911 GT2 Wheel, Porsche 911 GT3 RS V2 Wheel, Forza Motorsport CSR Wheel &#8211; Logitech G29, G920, G27, G25 &#8211; Fanatec Podium Wheel Base DD1, Fanatec Podium Wheel Base DD2 in ve\u010d ..<\/li>\n<li>Kompatibilni pedali &#8211; Thrustmaster T500RS (F1 \/ GT), T300RS, T80, T300 Ferrari GTE, Ferrari 458 Spider, T3PA-PRO (F1 \/ GT), T3PA, TX Racing Wheel &#8211; Fanatec ClubSport Pedals V1 \/ V2 \/ V3, CSR Elite Pedals CSR Elite Pedali obrnjeni, CSR Pedali, CSL Elite Pedali LC &#8211; Logitech G29 Pedali, G920 Pedali, G27 Pedali, G25 Pedali &#8211; Heusinkveld Sim Pedals Pro in \u0161e ve\u010d ..<\/li>\n<li>Kompatibilni menjalniki &#8211; Thrustmaster TH8RS, TH8A dodatki &#8211; Fanatec ClubSport Shifter SQ (vse razli\u010dice), ClubSport Shifter &#8211; Logitech G29 Shifter, G920 Shift, G27 Shift, G25 Shift &#8211; DSD Shifter in \u0161e ve\u010d ..<\/li>\n<li>Ostali kompatibilni dodatki: Buttkicker \u2122 Gamer 2, Pearl \u2122 THMP1, ButtKicker \u2122 Simulacijski komplet, Earthquakesound\u00ae ShellShoxx in drugi .. (potrebujete komplet za nadgradnjo Buttkicker. Glejte spodaj)<\/li>\n<li>Vklu\u010deno je vse orodje in vijaki potrebni za pritrditev va\u0161ega volana, menjalnika in pedal, kot tudi natan\u010dna navodila za monta\u017eo<\/li>\n<li>Dve leti garancije na vse sestavne dele RSeat, vklju\u010dno s podvozjem in sede\u017eem<\/li>\n<li>100% narejeno v EU: zasnovano in izdelano v Evropi<\/li>\n<\/ul>\n<p><strong>Sede\u017e:<\/strong><\/p>\n<ul>\n<li>\u0160koljka sede\u017ea je izdelana iz kompozitnih materialov in zaklju\u010dena v sijajni \u010drni barvi.<\/li>\n<li>Usnje je na voljo v treh barvnih mo\u017enostih (bela, \u010drna in rde\u010da)<\/li>\n<li>Omgo\u010den nagib celotnega sede\u017ea za \u00b1 4 \u00b0<\/li>\n<li>Drsniki sede\u017ea omogo\u010dajo nastavitev naprej nazaj \u00b1 90 mm<\/li>\n<li>Zelo odporen proti obrabi, primeren za dirkalne centre.<\/li>\n<\/ul>\n<p><strong>Ogrodje:<\/strong><\/p>\n<ul>\n<li>Izdelano iz lasersko rezanega ogljikovega jekla in cnc upognjenih okroglih cevi.<\/li>\n<li>Na voljo v dveh barvnih mo\u017enostih (\u010drna mat ali bela mat barva v prahu).<\/li>\n<li>Podlaga na tleh s 4 nastavljivimi nogami (vsaka s premerom 37 mm).<\/li>\n<li>Skupna vi\u0161ina (s sede\u017eem): 1100 mm<\/li>\n<li>Skupna \u0161irina: zadaj: 688 mm<\/li>\n<li>Dol\u017eina: 1300 &#8211; 1480 mm.<\/li>\n<li>\u0160irina pedala 350 mm.<\/li>\n<li>Plo\u0161\u010da pedala se prilagodi od povsem ravno do 60 \u00b0<\/li>\n<li>Plo\u0161\u010da za pritrditev volana omogo\u010da nastavitev vi\u0161ine volana \u00b1 8 cm<\/li>\n<li>Drsenje pedal naprej nazaj \u00b1 90 mm<\/li>\n<li>Neto te\u017ea: 42 kg<\/li>\n<li>Bruto te\u017ea 50 kg (z embala\u017eo)<\/li>\n<li>Dimenzije \u0161katle D \/ \u0160 \/ V 118 cm x 67 cm x 62 cm<\/li>\n<\/ul>\n","protected":false},"excerpt":{"rendered":"<p>RS1 je pridobil zaupanje na tiso\u010de zadovoljnih kupcev in Simracerjev po vsem svetu, je simulator modularne zasnove, narejen iz lasersko rezanega ogljikovega jekla in cnc upognjenih cevmi, ki zagotavljajo izjemno togost in trdnost. Simulator RS1 boste lahko nadgradili in izdelali vse od osnovne plo\u0161\u010dadi do Full motion. RS1 Basic ima prilo\u017een nosilec za menjalnik in [&hellip;]<\/p>\n","protected":false},"featured_media":2586,"comment_status":"open","ping_status":"closed","template":"","meta":[],"yoast_head":"<!-- This site is optimized with the Yoast SEO plugin v16.3 - https:\/\/yoast.com\/wordpress\/plugins\/seo\/ -->\n<title>Dirkalni stol RS1 Bel sede\u017e\/belo ogrodje -<\/title>\n<meta name=\"robots\" content=\"index, follow, max-snippet:-1, max-image-preview:large, max-video-preview:-1\" \/>\n<link rel=\"canonical\" href=\"http:\/\/simracing.si\/sl_si\/izdelek\/rs1-white-white\/\" \/>\n<meta property=\"og:locale\" content=\"sl_SI\" \/>\n<meta property=\"og:type\" content=\"article\" \/>\n<meta property=\"og:title\" content=\"Dirkalni stol RS1 Bel sede\u017e\/belo ogrodje -\" \/>\n<meta property=\"og:description\" content=\"RS1 je pridobil zaupanje na tiso\u010de zadovoljnih kupcev in Simracerjev po vsem svetu, je simulator modularne zasnove, narejen iz lasersko rezanega ogljikovega jekla in cnc upognjenih cevmi, ki zagotavljajo izjemno togost in trdnost. Simulator RS1 boste lahko nadgradili in izdelali vse od osnovne plo\u0161\u010dadi do Full motion. RS1 Basic ima prilo\u017een nosilec za menjalnik in [&hellip;]\" \/>\n<meta property=\"og:url\" content=\"http:\/\/simracing.si\/sl_si\/izdelek\/rs1-white-white\/\" \/>\n<meta property=\"article:modified_time\" content=\"2021-06-07T09:53:22+00:00\" \/>\n<meta property=\"og:image\" content=\"https:\/\/simracing.si\/wp-content\/uploads\/2021\/03\/rseat-rs1-white-white-01-1200x1200-1.jpg\" \/>\n\t<meta property=\"og:image:width\" content=\"1200\" \/>\n\t<meta property=\"og:image:height\" content=\"1200\" \/>\n<meta name=\"twitter:card\" content=\"summary_large_image\" \/>\n<meta name=\"twitter:label1\" content=\"Est. reading time\">\n\t<meta name=\"twitter:data1\" content=\"3 minute\">\n<script type=\"application\/ld+json\" class=\"yoast-schema-graph\">{\"@context\":\"https:\/\/schema.org\",\"@graph\":[{\"@type\":\"WebSite\",\"@id\":\"https:\/\/simracing.si\/#website\",\"url\":\"https:\/\/simracing.si\/\",\"name\":\"\",\"description\":\"\",\"potentialAction\":[{\"@type\":\"SearchAction\",\"target\":\"https:\/\/simracing.si\/?s={search_term_string}\",\"query-input\":\"required name=search_term_string\"}],\"inLanguage\":\"sl-SI\"},{\"@type\":\"ImageObject\",\"@id\":\"https:\/\/simracing.si\/izdelek\/rs1-white-white\/#primaryimage\",\"inLanguage\":\"sl-SI\",\"url\":\"https:\/\/simracing.si\/wp-content\/uploads\/2021\/03\/rseat-rs1-white-white-01-1200x1200-1.jpg\",\"contentUrl\":\"https:\/\/simracing.si\/wp-content\/uploads\/2021\/03\/rseat-rs1-white-white-01-1200x1200-1.jpg\",\"width\":1200,\"height\":1200},{\"@type\":\"WebPage\",\"@id\":\"https:\/\/simracing.si\/izdelek\/rs1-white-white\/#webpage\",\"url\":\"https:\/\/simracing.si\/izdelek\/rs1-white-white\/\",\"name\":\"Dirkalni stol RS1 Bel sede\\u017e\/belo ogrodje -\",\"isPartOf\":{\"@id\":\"https:\/\/simracing.si\/#website\"},\"primaryImageOfPage\":{\"@id\":\"https:\/\/simracing.si\/izdelek\/rs1-white-white\/#primaryimage\"},\"datePublished\":\"2021-03-08T13:14:29+00:00\",\"dateModified\":\"2021-06-07T09:53:22+00:00\",\"breadcrumb\":{\"@id\":\"https:\/\/simracing.si\/izdelek\/rs1-white-white\/#breadcrumb\"},\"inLanguage\":\"sl-SI\",\"potentialAction\":[{\"@type\":\"ReadAction\",\"target\":[\"https:\/\/simracing.si\/izdelek\/rs1-white-white\/\"]}]},{\"@type\":\"BreadcrumbList\",\"@id\":\"https:\/\/simracing.si\/izdelek\/rs1-white-white\/#breadcrumb\",\"itemListElement\":[{\"@type\":\"ListItem\",\"position\":1,\"item\":{\"@type\":\"WebPage\",\"@id\":\"https:\/\/simracing.si\/\",\"url\":\"https:\/\/simracing.si\/\",\"name\":\"Home\"}},{\"@type\":\"ListItem\",\"position\":2,\"item\":{\"@type\":\"WebPage\",\"@id\":\"https:\/\/simracing.si\/home\/product-category\/\",\"url\":\"https:\/\/simracing.si\/home\/product-category\/\",\"name\":\"Izdelki\"}},{\"@type\":\"ListItem\",\"position\":3,\"item\":{\"@id\":\"https:\/\/simracing.si\/izdelek\/rs1-white-white\/#webpage\"}}]}]}<\/script>\n<!-- \/ Yoast SEO plugin. -->","_links":{"self":[{"href":"http:\/\/simracing.si\/sl_si\/wp-json\/wp\/v2\/product\/2585"}],"collection":[{"href":"http:\/\/simracing.si\/sl_si\/wp-json\/wp\/v2\/product"}],"about":[{"href":"http:\/\/simracing.si\/sl_si\/wp-json\/wp\/v2\/types\/product"}],"replies":[{"embeddable":true,"href":"http:\/\/simracing.si\/sl_si\/wp-json\/wp\/v2\/comments?post=2585"}],"version-history":[{"count":3,"href":"http:\/\/simracing.si\/sl_si\/wp-json\/wp\/v2\/product\/2585\/revisions"}],"predecessor-version":[{"id":3871,"href":"http:\/\/simracing.si\/sl_si\/wp-json\/wp\/v2\/product\/2585\/revisions\/3871"}],"wp:featuredmedia":[{"embeddable":true,"href":"http:\/\/simracing.si\/sl_si\/wp-json\/wp\/v2\/media\/2586"}],"wp:attachment":[{"href":"http:\/\/simracing.si\/sl_si\/wp-json\/wp\/v2\/media?parent=2585"}],"curies":[{"name":"wp","href":"https:\/\/api.w.org\/{rel}","templated":true}]}}