{"id":2033,"date":"2020-04-30T18:28:56","date_gmt":"2020-04-30T17:28:56","guid":{"rendered":"https:\/\/simracing.si\/product\/igralni-stol-playseat-l33t-blue\/"},"modified":"2020-05-03T12:02:42","modified_gmt":"2020-05-03T11:02:42","slug":"igralni-stol-playseat-l33t-blue","status":"publish","type":"product","link":"http:\/\/simracing.si\/sl_si\/izdelek\/igralni-stol-playseat-l33t-blue\/","title":{"rendered":"IGRALNI STOL PLAYSEAT L33T BLUE"},"content":{"rendered":"<ul class=\"tabs_control ui-tabs-nav ui-helper-reset ui-helper-clearfix ui-widget-header ui-corner-all\" style=\"margin-right: 0px; margin-bottom: 20px; margin-left: 0px; padding: 0px; list-style: none; overflow: visible; display: inline-block; width: 880px; background-color: rgb(244, 244, 244); border: 1px solid rgb(206, 206, 206); box-shadow: rgb(255, 255, 255) 0px 1px 0px 0px inset; color: rgb(80, 80, 80); font-family: Roboto, Arial, Helvetica, sans-serif; font-size: 12px;\">\n<li class=\"ui-tabs-selected ui-state-default ui-corner-top\" style=\"margin: -1px; padding: 0px; list-style: none; float: left; position: relative; background-color: rgb(70, 176, 141); border-bottom: 0px !important;\">\n<h2 style=\"margin-right: 0px; margin-bottom: 0px; margin-left: 0px; padding: 0px; font-variant-numeric: normal; font-variant-east-asian: normal; font-stretch: normal; font-size: 12px; line-height: 1.35; font-family: Roboto, Arial, Helvetica, sans-serif;\"><a href=\"http:\/\/legacy.colby.si\/igralni-stol-playseat-l33t-blue-pid40046#box_collateral_0_0\" style=\"margin: 0px; padding: 15px 31px; color: rgb(255, 255, 255); float: left; cursor: default; font-variant-numeric: normal; font-variant-east-asian: normal; font-stretch: normal; font-size: 24px; line-height: 1.25; display: block;\">Opis izdelka<\/a><\/h2>\n<\/li>\n<li class=\"ui-state-default ui-corner-top\" style=\"margin: 0px; padding: 0px; list-style: none; float: left; position: relative; border-bottom: 0px !important;\">\n<h2 style=\"margin-right: 0px; margin-bottom: 0px; margin-left: 0px; padding: 0px; font-variant-numeric: normal; font-variant-east-asian: normal; font-stretch: normal; font-size: 12px; line-height: 1.35; font-family: Roboto, Arial, Helvetica, sans-serif;\"><a href=\"http:\/\/legacy.colby.si\/igralni-stol-playseat-l33t-blue-pid40046#box_collateral_0_1\" style=\"margin: 0px; padding: 14px 30px; color: rgb(27, 27, 32); float: left; cursor: pointer; font-variant-numeric: normal; font-variant-east-asian: normal; font-stretch: normal; font-size: 24px; line-height: 1.25; display: block;\">Mediji<\/a><\/h2>\n<\/li>\n<\/ul>\n<div class=\"details_tab product-collateral tab_content\" style=\"margin: 10px 0px 0px; padding: 0px; float: left; width: 880px; color: rgb(80, 80, 80); font-family: Roboto, Arial, Helvetica, sans-serif; font-size: 12px; background-color: rgb(236, 236, 236);\">\n<div class=\"box-collateral box-description tab-item content_box_collateral_0_0\" style=\"margin: 0px 0px 30px; padding: 20px 0px 0px; font-variant-numeric: normal; font-variant-east-asian: normal; font-stretch: normal; line-height: 1.35; clear: both; border: none;\">\n<div class=\"std\" style=\"margin: 0px; padding: 0px;\">Ne bodi noob, igraj kot PRO!<br style=\"margin: 0px; padding: 0px;\"><br style=\"margin: 0px; padding: 0px;\">Najbolj\u0161i igralni stol je tukaj: Playseat\u00ae L33T! Za tiste, ki si \u017eelijo najbolj\u0161e, najbolj udobne in zabavne igralne izku\u0161nje, Playseat\u00ae predstavlja Playseat\u00ae L33T. Ni pomembno, katero igro igrate in ni pomembno, \u010de uporabljate Xbox, PlayStation ali PC: to je elitni igralni stol, ki ga potrebujete! Playseat\u00ae L33T je resni\u010dno prilagojen igralcu, z edinstveno kakovostjo vseh izdelkov Playseat\u00ae. Zahvaljujo\u010d popolni me\u0161ani peni so blazine dovolj mehke za ure igranja, vendar dovolj mo\u010dne, da imajo dolgo \u017eivljensko dobo<br style=\"margin: 0px; padding: 0px;\"><br style=\"margin: 0px; padding: 0px;\">. Edinstveno, patentirano podno\u017eje stola Playseat\u00ae L33T ima izjemno velika kolesa za gladko premikanje in robusten rob za naslon stopal, kar vam daje dodatno udobje! Elegantno premikanje naslonjala naprej in nazaj, omogo\u010da potrebno gibanje v igralnem polo\u017eaju. Zelo visok, popolnoma nastavljiv naslon za roke, ki se premika navzgor \/ navzdol, naprej \/ nazaj in levo \/ desno, zagotavlja, da boste vedno na\u0161li \u017eelen igralni polo\u017eaj. To je stol za tiste, ki \u017eelijo igrati ure in ure, na najbolj\u0161i mo\u017een na\u010din! Lastnosti: Prilagojen igralcu! Polnilo iz popolna me\u0161ane pene Patentirana in edinstvena lahka kovinska noga Trden rob kot opora za stopala Zelo visok, popolnoma nastavljiv naslon za roke<br style=\"margin: 0px; padding: 0px;\"><br style=\"margin: 0px; padding: 0px;\">Specifikacije:<br style=\"margin: 0px; padding: 0px;\">Dimenzije izdelka (Vx\u0160xL): 70x67x140 cm<br style=\"margin: 0px; padding: 0px;\">Dimenzije embala\u017ee (Vx\u0160xL): 80x58x35 cm<br style=\"margin: 0px; padding: 0px;\">Te\u017ea: 29 kg<br style=\"margin: 0px; padding: 0px;\">Te\u017ea vklju\u010dno z embala\u017eo: 31 kg<br style=\"margin: 0px; padding: 0px;\">Material prevleke: Umetno usnje<\/div>\n<\/div>\n<\/div>\n","protected":false},"excerpt":{"rendered":"<p>IGRALNI STOL PLAYSEAT L33T BLUE<\/p>\n","protected":false},"featured_media":2212,"comment_status":"closed","ping_status":"open","template":"","meta":[],"yoast_head":"<!-- This site is optimized with the Yoast SEO plugin v16.3 - https:\/\/yoast.com\/wordpress\/plugins\/seo\/ -->\n<title>IGRALNI STOL PLAYSEAT L33T BLUE -<\/title>\n<meta name=\"robots\" content=\"index, follow, max-snippet:-1, max-image-preview:large, max-video-preview:-1\" \/>\n<link rel=\"canonical\" href=\"http:\/\/simracing.si\/sl_si\/product\/igralni-stol-playseat-l33t-blue\/\" \/>\n<meta property=\"og:locale\" content=\"sl_SI\" \/>\n<meta property=\"og:type\" content=\"article\" \/>\n<meta property=\"og:title\" content=\"IGRALNI STOL PLAYSEAT L33T BLUE -\" \/>\n<meta property=\"og:description\" content=\"IGRALNI STOL PLAYSEAT L33T BLUE\" \/>\n<meta property=\"og:url\" content=\"http:\/\/simracing.si\/sl_si\/product\/igralni-stol-playseat-l33t-blue\/\" \/>\n<meta property=\"article:modified_time\" content=\"2020-05-03T11:02:42+00:00\" \/>\n<meta property=\"og:image\" content=\"https:\/\/simracing.si\/wp-content\/uploads\/2020\/04\/playseat-l33t-blue.png\" \/>\n\t<meta property=\"og:image:width\" content=\"660\" \/>\n\t<meta property=\"og:image:height\" content=\"600\" \/>\n<meta name=\"twitter:card\" content=\"summary_large_image\" \/>\n<meta name=\"twitter:label1\" content=\"Est. reading time\">\n\t<meta name=\"twitter:data1\" content=\"1 minuta\">\n<script type=\"application\/ld+json\" class=\"yoast-schema-graph\">{\"@context\":\"https:\/\/schema.org\",\"@graph\":[{\"@type\":\"WebSite\",\"@id\":\"https:\/\/simracing.si\/#website\",\"url\":\"https:\/\/simracing.si\/\",\"name\":\"\",\"description\":\"\",\"potentialAction\":[{\"@type\":\"SearchAction\",\"target\":\"https:\/\/simracing.si\/?s={search_term_string}\",\"query-input\":\"required name=search_term_string\"}],\"inLanguage\":\"sl-SI\"},{\"@type\":\"ImageObject\",\"@id\":\"http:\/\/simracing.si\/en_us\/product\/igralni-stol-playseat-l33t-blue\/#primaryimage\",\"inLanguage\":\"sl-SI\",\"url\":\"https:\/\/simracing.si\/wp-content\/uploads\/2020\/04\/playseat-l33t-blue.png\",\"contentUrl\":\"https:\/\/simracing.si\/wp-content\/uploads\/2020\/04\/playseat-l33t-blue.png\",\"width\":660,\"height\":600},{\"@type\":\"WebPage\",\"@id\":\"http:\/\/simracing.si\/en_us\/product\/igralni-stol-playseat-l33t-blue\/#webpage\",\"url\":\"http:\/\/simracing.si\/en_us\/product\/igralni-stol-playseat-l33t-blue\/\",\"name\":\"IGRALNI STOL PLAYSEAT L33T BLUE -\",\"isPartOf\":{\"@id\":\"https:\/\/simracing.si\/#website\"},\"primaryImageOfPage\":{\"@id\":\"http:\/\/simracing.si\/en_us\/product\/igralni-stol-playseat-l33t-blue\/#primaryimage\"},\"datePublished\":\"2020-04-30T17:28:56+00:00\",\"dateModified\":\"2020-05-03T11:02:42+00:00\",\"breadcrumb\":{\"@id\":\"http:\/\/simracing.si\/en_us\/product\/igralni-stol-playseat-l33t-blue\/#breadcrumb\"},\"inLanguage\":\"sl-SI\",\"potentialAction\":[{\"@type\":\"ReadAction\",\"target\":[\"http:\/\/simracing.si\/en_us\/product\/igralni-stol-playseat-l33t-blue\/\"]}]},{\"@type\":\"BreadcrumbList\",\"@id\":\"http:\/\/simracing.si\/en_us\/product\/igralni-stol-playseat-l33t-blue\/#breadcrumb\",\"itemListElement\":[{\"@type\":\"ListItem\",\"position\":1,\"item\":{\"@type\":\"WebPage\",\"@id\":\"https:\/\/simracing.si\/\",\"url\":\"https:\/\/simracing.si\/\",\"name\":\"Home\"}},{\"@type\":\"ListItem\",\"position\":2,\"item\":{\"@type\":\"WebPage\",\"@id\":\"https:\/\/simracing.si\/home\/product-category\/\",\"url\":\"https:\/\/simracing.si\/home\/product-category\/\",\"name\":\"Izdelki\"}},{\"@type\":\"ListItem\",\"position\":3,\"item\":{\"@id\":\"http:\/\/simracing.si\/en_us\/product\/igralni-stol-playseat-l33t-blue\/#webpage\"}}]}]}<\/script>\n<!-- \/ Yoast SEO plugin. -->","_links":{"self":[{"href":"http:\/\/simracing.si\/sl_si\/wp-json\/wp\/v2\/product\/2033"}],"collection":[{"href":"http:\/\/simracing.si\/sl_si\/wp-json\/wp\/v2\/product"}],"about":[{"href":"http:\/\/simracing.si\/sl_si\/wp-json\/wp\/v2\/types\/product"}],"replies":[{"embeddable":true,"href":"http:\/\/simracing.si\/sl_si\/wp-json\/wp\/v2\/comments?post=2033"}],"version-history":[{"count":0,"href":"http:\/\/simracing.si\/sl_si\/wp-json\/wp\/v2\/product\/2033\/revisions"}],"wp:featuredmedia":[{"embeddable":true,"href":"http:\/\/simracing.si\/sl_si\/wp-json\/wp\/v2\/media\/2212"}],"wp:attachment":[{"href":"http:\/\/simracing.si\/sl_si\/wp-json\/wp\/v2\/media?parent=2033"}],"curies":[{"name":"wp","href":"https:\/\/api.w.org\/{rel}","templated":true}]}}