{"id":2032,"date":"2020-04-30T18:28:56","date_gmt":"2020-04-30T17:28:56","guid":{"rendered":"https:\/\/simracing.si\/product\/igralni-stol-playseat-l33t-black\/"},"modified":"2020-05-03T16:46:33","modified_gmt":"2020-05-03T15:46:33","slug":"igralni-stol-playseat-l33t-black","status":"publish","type":"product","link":"http:\/\/simracing.si\/sl_si\/izdelek\/igralni-stol-playseat-l33t-black\/","title":{"rendered":"IGRALNI STOL PLAYSEAT L33T BLACK"},"content":{"rendered":"<p><span style=\"color: rgb(80, 80, 80); font-family: Roboto, Arial, Helvetica, sans-serif; font-size: 12px; background-color: rgb(236, 236, 236);\">Ne bodi noob, igraj kot PRO!<\/span><br style=\"margin: 0px; padding: 0px; color: rgb(80, 80, 80); font-family: Roboto, Arial, Helvetica, sans-serif; font-size: 12px; background-color: rgb(236, 236, 236);\"><br style=\"margin: 0px; padding: 0px; color: rgb(80, 80, 80); font-family: Roboto, Arial, Helvetica, sans-serif; font-size: 12px; background-color: rgb(236, 236, 236);\"><span style=\"color: rgb(80, 80, 80); font-family: Roboto, Arial, Helvetica, sans-serif; font-size: 12px; background-color: rgb(236, 236, 236);\">Najbolj\u0161i igralni stol je tukaj: Playseat\u00ae L33T! Za tiste, ki si \u017eelijo najbolj\u0161e, najbolj udobne in zabavne igralne izku\u0161nje, Playseat\u00ae predstavlja Playseat\u00ae L33T. Ni pomembno, katero igro igrate in ni pomembno, \u010de uporabljate Xbox, PlayStation ali PC: to je elitni igralni stol, ki ga potrebujete! Playseat\u00ae L33T je resni\u010dno prilagojen igralcu, z edinstveno kakovostjo vseh izdelkov Playseat\u00ae. Zahvaljujo\u010d popolni me\u0161ani peni so blazine dovolj mehke za ure igranja, vendar dovolj mo\u010dne, da imajo dolgo \u017eivljenjsko dobo.<\/span><br style=\"margin: 0px; padding: 0px; color: rgb(80, 80, 80); font-family: Roboto, Arial, Helvetica, sans-serif; font-size: 12px; background-color: rgb(236, 236, 236);\"><br style=\"margin: 0px; padding: 0px; color: rgb(80, 80, 80); font-family: Roboto, Arial, Helvetica, sans-serif; font-size: 12px; background-color: rgb(236, 236, 236);\"><span style=\"color: rgb(80, 80, 80); font-family: Roboto, Arial, Helvetica, sans-serif; font-size: 12px; background-color: rgb(236, 236, 236);\">Edinstveno, patentirano podno\u017eje stola Playseat\u00ae L33T ima izjemno velika kolesa za gladko premikanje in robusten rob za naslon stopal, kar vam daje dodatno udobje! Elegantno premikanje naslonjala naprej in nazaj, omogo\u010da potrebno gibanje v igralnem polo\u017eaju. Zelo visok, popolnoma nastavljiv naslon za roke, ki se premika navzgor \/ navzdol, naprej \/ nazaj in levo \/ desno, zagotavlja, da boste vedno na\u0161li \u017eelen igralni polo\u017eaj. To je stol za tiste, ki \u017eelijo igrati ure in ure, na najbolj\u0161i mo\u017een na\u010din! Lastnosti: Prilagojen igralcu! Polnilo iz popolna me\u0161ane pene Patentirana in edinstvena lahka kovinska noga Trden rob kot opora za stopala Zelo visok, popolnoma nastavljiv naslon za roke<\/span><br style=\"margin: 0px; padding: 0px; color: rgb(80, 80, 80); font-family: Roboto, Arial, Helvetica, sans-serif; font-size: 12px; background-color: rgb(236, 236, 236);\"><br style=\"margin: 0px; padding: 0px; color: rgb(80, 80, 80); font-family: Roboto, Arial, Helvetica, sans-serif; font-size: 12px; background-color: rgb(236, 236, 236);\"><span style=\"color: rgb(80, 80, 80); font-family: Roboto, Arial, Helvetica, sans-serif; font-size: 12px; background-color: rgb(236, 236, 236);\">Specifikacije:<\/span><br style=\"margin: 0px; padding: 0px; color: rgb(80, 80, 80); font-family: Roboto, Arial, Helvetica, sans-serif; font-size: 12px; background-color: rgb(236, 236, 236);\"><span style=\"color: rgb(80, 80, 80); font-family: Roboto, Arial, Helvetica, sans-serif; font-size: 12px; background-color: rgb(236, 236, 236);\">Dimenzije izdelka (Vx\u0160xL): 70x67x140 cm<\/span><br style=\"margin: 0px; padding: 0px; color: rgb(80, 80, 80); font-family: Roboto, Arial, Helvetica, sans-serif; font-size: 12px; background-color: rgb(236, 236, 236);\"><span style=\"color: rgb(80, 80, 80); font-family: Roboto, Arial, Helvetica, sans-serif; font-size: 12px; background-color: rgb(236, 236, 236);\">Dimenzije embala\u017ee (Vx\u0160xL): 80x58x35 cm<\/span><br style=\"margin: 0px; padding: 0px; color: rgb(80, 80, 80); font-family: Roboto, Arial, Helvetica, sans-serif; font-size: 12px; background-color: rgb(236, 236, 236);\"><span style=\"color: rgb(80, 80, 80); font-family: Roboto, Arial, Helvetica, sans-serif; font-size: 12px; background-color: rgb(236, 236, 236);\">Te\u017ea: 29 kg<\/span><br style=\"margin: 0px; padding: 0px; color: rgb(80, 80, 80); font-family: Roboto, Arial, Helvetica, sans-serif; font-size: 12px; background-color: rgb(236, 236, 236);\"><span style=\"color: rgb(80, 80, 80); font-family: Roboto, Arial, Helvetica, sans-serif; font-size: 12px; background-color: rgb(236, 236, 236);\">Te\u017ea vklju\u010dno z embala\u017eo: 31 kg<\/span><br style=\"margin: 0px; padding: 0px; color: rgb(80, 80, 80); font-family: Roboto, Arial, Helvetica, sans-serif; font-size: 12px; background-color: rgb(236, 236, 236);\"><span style=\"color: rgb(80, 80, 80); font-family: Roboto, Arial, Helvetica, sans-serif; font-size: 12px; background-color: rgb(236, 236, 236);\">Material prevleke: Umetno usnje<\/span><\/p>\n","protected":false},"excerpt":{"rendered":"<p>IGRALNI STOL PLAYSEAT L33T BLACK<\/p>\n","protected":false},"featured_media":2211,"comment_status":"closed","ping_status":"closed","template":"","meta":[],"yoast_head":"<!-- This site is optimized with the Yoast SEO plugin v16.3 - https:\/\/yoast.com\/wordpress\/plugins\/seo\/ -->\n<title>IGRALNI STOL PLAYSEAT L33T BLACK -<\/title>\n<meta name=\"robots\" content=\"index, follow, max-snippet:-1, max-image-preview:large, max-video-preview:-1\" \/>\n<link rel=\"canonical\" href=\"https:\/\/simracing.si\/sl_si\/product\/igralni-stol-playseat-l33t-black\/\" \/>\n<meta property=\"og:locale\" content=\"sl_SI\" \/>\n<meta property=\"og:type\" content=\"article\" \/>\n<meta property=\"og:title\" content=\"IGRALNI STOL PLAYSEAT L33T BLACK -\" \/>\n<meta property=\"og:description\" content=\"IGRALNI STOL PLAYSEAT L33T BLACK\" \/>\n<meta property=\"og:url\" content=\"https:\/\/simracing.si\/sl_si\/product\/igralni-stol-playseat-l33t-black\/\" \/>\n<meta property=\"article:modified_time\" content=\"2020-05-03T15:46:33+00:00\" \/>\n<meta property=\"og:image\" content=\"https:\/\/simracing.si\/wp-content\/uploads\/2020\/04\/playseat-l33t-black-nov.jpeg\" \/>\n\t<meta property=\"og:image:width\" content=\"660\" \/>\n\t<meta property=\"og:image:height\" content=\"600\" \/>\n<meta name=\"twitter:card\" content=\"summary_large_image\" \/>\n<meta name=\"twitter:label1\" content=\"Est. reading time\">\n\t<meta name=\"twitter:data1\" content=\"1 minuta\">\n<script type=\"application\/ld+json\" class=\"yoast-schema-graph\">{\"@context\":\"https:\/\/schema.org\",\"@graph\":[{\"@type\":\"WebSite\",\"@id\":\"https:\/\/simracing.si\/#website\",\"url\":\"https:\/\/simracing.si\/\",\"name\":\"\",\"description\":\"\",\"potentialAction\":[{\"@type\":\"SearchAction\",\"target\":\"https:\/\/simracing.si\/?s={search_term_string}\",\"query-input\":\"required name=search_term_string\"}],\"inLanguage\":\"sl-SI\"},{\"@type\":\"ImageObject\",\"@id\":\"https:\/\/simracing.si\/en_us\/product\/igralni-stol-playseat-l33t-black\/#primaryimage\",\"inLanguage\":\"sl-SI\",\"url\":\"https:\/\/simracing.si\/wp-content\/uploads\/2020\/04\/playseat-l33t-black-nov.jpeg\",\"contentUrl\":\"https:\/\/simracing.si\/wp-content\/uploads\/2020\/04\/playseat-l33t-black-nov.jpeg\",\"width\":660,\"height\":600},{\"@type\":\"WebPage\",\"@id\":\"https:\/\/simracing.si\/en_us\/product\/igralni-stol-playseat-l33t-black\/#webpage\",\"url\":\"https:\/\/simracing.si\/en_us\/product\/igralni-stol-playseat-l33t-black\/\",\"name\":\"IGRALNI STOL PLAYSEAT L33T BLACK -\",\"isPartOf\":{\"@id\":\"https:\/\/simracing.si\/#website\"},\"primaryImageOfPage\":{\"@id\":\"https:\/\/simracing.si\/en_us\/product\/igralni-stol-playseat-l33t-black\/#primaryimage\"},\"datePublished\":\"2020-04-30T17:28:56+00:00\",\"dateModified\":\"2020-05-03T15:46:33+00:00\",\"breadcrumb\":{\"@id\":\"https:\/\/simracing.si\/en_us\/product\/igralni-stol-playseat-l33t-black\/#breadcrumb\"},\"inLanguage\":\"sl-SI\",\"potentialAction\":[{\"@type\":\"ReadAction\",\"target\":[\"https:\/\/simracing.si\/en_us\/product\/igralni-stol-playseat-l33t-black\/\"]}]},{\"@type\":\"BreadcrumbList\",\"@id\":\"https:\/\/simracing.si\/en_us\/product\/igralni-stol-playseat-l33t-black\/#breadcrumb\",\"itemListElement\":[{\"@type\":\"ListItem\",\"position\":1,\"item\":{\"@type\":\"WebPage\",\"@id\":\"https:\/\/simracing.si\/\",\"url\":\"https:\/\/simracing.si\/\",\"name\":\"Home\"}},{\"@type\":\"ListItem\",\"position\":2,\"item\":{\"@type\":\"WebPage\",\"@id\":\"https:\/\/simracing.si\/home\/product-category\/\",\"url\":\"https:\/\/simracing.si\/home\/product-category\/\",\"name\":\"Izdelki\"}},{\"@type\":\"ListItem\",\"position\":3,\"item\":{\"@id\":\"https:\/\/simracing.si\/en_us\/product\/igralni-stol-playseat-l33t-black\/#webpage\"}}]}]}<\/script>\n<!-- \/ Yoast SEO plugin. -->","_links":{"self":[{"href":"http:\/\/simracing.si\/sl_si\/wp-json\/wp\/v2\/product\/2032"}],"collection":[{"href":"http:\/\/simracing.si\/sl_si\/wp-json\/wp\/v2\/product"}],"about":[{"href":"http:\/\/simracing.si\/sl_si\/wp-json\/wp\/v2\/types\/product"}],"replies":[{"embeddable":true,"href":"http:\/\/simracing.si\/sl_si\/wp-json\/wp\/v2\/comments?post=2032"}],"version-history":[{"count":0,"href":"http:\/\/simracing.si\/sl_si\/wp-json\/wp\/v2\/product\/2032\/revisions"}],"wp:featuredmedia":[{"embeddable":true,"href":"http:\/\/simracing.si\/sl_si\/wp-json\/wp\/v2\/media\/2211"}],"wp:attachment":[{"href":"http:\/\/simracing.si\/sl_si\/wp-json\/wp\/v2\/media?parent=2032"}],"curies":[{"name":"wp","href":"https:\/\/api.w.org\/{rel}","templated":true}]}}