{"id":2021,"date":"2020-04-30T18:28:56","date_gmt":"2020-04-30T17:28:56","guid":{"rendered":"https:\/\/simracing.si\/product\/igralni-stol-playseat-challenge\/"},"modified":"2023-12-14T10:05:09","modified_gmt":"2023-12-14T08:05:09","slug":"igralni-stol-playseat-challenge","status":"publish","type":"product","link":"http:\/\/simracing.si\/sl_si\/izdelek\/igralni-stol-playseat-challenge\/","title":{"rendered":"IGRALNI STOL PLAYSEAT CHALLENGE ACTIFIT"},"content":{"rendered":"<p>Opis<\/p>\n<p style=\"font-weight: 400;\">Playseat\u00ae Challenge je zasnovan tako, da vam pomaga nareditiprvi korak k izbolj\u0161anju va\u0161ih dirka\u0161kih sposobnosti. Ko boste volan z mizeprestavili na Playseat\u00ae Challenge, boste za\u010dutili navdu\u0161enje kot na velikihdirkali\u0161\u010dih. Dirka\u0161ki kokpit se lahko prilagodi v vsak dirka\u0161ki polo\u017eaj, ki gaizberete. Izberite lahko pokon\u010den polo\u017eaj GT ali pa le\u017ee\u010di polo\u017eaj F1. Ne gledena to, kateri polo\u017eaj izberete, je sede\u017e dovolj udoben za maratonske vo\u017enje.Morda vzemite to kot osebni izziv in preizkusite kako dolgo lahko ostanetepopolnoma osredoto\u010deni na dirko? Rezultati vas bodo morda presenetili.<\/p>\n<p style=\"font-weight: 400;\">Sede\u017e Playseat\u00ae Challenge lahko zaradi edinstvene zlo\u017eljivezasnove shranite v majhne prostore, pri \u010demer vam sploh ni treba odstranitikompleta volana in pedal, je popolnoma nastavljiv in primeren tako za otrokekot za odrasle. Preprosto preklapljate med razli\u010dnimi polo\u017eaji, prilagoditeplo\u0161\u010do za pedala in plo\u0161\u010do za volan svojim potrebam.<\/p>\n<p style=\"font-weight: 400;\">\n<p style=\"font-weight: 400;\">LASTNOSTI<\/p>\n<p style=\"font-weight: 400;\">Enostavno shranjevanje zaradi patentirane zlo\u017eljive zasnove<\/p>\n<p style=\"font-weight: 400;\">Zdru\u017eljiv z vsemi volani in pedali (Logitech, Thrustmaster,Fanatec itd.) na trgu<\/p>\n<p style=\"font-weight: 400;\">Zdru\u017eljiv z vsemi konzolami (PlayStation, Xbox, Nintendo) inosebnimi kolesi ter pedali.<\/p>\n<p style=\"font-weight: 400;\">\n<p style=\"font-weight: 400;\">PRIPORO\u010cENA VI\u0160INA VOZNIKA<\/p>\n<p style=\"font-weight: 400;\">Min. 120 cm &#8211; Max. 220 cm<\/p>\n<p style=\"font-weight: 400;\">\n<p style=\"font-weight: 400;\">PRIPORO\u010cENA TE\u017dA VOZNIKA<\/p>\n<p style=\"font-weight: 400;\">Max. 120 kg<\/p>\n<p style=\"font-weight: 400;\">\n<p style=\"font-weight: 400;\">PRILO\u017dENO<\/p>\n<ul>\n<li style=\"font-weight: 400;\">Navodilaza uporabo<\/li>\n<li style=\"font-weight: 400;\">Orodje zahitro in enostavno sestavljanje<\/li>\n<li style=\"font-weight: 400;\">Garancijskilist<\/li>\n<\/ul>\n","protected":false},"excerpt":{"rendered":"<p>Igralni stol Playseat Challenge<\/p>\n","protected":false},"featured_media":4292,"comment_status":"closed","ping_status":"closed","template":"","meta":[],"yoast_head":"<!-- This site is optimized with the Yoast SEO plugin v16.3 - https:\/\/yoast.com\/wordpress\/plugins\/seo\/ -->\n<title>IGRALNI STOL PLAYSEAT CHALLENGE ACTIFIT -<\/title>\n<meta name=\"robots\" content=\"index, follow, max-snippet:-1, max-image-preview:large, max-video-preview:-1\" \/>\n<link rel=\"canonical\" href=\"http:\/\/simracing.si\/sl_si\/izdelek\/igralni-stol-playseat-challenge\/\" \/>\n<meta property=\"og:locale\" content=\"sl_SI\" \/>\n<meta property=\"og:type\" content=\"article\" \/>\n<meta property=\"og:title\" content=\"IGRALNI STOL PLAYSEAT CHALLENGE ACTIFIT -\" \/>\n<meta property=\"og:description\" content=\"Igralni stol Playseat Challenge\" \/>\n<meta property=\"og:url\" content=\"http:\/\/simracing.si\/sl_si\/izdelek\/igralni-stol-playseat-challenge\/\" \/>\n<meta property=\"article:modified_time\" content=\"2023-12-14T08:05:09+00:00\" \/>\n<meta property=\"og:image\" content=\"https:\/\/simracing.si\/wp-content\/uploads\/2020\/04\/playseat-challenge-actifit.jpg\" \/>\n\t<meta property=\"og:image:width\" content=\"1920\" \/>\n\t<meta property=\"og:image:height\" content=\"1080\" \/>\n<meta name=\"twitter:card\" content=\"summary_large_image\" \/>\n<meta name=\"twitter:label1\" content=\"Est. reading time\">\n\t<meta name=\"twitter:data1\" content=\"1 minuta\">\n<script type=\"application\/ld+json\" class=\"yoast-schema-graph\">{\"@context\":\"https:\/\/schema.org\",\"@graph\":[{\"@type\":\"WebSite\",\"@id\":\"https:\/\/simracing.si\/#website\",\"url\":\"https:\/\/simracing.si\/\",\"name\":\"\",\"description\":\"\",\"potentialAction\":[{\"@type\":\"SearchAction\",\"target\":\"https:\/\/simracing.si\/?s={search_term_string}\",\"query-input\":\"required name=search_term_string\"}],\"inLanguage\":\"sl-SI\"},{\"@type\":\"ImageObject\",\"@id\":\"https:\/\/simracing.si\/izdelek\/igralni-stol-playseat-challenge\/#primaryimage\",\"inLanguage\":\"sl-SI\",\"url\":\"https:\/\/simracing.si\/wp-content\/uploads\/2020\/04\/playseat-challenge-actifit.jpg\",\"contentUrl\":\"https:\/\/simracing.si\/wp-content\/uploads\/2020\/04\/playseat-challenge-actifit.jpg\",\"width\":1920,\"height\":1080},{\"@type\":\"WebPage\",\"@id\":\"https:\/\/simracing.si\/izdelek\/igralni-stol-playseat-challenge\/#webpage\",\"url\":\"https:\/\/simracing.si\/izdelek\/igralni-stol-playseat-challenge\/\",\"name\":\"IGRALNI STOL PLAYSEAT CHALLENGE ACTIFIT -\",\"isPartOf\":{\"@id\":\"https:\/\/simracing.si\/#website\"},\"primaryImageOfPage\":{\"@id\":\"https:\/\/simracing.si\/izdelek\/igralni-stol-playseat-challenge\/#primaryimage\"},\"datePublished\":\"2020-04-30T17:28:56+00:00\",\"dateModified\":\"2023-12-14T08:05:09+00:00\",\"breadcrumb\":{\"@id\":\"https:\/\/simracing.si\/izdelek\/igralni-stol-playseat-challenge\/#breadcrumb\"},\"inLanguage\":\"sl-SI\",\"potentialAction\":[{\"@type\":\"ReadAction\",\"target\":[\"https:\/\/simracing.si\/izdelek\/igralni-stol-playseat-challenge\/\"]}]},{\"@type\":\"BreadcrumbList\",\"@id\":\"https:\/\/simracing.si\/izdelek\/igralni-stol-playseat-challenge\/#breadcrumb\",\"itemListElement\":[{\"@type\":\"ListItem\",\"position\":1,\"item\":{\"@type\":\"WebPage\",\"@id\":\"https:\/\/simracing.si\/\",\"url\":\"https:\/\/simracing.si\/\",\"name\":\"Home\"}},{\"@type\":\"ListItem\",\"position\":2,\"item\":{\"@type\":\"WebPage\",\"@id\":\"https:\/\/simracing.si\/home\/product-category\/\",\"url\":\"https:\/\/simracing.si\/home\/product-category\/\",\"name\":\"Izdelki\"}},{\"@type\":\"ListItem\",\"position\":3,\"item\":{\"@id\":\"https:\/\/simracing.si\/izdelek\/igralni-stol-playseat-challenge\/#webpage\"}}]}]}<\/script>\n<!-- \/ Yoast SEO plugin. -->","_links":{"self":[{"href":"http:\/\/simracing.si\/sl_si\/wp-json\/wp\/v2\/product\/2021"}],"collection":[{"href":"http:\/\/simracing.si\/sl_si\/wp-json\/wp\/v2\/product"}],"about":[{"href":"http:\/\/simracing.si\/sl_si\/wp-json\/wp\/v2\/types\/product"}],"replies":[{"embeddable":true,"href":"http:\/\/simracing.si\/sl_si\/wp-json\/wp\/v2\/comments?post=2021"}],"version-history":[{"count":2,"href":"http:\/\/simracing.si\/sl_si\/wp-json\/wp\/v2\/product\/2021\/revisions"}],"predecessor-version":[{"id":4291,"href":"http:\/\/simracing.si\/sl_si\/wp-json\/wp\/v2\/product\/2021\/revisions\/4291"}],"wp:featuredmedia":[{"embeddable":true,"href":"http:\/\/simracing.si\/sl_si\/wp-json\/wp\/v2\/media\/4292"}],"wp:attachment":[{"href":"http:\/\/simracing.si\/sl_si\/wp-json\/wp\/v2\/media?parent=2021"}],"curies":[{"name":"wp","href":"https:\/\/api.w.org\/{rel}","templated":true}]}}