{"id":1970,"date":"2020-04-30T18:28:13","date_gmt":"2020-04-30T17:28:13","guid":{"rendered":"https:\/\/simracing.si\/product\/thrustmaster-16000m-fcs\/"},"modified":"2023-06-28T09:53:38","modified_gmt":"2023-06-28T07:53:38","slug":"thrustmaster-16000m-fcs","status":"publish","type":"product","link":"http:\/\/simracing.si\/sl_si\/izdelek\/thrustmaster-16000m-fcs\/","title":{"rendered":"Thrustmaster 16000M FCS"},"content":{"rendered":"<p>Pri Thrustmasterju so vseh svojih petindvajset let izku\u0161enj vlo\u017eili v izdelavo kontrolnikov za simulacije letenja, po katerih je vedno ve\u010d povpra\u0161evanja \u00ac\u2013 vklju\u010dno z vesoljskimi simulacijami.<\/p>\n<p>T.16000M FCS je namenjen naprednim letalcem, ki i\u0161\u010dejo vseobsegajo\u010d in realisti\u010den nadzor kot alternativno mi\u0161ki ter tipkovnici.<\/p>\n<p>Letalna palica T.16000M FCS (Flight Control System) je prek USB-priklju\u010dka zdru\u017eljiva z Windows 10, 8, 7 in Visto (z 32- in 64- bitnimi ina\u010dicami).<\/p>\n<p>V \u0161katli dobite:<\/p>\n<p>1 x igralna palica Thrustmaster T-16000M FCS<\/p>\n<p>Izdelek proizvajalca<\/p>\n<p>O podjetju Thrustmaster<br \/>\nPodjetje Thrustmaster \u017ee skoraj dvajset let razvija izdelke za vse vrste igralcev, s poudarkom na natan\u010dnih kontrolnikih, kot so volani in palice. Poleg tega proizvajajo tudi zabavne dodatke za igralne konzole in bistveno periferijo za shranjevanje podatkov in polnjenje.<\/p>\n<p>Thrustmaster Flight Control System<br \/>\nThrustmasterjev sistem za nadzor letenja je namenjen naprednim, realisti\u010dnim simulacijam letenja kot alternativa mi\u0161ki ter tipkovnici.<br \/>\nIzbolj\u0161ani nadzor, ki ga ponujajo tovrstni kontrolniki, omogo\u010dajo \u0161e ve\u010djo potopitev v igro.<\/p>\n<p>\u2022 Thrustmasterjev Flight Control System je zdru\u017eljiv s PC-jem.<br \/>\n\u2022 Prepoznavanje fizi\u010dnih gumbov, da se o\u010desu ni treba odvrniti od igranja.<br \/>\n\u2022 Ergonomska oblika zagotavlja gladko igranje in optimalno udobje.<\/p>\n<p>Natan\u010dnost v simulacijah letenja<\/p>\n<p>Obojero\u010dni nazdor<br \/>\nIgralna palica FCS je povsem obojero\u010den in s tem primeren za vse igralce. Ker so deli odstranljivi, je mogo\u010de palici prilagoditi kateremu koli igralci in kateri koli igri.<\/p>\n<p>Gladkost in u\u010dinkovitost<br \/>\nThrustmasterjev FCS uporablja tehnologijo S.M.A.R.T. (Sliding Motion Advanced Rail Tracks), ki zagotavlja gladko in natan\u010dno premikanje. Za name\u010dek palica vsebuje tipala.<\/p>\n<p>Ergonomska oblika<br \/>\nObte\u017eeni temelji in velike povr\u0161ine za po\u010divanje dlani zagotavljajo optimalno udobje med igranjem.<br \/>\nPedali za bo\u010dno krmiljenje (rudder pedals) omogo\u010dajo drobne popravke polo\u017eaja v zraku.<br \/>\nDimenzija: 240x 208x 198 mm<br \/>\nTe\u017ea: 1170 g<\/p>\n","protected":false},"excerpt":{"rendered":"<p>Thrustmaster 16000M FCS<\/p>\n","protected":false},"featured_media":2149,"comment_status":"closed","ping_status":"closed","template":"","meta":[],"yoast_head":"<!-- This site is optimized with the Yoast SEO plugin v16.3 - https:\/\/yoast.com\/wordpress\/plugins\/seo\/ -->\n<title>Thrustmaster 16000M FCS -<\/title>\n<meta name=\"robots\" content=\"index, follow, max-snippet:-1, max-image-preview:large, max-video-preview:-1\" \/>\n<link rel=\"canonical\" href=\"http:\/\/simracing.si\/sl_si\/izdelek\/thrustmaster-16000m-fcs\/\" \/>\n<meta property=\"og:locale\" content=\"sl_SI\" \/>\n<meta property=\"og:type\" content=\"article\" \/>\n<meta property=\"og:title\" content=\"Thrustmaster 16000M FCS -\" \/>\n<meta property=\"og:description\" content=\"Thrustmaster 16000M FCS\" \/>\n<meta property=\"og:url\" content=\"http:\/\/simracing.si\/sl_si\/izdelek\/thrustmaster-16000m-fcs\/\" \/>\n<meta property=\"article:modified_time\" content=\"2023-06-28T07:53:38+00:00\" \/>\n<meta property=\"og:image\" content=\"https:\/\/simracing.si\/wp-content\/uploads\/2020\/04\/t16000fcsfinal.jpg\" \/>\n\t<meta property=\"og:image:width\" content=\"800\" \/>\n\t<meta property=\"og:image:height\" content=\"480\" \/>\n<meta name=\"twitter:card\" content=\"summary_large_image\" \/>\n<meta name=\"twitter:label1\" content=\"Est. reading time\">\n\t<meta name=\"twitter:data1\" content=\"2 minuti\">\n<script type=\"application\/ld+json\" class=\"yoast-schema-graph\">{\"@context\":\"https:\/\/schema.org\",\"@graph\":[{\"@type\":\"WebSite\",\"@id\":\"https:\/\/simracing.si\/#website\",\"url\":\"https:\/\/simracing.si\/\",\"name\":\"\",\"description\":\"\",\"potentialAction\":[{\"@type\":\"SearchAction\",\"target\":\"https:\/\/simracing.si\/?s={search_term_string}\",\"query-input\":\"required name=search_term_string\"}],\"inLanguage\":\"sl-SI\"},{\"@type\":\"ImageObject\",\"@id\":\"https:\/\/simracing.si\/izdelek\/thrustmaster-16000m-fcs\/#primaryimage\",\"inLanguage\":\"sl-SI\",\"url\":\"https:\/\/simracing.si\/wp-content\/uploads\/2020\/04\/t16000fcsfinal.jpg\",\"contentUrl\":\"https:\/\/simracing.si\/wp-content\/uploads\/2020\/04\/t16000fcsfinal.jpg\",\"width\":800,\"height\":480},{\"@type\":\"WebPage\",\"@id\":\"https:\/\/simracing.si\/izdelek\/thrustmaster-16000m-fcs\/#webpage\",\"url\":\"https:\/\/simracing.si\/izdelek\/thrustmaster-16000m-fcs\/\",\"name\":\"Thrustmaster 16000M FCS -\",\"isPartOf\":{\"@id\":\"https:\/\/simracing.si\/#website\"},\"primaryImageOfPage\":{\"@id\":\"https:\/\/simracing.si\/izdelek\/thrustmaster-16000m-fcs\/#primaryimage\"},\"datePublished\":\"2020-04-30T17:28:13+00:00\",\"dateModified\":\"2023-06-28T07:53:38+00:00\",\"breadcrumb\":{\"@id\":\"https:\/\/simracing.si\/izdelek\/thrustmaster-16000m-fcs\/#breadcrumb\"},\"inLanguage\":\"sl-SI\",\"potentialAction\":[{\"@type\":\"ReadAction\",\"target\":[\"https:\/\/simracing.si\/izdelek\/thrustmaster-16000m-fcs\/\"]}]},{\"@type\":\"BreadcrumbList\",\"@id\":\"https:\/\/simracing.si\/izdelek\/thrustmaster-16000m-fcs\/#breadcrumb\",\"itemListElement\":[{\"@type\":\"ListItem\",\"position\":1,\"item\":{\"@type\":\"WebPage\",\"@id\":\"https:\/\/simracing.si\/\",\"url\":\"https:\/\/simracing.si\/\",\"name\":\"Home\"}},{\"@type\":\"ListItem\",\"position\":2,\"item\":{\"@type\":\"WebPage\",\"@id\":\"https:\/\/simracing.si\/home\/product-category\/\",\"url\":\"https:\/\/simracing.si\/home\/product-category\/\",\"name\":\"Izdelki\"}},{\"@type\":\"ListItem\",\"position\":3,\"item\":{\"@id\":\"https:\/\/simracing.si\/izdelek\/thrustmaster-16000m-fcs\/#webpage\"}}]}]}<\/script>\n<!-- \/ Yoast SEO plugin. -->","_links":{"self":[{"href":"http:\/\/simracing.si\/sl_si\/wp-json\/wp\/v2\/product\/1970"}],"collection":[{"href":"http:\/\/simracing.si\/sl_si\/wp-json\/wp\/v2\/product"}],"about":[{"href":"http:\/\/simracing.si\/sl_si\/wp-json\/wp\/v2\/types\/product"}],"replies":[{"embeddable":true,"href":"http:\/\/simracing.si\/sl_si\/wp-json\/wp\/v2\/comments?post=1970"}],"version-history":[{"count":2,"href":"http:\/\/simracing.si\/sl_si\/wp-json\/wp\/v2\/product\/1970\/revisions"}],"predecessor-version":[{"id":4206,"href":"http:\/\/simracing.si\/sl_si\/wp-json\/wp\/v2\/product\/1970\/revisions\/4206"}],"wp:featuredmedia":[{"embeddable":true,"href":"http:\/\/simracing.si\/sl_si\/wp-json\/wp\/v2\/media\/2149"}],"wp:attachment":[{"href":"http:\/\/simracing.si\/sl_si\/wp-json\/wp\/v2\/media?parent=1970"}],"curies":[{"name":"wp","href":"https:\/\/api.w.org\/{rel}","templated":true}]}}