{"id":1953,"date":"2020-04-30T18:28:02","date_gmt":"2020-04-30T17:28:02","guid":{"rendered":"https:\/\/simracing.si\/product\/volan-za-ps4-ali-ps3-thrustmaster-t300-ferrari-gte-racing-wheel-rabljen\/"},"modified":"2020-05-19T16:03:10","modified_gmt":"2020-05-19T14:03:10","slug":"volan-za-ps4-ali-ps3-thrustmaster-t300-ferrari-gte-racing-wheel-rabljen","status":"publish","type":"product","link":"http:\/\/simracing.si\/sl_si\/izdelek\/volan-za-ps4-ali-ps3-thrustmaster-t300-ferrari-gte-racing-wheel-rabljen\/","title":{"rendered":"VOLAN ZA PS4 ALI PS3 THRUSTMASTER T300 FERRARI GTE RACING WHEEL Rabljen"},"content":{"rendered":"<p><span style=\"color: rgb(0, 0, 0); font-family: Arial, Helvetica, sans-serif; font-size: 12px; line-height: 18px;\">Vrhunski &nbsp;volan za Playstation 3 IN PS4 &nbsp;igralno konzolo in igro serije Gran Turismo 5 ali 6, odli\u010den tudi za PS4, volan bo imel podporo za Gran Turismo&nbsp;7, enako odli\u010dno deluje na PC osebnem ra\u010dunalniku primeren za igre (RBR, GT1,2,3, GTR EVO, ASSETO CORSA, F1, IRACING in ostalo), odli\u010den in mo\u010dan novi izbolj\u0161a FFB na\u010din delovanja, replika F volana.<\/span><\/p>\n<p>&nbsp;<\/p>\n<p><strong><span style=\"color:#000000;\"><span style=\"font-family: Arial, Helvetica, sans-serif; font-size: 12px; line-height: 18px;\">Volan je kot nov, embala\u017ea 9 mese\u010dna garancija, in vsa oprema!<\/span><\/span><\/strong><\/p>\n<p>&nbsp;<\/p>\n<p><img src=\"https:\/\/scontent-vie1-1.xx.fbcdn.net\/v\/t1.0-9\/14067456_1224842880893644_7371523935936845172_n.jpg?oh=48a1a86e4665ea8968383ef34b00a92d&amp;oe=584F0787\" \/><\/p>\n<p>&nbsp;<\/p>\n<p><img src=\"https:\/\/scontent-vie1-1.xx.fbcdn.net\/v\/t1.0-9\/14100261_1224842904226975_8267266143769604260_n.jpg?oh=f4a41139a842178731e5f182fd117ea5&amp;oe=5856F421\" \/><\/p>\n<p>&nbsp;<\/p>\n<p><img src=\"https:\/\/scontent-vie1-1.xx.fbcdn.net\/v\/t1.0-9\/14100360_1224842967560302_6963848955280306958_n.jpg?oh=b030a5da977397a6cdbdfbbf42c8e656&amp;oe=585C0B05\" \/><\/p>\n","protected":false},"excerpt":{"rendered":"<p>VOLAN ZA PS4 ALI PS3 THRUSTMASTER T300 FERRARI GTE RACING WHEEL Rabljen<\/p>\n","protected":false},"featured_media":2132,"comment_status":"closed","ping_status":"closed","template":"","meta":[],"yoast_head":"<!-- This site is optimized with the Yoast SEO plugin v16.3 - https:\/\/yoast.com\/wordpress\/plugins\/seo\/ -->\n<title>VOLAN ZA PS4 ALI PS3 THRUSTMASTER T300 FERRARI GTE RACING WHEEL Rabljen -<\/title>\n<meta name=\"robots\" content=\"index, follow, max-snippet:-1, max-image-preview:large, max-video-preview:-1\" \/>\n<link rel=\"canonical\" href=\"https:\/\/simracing.si\/sl_si\/product\/volan-za-ps4-ali-ps3-thrustmaster-t300-ferrari-gte-racing-wheel-rabljen\/\" \/>\n<meta property=\"og:locale\" content=\"sl_SI\" \/>\n<meta property=\"og:type\" content=\"article\" \/>\n<meta property=\"og:title\" content=\"VOLAN ZA PS4 ALI PS3 THRUSTMASTER T300 FERRARI GTE RACING WHEEL Rabljen -\" \/>\n<meta property=\"og:description\" content=\"VOLAN ZA PS4 ALI PS3 THRUSTMASTER T300 FERRARI GTE RACING WHEEL Rabljen\" \/>\n<meta property=\"og:url\" content=\"https:\/\/simracing.si\/sl_si\/product\/volan-za-ps4-ali-ps3-thrustmaster-t300-ferrari-gte-racing-wheel-rabljen\/\" \/>\n<meta property=\"article:modified_time\" content=\"2020-05-19T14:03:10+00:00\" \/>\n<meta property=\"og:image\" content=\"https:\/\/simracing.si\/wp-content\/uploads\/2020\/04\/t300gte.jpg\" \/>\n\t<meta property=\"og:image:width\" content=\"800\" \/>\n\t<meta property=\"og:image:height\" content=\"487\" \/>\n<meta name=\"twitter:card\" content=\"summary_large_image\" \/>\n<script type=\"application\/ld+json\" class=\"yoast-schema-graph\">{\"@context\":\"https:\/\/schema.org\",\"@graph\":[{\"@type\":\"WebSite\",\"@id\":\"https:\/\/simracing.si\/#website\",\"url\":\"https:\/\/simracing.si\/\",\"name\":\"\",\"description\":\"\",\"potentialAction\":[{\"@type\":\"SearchAction\",\"target\":\"https:\/\/simracing.si\/?s={search_term_string}\",\"query-input\":\"required name=search_term_string\"}],\"inLanguage\":\"sl-SI\"},{\"@type\":\"ImageObject\",\"@id\":\"https:\/\/simracing.si\/en_us\/product\/volan-za-ps4-ali-ps3-thrustmaster-t300-ferrari-gte-racing-wheel-rabljen\/#primaryimage\",\"inLanguage\":\"sl-SI\",\"url\":\"https:\/\/simracing.si\/wp-content\/uploads\/2020\/04\/t300gte.jpg\",\"contentUrl\":\"https:\/\/simracing.si\/wp-content\/uploads\/2020\/04\/t300gte.jpg\",\"width\":800,\"height\":487},{\"@type\":\"WebPage\",\"@id\":\"https:\/\/simracing.si\/en_us\/product\/volan-za-ps4-ali-ps3-thrustmaster-t300-ferrari-gte-racing-wheel-rabljen\/#webpage\",\"url\":\"https:\/\/simracing.si\/en_us\/product\/volan-za-ps4-ali-ps3-thrustmaster-t300-ferrari-gte-racing-wheel-rabljen\/\",\"name\":\"VOLAN ZA PS4 ALI PS3 THRUSTMASTER T300 FERRARI GTE RACING WHEEL Rabljen -\",\"isPartOf\":{\"@id\":\"https:\/\/simracing.si\/#website\"},\"primaryImageOfPage\":{\"@id\":\"https:\/\/simracing.si\/en_us\/product\/volan-za-ps4-ali-ps3-thrustmaster-t300-ferrari-gte-racing-wheel-rabljen\/#primaryimage\"},\"datePublished\":\"2020-04-30T17:28:02+00:00\",\"dateModified\":\"2020-05-19T14:03:10+00:00\",\"breadcrumb\":{\"@id\":\"https:\/\/simracing.si\/en_us\/product\/volan-za-ps4-ali-ps3-thrustmaster-t300-ferrari-gte-racing-wheel-rabljen\/#breadcrumb\"},\"inLanguage\":\"sl-SI\",\"potentialAction\":[{\"@type\":\"ReadAction\",\"target\":[\"https:\/\/simracing.si\/en_us\/product\/volan-za-ps4-ali-ps3-thrustmaster-t300-ferrari-gte-racing-wheel-rabljen\/\"]}]},{\"@type\":\"BreadcrumbList\",\"@id\":\"https:\/\/simracing.si\/en_us\/product\/volan-za-ps4-ali-ps3-thrustmaster-t300-ferrari-gte-racing-wheel-rabljen\/#breadcrumb\",\"itemListElement\":[{\"@type\":\"ListItem\",\"position\":1,\"item\":{\"@type\":\"WebPage\",\"@id\":\"https:\/\/simracing.si\/\",\"url\":\"https:\/\/simracing.si\/\",\"name\":\"Home\"}},{\"@type\":\"ListItem\",\"position\":2,\"item\":{\"@type\":\"WebPage\",\"@id\":\"https:\/\/simracing.si\/home\/product-category\/\",\"url\":\"https:\/\/simracing.si\/home\/product-category\/\",\"name\":\"Izdelki\"}},{\"@type\":\"ListItem\",\"position\":3,\"item\":{\"@id\":\"https:\/\/simracing.si\/en_us\/product\/volan-za-ps4-ali-ps3-thrustmaster-t300-ferrari-gte-racing-wheel-rabljen\/#webpage\"}}]}]}<\/script>\n<!-- \/ Yoast SEO plugin. -->","_links":{"self":[{"href":"http:\/\/simracing.si\/sl_si\/wp-json\/wp\/v2\/product\/1953"}],"collection":[{"href":"http:\/\/simracing.si\/sl_si\/wp-json\/wp\/v2\/product"}],"about":[{"href":"http:\/\/simracing.si\/sl_si\/wp-json\/wp\/v2\/types\/product"}],"replies":[{"embeddable":true,"href":"http:\/\/simracing.si\/sl_si\/wp-json\/wp\/v2\/comments?post=1953"}],"version-history":[{"count":1,"href":"http:\/\/simracing.si\/sl_si\/wp-json\/wp\/v2\/product\/1953\/revisions"}],"predecessor-version":[{"id":2434,"href":"http:\/\/simracing.si\/sl_si\/wp-json\/wp\/v2\/product\/1953\/revisions\/2434"}],"wp:featuredmedia":[{"embeddable":true,"href":"http:\/\/simracing.si\/sl_si\/wp-json\/wp\/v2\/media\/2132"}],"wp:attachment":[{"href":"http:\/\/simracing.si\/sl_si\/wp-json\/wp\/v2\/media?parent=1953"}],"curies":[{"name":"wp","href":"https:\/\/api.w.org\/{rel}","templated":true}]}}