{"id":1944,"date":"2020-04-30T18:28:02","date_gmt":"2020-04-30T17:28:02","guid":{"rendered":"https:\/\/simracing.si\/product\/volan-thrustmaster-t300-ferrari-integral-racing-wheel-alcantara-edition-ps4-pc-volan\/"},"modified":"2023-12-05T11:11:40","modified_gmt":"2023-12-05T09:11:40","slug":"volan-thrustmaster-t300-ferrari-integral-racing-wheel-alcantara-edition-ps4-pc-volan","status":"publish","type":"product","link":"http:\/\/simracing.si\/sl_si\/izdelek\/volan-thrustmaster-t300-ferrari-integral-racing-wheel-alcantara-edition-ps4-pc-volan\/","title":{"rendered":"Volan THRUSTMASTER T300 Ferrari Integral Racing Wheel Alcantara Edition PS3\/PS4\/PC5\/PC"},"content":{"rendered":"<div class=\"title\">Opis<\/div>\n<p>T300 Ferrari Integral Racing Wheel Alcantara Edition podjetja Thrustmaster je dirkalni volan, ki ga je Ferrari uradno licenciral. Volan ima ro\u010dno \u0161ivan obod iz istega materiala Alcantara, ki se uporablja na originalnih volanih Ferrari. T300 ima kot obra\u010danja 1080 \u00b0 in ima Force Feedback za realisti\u010dne in odzivne vozne u\u010dinke. Volan ima premer 30 cm, ki daje realisti\u010den ob\u010dutek, kovinski pedali pa so popolnoma nastavljivi. Za zagotovitev optimalne vozne izku\u0161nje T300 ima sistem pritrditve, ki ima robustne in vsestranske nosilce za namestitev na podlage kot so mize, kokpiti in drugo.<\/p>\n<p>Z dvema velikima prestavnima ro\u010dicama, \u0161estimi akcijskimi gumbi, vrtljivim stikalom s tremi polo\u017eaji in D-padom, T300 ponuja obilo na\u010dinov za prilagajanje kontrolnikov. Poleg tega vam sistem Thrustmaster Quick Release omogo\u010da, da dirkalni volan uporabljate z drugimi izdelki Thrustmaster za \u0161e ve\u010djo prilagoditev.<\/p>\n<p>Specifikacije:<\/p>\n<p>&nbsp;<\/p>\n<ul>\n<li>Zdru\u017eljivost Sony PS3, PS4, PS5 in PC<\/li>\n<li>Premer volana 30 cm<\/li>\n<li>Te\u017ea 1,2 kg<\/li>\n<\/ul>\n<p>&nbsp;<\/p>\n<p>&nbsp;<\/p>\n<p>&nbsp;<\/p>\n<p>&nbsp;<\/p>\n<p>&nbsp;<\/p>\n<p>&nbsp;<\/p>\n<ul class=\"a-vertical a-spacing-none\" style=\"box-sizing: border-box; color: #949494; padding-right: 0px; padding-left: 0px; font-family: Arial, sans-serif; line-height: 19px; margin: 0px 0px 0px !important 18px;\">\n<li style=\"box-sizing: border-box; list-style: disc; word-wrap: break-word; margin: 0px;\"><\/li>\n<\/ul>\n<p>&nbsp;<\/p>\n<p>&nbsp;<\/p>\n","protected":false},"excerpt":{"rendered":"<p>Volan THRUSTMASTER T300 Ferrari Integral Racing Wheel Alcantara Edition PS4 PC Volan<\/p>\n","protected":false},"featured_media":2124,"comment_status":"closed","ping_status":"closed","template":"","meta":[],"yoast_head":"<!-- This site is optimized with the Yoast SEO plugin v16.3 - https:\/\/yoast.com\/wordpress\/plugins\/seo\/ -->\n<title>Volan THRUSTMASTER T300 Ferrari Integral Racing Wheel Alcantara Edition PS3\/PS4\/PC5\/PC -<\/title>\n<meta name=\"robots\" content=\"index, follow, max-snippet:-1, max-image-preview:large, max-video-preview:-1\" \/>\n<link rel=\"canonical\" href=\"http:\/\/simracing.si\/sl_si\/izdelek\/volan-thrustmaster-t300-ferrari-integral-racing-wheel-alcantara-edition-ps4-pc-volan\/\" \/>\n<meta property=\"og:locale\" content=\"sl_SI\" \/>\n<meta property=\"og:type\" content=\"article\" \/>\n<meta property=\"og:title\" content=\"Volan THRUSTMASTER T300 Ferrari Integral Racing Wheel Alcantara Edition PS3\/PS4\/PC5\/PC -\" \/>\n<meta property=\"og:description\" content=\"Volan THRUSTMASTER T300 Ferrari Integral Racing Wheel Alcantara Edition PS4 PC Volan\" \/>\n<meta property=\"og:url\" content=\"http:\/\/simracing.si\/sl_si\/izdelek\/volan-thrustmaster-t300-ferrari-integral-racing-wheel-alcantara-edition-ps4-pc-volan\/\" \/>\n<meta property=\"article:modified_time\" content=\"2023-12-05T09:11:40+00:00\" \/>\n<meta property=\"og:image\" content=\"https:\/\/simracing.si\/wp-content\/uploads\/2020\/04\/THE1.jpg\" \/>\n\t<meta property=\"og:image:width\" content=\"640\" \/>\n\t<meta property=\"og:image:height\" content=\"490\" \/>\n<meta name=\"twitter:card\" content=\"summary_large_image\" \/>\n<meta name=\"twitter:label1\" content=\"Est. reading time\">\n\t<meta name=\"twitter:data1\" content=\"1 minuta\">\n<script type=\"application\/ld+json\" class=\"yoast-schema-graph\">{\"@context\":\"https:\/\/schema.org\",\"@graph\":[{\"@type\":\"WebSite\",\"@id\":\"https:\/\/simracing.si\/#website\",\"url\":\"https:\/\/simracing.si\/\",\"name\":\"\",\"description\":\"\",\"potentialAction\":[{\"@type\":\"SearchAction\",\"target\":\"https:\/\/simracing.si\/?s={search_term_string}\",\"query-input\":\"required name=search_term_string\"}],\"inLanguage\":\"sl-SI\"},{\"@type\":\"ImageObject\",\"@id\":\"https:\/\/simracing.si\/izdelek\/volan-thrustmaster-t300-ferrari-integral-racing-wheel-alcantara-edition-ps4-pc-volan\/#primaryimage\",\"inLanguage\":\"sl-SI\",\"url\":\"https:\/\/simracing.si\/wp-content\/uploads\/2020\/04\/THE1.jpg\",\"contentUrl\":\"https:\/\/simracing.si\/wp-content\/uploads\/2020\/04\/THE1.jpg\",\"width\":640,\"height\":490},{\"@type\":\"WebPage\",\"@id\":\"https:\/\/simracing.si\/izdelek\/volan-thrustmaster-t300-ferrari-integral-racing-wheel-alcantara-edition-ps4-pc-volan\/#webpage\",\"url\":\"https:\/\/simracing.si\/izdelek\/volan-thrustmaster-t300-ferrari-integral-racing-wheel-alcantara-edition-ps4-pc-volan\/\",\"name\":\"Volan THRUSTMASTER T300 Ferrari Integral Racing Wheel Alcantara Edition PS3\/PS4\/PC5\/PC -\",\"isPartOf\":{\"@id\":\"https:\/\/simracing.si\/#website\"},\"primaryImageOfPage\":{\"@id\":\"https:\/\/simracing.si\/izdelek\/volan-thrustmaster-t300-ferrari-integral-racing-wheel-alcantara-edition-ps4-pc-volan\/#primaryimage\"},\"datePublished\":\"2020-04-30T17:28:02+00:00\",\"dateModified\":\"2023-12-05T09:11:40+00:00\",\"breadcrumb\":{\"@id\":\"https:\/\/simracing.si\/izdelek\/volan-thrustmaster-t300-ferrari-integral-racing-wheel-alcantara-edition-ps4-pc-volan\/#breadcrumb\"},\"inLanguage\":\"sl-SI\",\"potentialAction\":[{\"@type\":\"ReadAction\",\"target\":[\"https:\/\/simracing.si\/izdelek\/volan-thrustmaster-t300-ferrari-integral-racing-wheel-alcantara-edition-ps4-pc-volan\/\"]}]},{\"@type\":\"BreadcrumbList\",\"@id\":\"https:\/\/simracing.si\/izdelek\/volan-thrustmaster-t300-ferrari-integral-racing-wheel-alcantara-edition-ps4-pc-volan\/#breadcrumb\",\"itemListElement\":[{\"@type\":\"ListItem\",\"position\":1,\"item\":{\"@type\":\"WebPage\",\"@id\":\"https:\/\/simracing.si\/\",\"url\":\"https:\/\/simracing.si\/\",\"name\":\"Home\"}},{\"@type\":\"ListItem\",\"position\":2,\"item\":{\"@type\":\"WebPage\",\"@id\":\"https:\/\/simracing.si\/home\/product-category\/\",\"url\":\"https:\/\/simracing.si\/home\/product-category\/\",\"name\":\"Izdelki\"}},{\"@type\":\"ListItem\",\"position\":3,\"item\":{\"@id\":\"https:\/\/simracing.si\/izdelek\/volan-thrustmaster-t300-ferrari-integral-racing-wheel-alcantara-edition-ps4-pc-volan\/#webpage\"}}]}]}<\/script>\n<!-- \/ Yoast SEO plugin. -->","_links":{"self":[{"href":"http:\/\/simracing.si\/sl_si\/wp-json\/wp\/v2\/product\/1944"}],"collection":[{"href":"http:\/\/simracing.si\/sl_si\/wp-json\/wp\/v2\/product"}],"about":[{"href":"http:\/\/simracing.si\/sl_si\/wp-json\/wp\/v2\/types\/product"}],"replies":[{"embeddable":true,"href":"http:\/\/simracing.si\/sl_si\/wp-json\/wp\/v2\/comments?post=1944"}],"version-history":[{"count":5,"href":"http:\/\/simracing.si\/sl_si\/wp-json\/wp\/v2\/product\/1944\/revisions"}],"predecessor-version":[{"id":4276,"href":"http:\/\/simracing.si\/sl_si\/wp-json\/wp\/v2\/product\/1944\/revisions\/4276"}],"wp:featuredmedia":[{"embeddable":true,"href":"http:\/\/simracing.si\/sl_si\/wp-json\/wp\/v2\/media\/2124"}],"wp:attachment":[{"href":"http:\/\/simracing.si\/sl_si\/wp-json\/wp\/v2\/media?parent=1944"}],"curies":[{"name":"wp","href":"https:\/\/api.w.org\/{rel}","templated":true}]}}