{"id":1943,"date":"2020-04-30T18:28:02","date_gmt":"2020-04-30T16:28:02","guid":{"rendered":"https:\/\/simracing.si\/product\/volan-thrustmaster-t150-force-feedback-pcps4ps3\/"},"modified":"2023-08-04T09:14:31","modified_gmt":"2023-08-04T07:14:31","slug":"volan-thrustmaster-t150-force-feedback-pcps4ps3","status":"publish","type":"product","link":"http:\/\/simracing.si\/sl_si\/izdelek\/volan-thrustmaster-t150-force-feedback-pcps4ps3\/","title":{"rendered":"Volan Thrustmaster T150 Force feedback  PC,PS4,PS3"},"content":{"rendered":"<p><strong>\u00a0Prihajajo k nam iz THRUSTMASTER<\/strong>; Thrustmaster T150 in T150 Force Predlogi Wheel Ferrari Force Feedback <strong>\u00a0PS4, PS3 in PC<\/strong> platformah. Kot THRUSTMASTER T300, T150 je uradni PlayStation volan\u00a0z 13 PlayStation gumbi, ki se raz\u0161irja od dvojnega regulatorja \u0161ok 4. T150 celoti Zdru\u017eljiv z osebnim ra\u010dunalnikom in podpira nov operacijski sistem Windows 10, kot tudi vse prej\u0161nje razli\u010dice operacijskega sistema Windows nazaj na XP. Najve\u010dja prednost te Thrustmasterjevega volana\u00a0je njegova cena.Prisiliti povratne volan z TouchSense\u00ae tehnologijo in kota vrtenja, ki jih lahko spremenila od 270 \u00b0 C do 1080 \u00b0 C. T150 <strong>je popolnoma zdru\u017eljiv<\/strong> z T3PA in T3PA-PRO 3-pedala stopalke ali Thrustmaster TH8A Sito \/ menjalnik.<\/p>\n<p>&nbsp;<\/p>\n<p>Gre za nov TH volan, odli\u010dne kvalitete in mo\u010dan FFb povratni u\u010dinek, ko volan pretetsiramo javimo ve\u010d.<\/p>\n<p>&nbsp;<\/p>\n<p style=\"box-sizing: border-box; color: #272a34; font-family: 'Helvetica Neue', Helvetica, Arial, sans-serif; font-size: 14px; line-height: 22.4px;\"><strong>Volan, nov volan, cenovno ugoden volan, resnica ali nekaj cenovnega nezanimivega?<\/strong><\/p>\n<p style=\"box-sizing: border-box; color: #272a34; font-family: 'Helvetica Neue', Helvetica, Arial, sans-serif; font-size: 14px; line-height: 22.4px;\"><strong>Dale\u010d od tega<\/strong>, v\u010deraj je bil \u010das , da se sproba na PCju in PS4 konzoli nov TH volan, sam volan je lepo narejen, napajalnik v volanu, le kabel za priklop volana.<\/p>\n<p style=\"box-sizing: border-box; color: #272a34; font-family: 'Helvetica Neue', Helvetica, Arial, sans-serif; font-size: 14px; line-height: 22.4px;\"><strong>Obro\u010d delno mehak<\/strong>, mehka guma, drugje \u010drna tr\u0161a plastika, en mali minus glede tr\u0161e plastike, in en ve\u010dji mali plus glede mehke, ker na mehkem delu je oprijem fenomenalen, roka-prsti ne zdrsijo ko ima\u0161 nekaj dela z volanom.<\/p>\n<p style=\"box-sizing: border-box; color: #272a34; font-family: 'Helvetica Neue', Helvetica, Arial, sans-serif; font-size: 14px; line-height: 22.4px;\"><strong>Sama pozicija tipk<\/strong> je odli\u010dna, nekako vse na oprijemu ali dotiku hitremu dotiku, v primeru resne vo\u017enje so tipke na pravi legi volana, hitre in lepo narejene, spet cenovno gledano dosti odli\u010dne tipke.<\/p>\n<p style=\"box-sizing: border-box; color: #272a34; font-family: 'Helvetica Neue', Helvetica, Arial, sans-serif; font-size: 14px; line-height: 22.4px;\"><strong>Volanski obro\u010d je manj\u0161i<\/strong> , kot na TH 500, ampak posledi\u010dno je volan zelo natan\u010den, mogo\u010de malo sme\u0161no, vseeno pa je volanski obro\u010d podoben gokart obro\u010du po veli\u010dini, oprijemu, primeren tudi za mlaj\u0161e igralce, pa da vas zandje besede ne odvrnejo, je sama mo\u010d volana, sam FFB odli\u010den, nekako manj\u0161i od T 300 volana za max do 20%, \u0161e vedno za hitro dirkanje fenomenalen oz. dosti mo\u010dan, ali celo premo\u010dan.<\/p>\n<p style=\"box-sizing: border-box; color: #272a34; font-family: 'Helvetica Neue', Helvetica, Arial, sans-serif; font-size: 14px; line-height: 22.4px;\"><strong>Nekako je FFB bolj ne\u017een<\/strong> , natan\u010den in manj brutalen od TH 500, posledi\u010dno si v ovniku bolj natan\u010den in la\u017eje popravi\u0161 vozilo, \u010de te zanese ali da si prehiter itd, nekako bolj obvladljiv volan , kot TH 500, \u010de na koncu re\u010dem, da gre za hitrej\u0161e dirkanje, da si natan\u010den in hiter, si z T150 hitrej\u0161i, kot z TH 500, pa vseeno je TH 500 proti njemu, kot\u00a0ena podivjana GHD replica, T 150 , pa kot mali nabrite\u0161 CLIO CUP, primerjava vem da ni na mestu, ampak\u00a0porajajo se ti taki vtisi.<\/p>\n<p style=\"box-sizing: border-box; color: #272a34; font-family: 'Helvetica Neue', Helvetica, Arial, sans-serif; font-size: 14px; line-height: 22.4px;\">\n<p style=\"box-sizing: border-box; color: #272a34; font-family: 'Helvetica Neue', Helvetica, Arial, sans-serif; font-size: 14px; line-height: 22.4px;\"><strong>Volan na PS4 konzoli prepozna vse tipke<\/strong>, deluje kot igralni plo\u0161\u010dek, je dovolj le volan? JE, ne potrebujem plo\u0161\u010dka, lahko uredim vse re\u010di z volanom.<\/p>\n<p style=\"box-sizing: border-box; color: #272a34; font-family: 'Helvetica Neue', Helvetica, Arial, sans-serif; font-size: 14px; line-height: 22.4px;\">Mogo\u010de najslab\u0161a re\u010d volana so stoplke, ponovno so navadne plasti\u010dne, tr\u0161e stopalke, sicer odli\u010dno narejene in mo\u010dne, mala te\u017eava je ta da jih je potrebno nekam pri\u010dvrstit oz da so na koncu zelo stabilne, vseeno ker imam stopalke\u00a0od brata TH 500, je enostaven priklop in re\u010d dela z stopalkami\u00a0od TH 500 volana in tudi z novej\u0161imi T3PA, enako glede menjalnika, priloklopi\u0161 in igra\u0161.<\/p>\n<p style=\"box-sizing: border-box; color: #272a34; font-family: 'Helvetica Neue', Helvetica, Arial, sans-serif; font-size: 14px; line-height: 22.4px;\">Za hitro dirkanje in tekmovanje je komplet pripravljen, ne potrebujem ve\u010d, lahko sem hiter, enako dober ob\u010dutek originalnih stopalk, so natan\u010dne in odli\u010dne, v primeru pa da si ho\u010dem predelati volan so opcije odli\u010dne, potrebujem le menjalnik in druge stopalke.<\/p>\n<p style=\"box-sizing: border-box; color: #272a34; font-family: 'Helvetica Neue', Helvetica, Arial, sans-serif; font-size: 14px; line-height: 22.4px;\">Da se \u0161e malo pribli\u017eam ceni, cenovno je ugoden volan, ali nudi za to ceno kar si \u017eelim? Nudi, sam volan nudi ve\u010d kot dovolj za cca 239EUR, sedaj na trgu glede cene, bi lahko dodal, da je volan cenovno najbolj\u0161i, nudi odli\u010den FFB, zelo podoben kot na TH 500 ali T 300, dosti robusten in mo\u010dan volan.<\/p>\n<p style=\"box-sizing: border-box; color: #272a34; font-family: 'Helvetica Neue', Helvetica, Arial, sans-serif; font-size: 14px; line-height: 22.4px;\">Ve\u010d info \u0161e kaj kasneje!<\/p>\n<p style=\"box-sizing: border-box; color: #272a34; font-family: 'Helvetica Neue', Helvetica, Arial, sans-serif; font-size: 14px; line-height: 22.4px;\">\n<p style=\"box-sizing: border-box; color: #272a34; font-family: 'Helvetica Neue', Helvetica, Arial, sans-serif; font-size: 14px; line-height: 22.4px;\">Pisec Damjan \u0160imenc<\/p>\n<p>&nbsp;<\/p>\n<p>24 mese\u010dna garancija<\/p>\n<p>&nbsp;<\/p>\n<p><strong>Mo\u017ene menjave za druge volane kot so LOGITECH G25, G27, TH 300, TH 500 itd<\/strong><\/p>\n<p>&nbsp;<\/p>\n<p>&nbsp;<\/p>\n<p><iframe src=\"https:\/\/www.youtube.com\/embed\/crDCD4pTscU\" width=\"560\" height=\"315\" frameborder=\"0\" allowfullscreen=\"allowfullscreen\"><\/iframe><iframe src=\"https:\/\/www.youtube.com\/embed\/MJoZyCWUhDs\" width=\"560\" height=\"315\" frameborder=\"0\" allowfullscreen=\"allowfullscreen\"><\/iframe><\/p>\n","protected":false},"excerpt":{"rendered":"<p>Volan Thrustmaster T150 Force feedback PC,PS4,PS3<\/p>\n","protected":false},"featured_media":2123,"comment_status":"closed","ping_status":"closed","template":"","meta":[],"yoast_head":"<!-- This site is optimized with the Yoast SEO plugin v16.3 - https:\/\/yoast.com\/wordpress\/plugins\/seo\/ -->\n<title>Volan Thrustmaster T150 Force feedback PC,PS4,PS3 -<\/title>\n<meta name=\"robots\" content=\"index, follow, max-snippet:-1, max-image-preview:large, max-video-preview:-1\" \/>\n<link rel=\"canonical\" href=\"http:\/\/simracing.si\/sl_si\/izdelek\/volan-thrustmaster-t150-force-feedback-pcps4ps3\/\" \/>\n<meta property=\"og:locale\" content=\"sl_SI\" \/>\n<meta property=\"og:type\" content=\"article\" \/>\n<meta property=\"og:title\" content=\"Volan Thrustmaster T150 Force feedback PC,PS4,PS3 -\" \/>\n<meta property=\"og:description\" content=\"Volan Thrustmaster T150 Force feedback PC,PS4,PS3\" \/>\n<meta property=\"og:url\" content=\"http:\/\/simracing.si\/sl_si\/izdelek\/volan-thrustmaster-t150-force-feedback-pcps4ps3\/\" \/>\n<meta property=\"article:modified_time\" content=\"2023-08-04T07:14:31+00:00\" \/>\n<meta property=\"og:image\" content=\"https:\/\/simracing.si\/wp-content\/uploads\/2020\/04\/th1501.jpg\" \/>\n\t<meta property=\"og:image:width\" content=\"640\" \/>\n\t<meta property=\"og:image:height\" content=\"460\" \/>\n<meta name=\"twitter:card\" content=\"summary_large_image\" \/>\n<meta name=\"twitter:label1\" content=\"Est. reading time\">\n\t<meta name=\"twitter:data1\" content=\"3 minute\">\n<script type=\"application\/ld+json\" class=\"yoast-schema-graph\">{\"@context\":\"https:\/\/schema.org\",\"@graph\":[{\"@type\":\"WebSite\",\"@id\":\"https:\/\/simracing.si\/#website\",\"url\":\"https:\/\/simracing.si\/\",\"name\":\"\",\"description\":\"\",\"potentialAction\":[{\"@type\":\"SearchAction\",\"target\":\"https:\/\/simracing.si\/?s={search_term_string}\",\"query-input\":\"required name=search_term_string\"}],\"inLanguage\":\"sl-SI\"},{\"@type\":\"ImageObject\",\"@id\":\"https:\/\/simracing.si\/izdelek\/volan-thrustmaster-t150-force-feedback-pcps4ps3\/#primaryimage\",\"inLanguage\":\"sl-SI\",\"url\":\"https:\/\/simracing.si\/wp-content\/uploads\/2020\/04\/th1501.jpg\",\"contentUrl\":\"https:\/\/simracing.si\/wp-content\/uploads\/2020\/04\/th1501.jpg\",\"width\":640,\"height\":460},{\"@type\":\"WebPage\",\"@id\":\"https:\/\/simracing.si\/izdelek\/volan-thrustmaster-t150-force-feedback-pcps4ps3\/#webpage\",\"url\":\"https:\/\/simracing.si\/izdelek\/volan-thrustmaster-t150-force-feedback-pcps4ps3\/\",\"name\":\"Volan Thrustmaster T150 Force feedback PC,PS4,PS3 -\",\"isPartOf\":{\"@id\":\"https:\/\/simracing.si\/#website\"},\"primaryImageOfPage\":{\"@id\":\"https:\/\/simracing.si\/izdelek\/volan-thrustmaster-t150-force-feedback-pcps4ps3\/#primaryimage\"},\"datePublished\":\"2020-04-30T16:28:02+00:00\",\"dateModified\":\"2023-08-04T07:14:31+00:00\",\"breadcrumb\":{\"@id\":\"https:\/\/simracing.si\/izdelek\/volan-thrustmaster-t150-force-feedback-pcps4ps3\/#breadcrumb\"},\"inLanguage\":\"sl-SI\",\"potentialAction\":[{\"@type\":\"ReadAction\",\"target\":[\"https:\/\/simracing.si\/izdelek\/volan-thrustmaster-t150-force-feedback-pcps4ps3\/\"]}]},{\"@type\":\"BreadcrumbList\",\"@id\":\"https:\/\/simracing.si\/izdelek\/volan-thrustmaster-t150-force-feedback-pcps4ps3\/#breadcrumb\",\"itemListElement\":[{\"@type\":\"ListItem\",\"position\":1,\"item\":{\"@type\":\"WebPage\",\"@id\":\"https:\/\/simracing.si\/\",\"url\":\"https:\/\/simracing.si\/\",\"name\":\"Home\"}},{\"@type\":\"ListItem\",\"position\":2,\"item\":{\"@type\":\"WebPage\",\"@id\":\"https:\/\/simracing.si\/home\/product-category\/\",\"url\":\"https:\/\/simracing.si\/home\/product-category\/\",\"name\":\"Izdelki\"}},{\"@type\":\"ListItem\",\"position\":3,\"item\":{\"@id\":\"https:\/\/simracing.si\/izdelek\/volan-thrustmaster-t150-force-feedback-pcps4ps3\/#webpage\"}}]}]}<\/script>\n<!-- \/ Yoast SEO plugin. -->","_links":{"self":[{"href":"http:\/\/simracing.si\/sl_si\/wp-json\/wp\/v2\/product\/1943"}],"collection":[{"href":"http:\/\/simracing.si\/sl_si\/wp-json\/wp\/v2\/product"}],"about":[{"href":"http:\/\/simracing.si\/sl_si\/wp-json\/wp\/v2\/types\/product"}],"replies":[{"embeddable":true,"href":"http:\/\/simracing.si\/sl_si\/wp-json\/wp\/v2\/comments?post=1943"}],"version-history":[{"count":2,"href":"http:\/\/simracing.si\/sl_si\/wp-json\/wp\/v2\/product\/1943\/revisions"}],"predecessor-version":[{"id":4233,"href":"http:\/\/simracing.si\/sl_si\/wp-json\/wp\/v2\/product\/1943\/revisions\/4233"}],"wp:featuredmedia":[{"embeddable":true,"href":"http:\/\/simracing.si\/sl_si\/wp-json\/wp\/v2\/media\/2123"}],"wp:attachment":[{"href":"http:\/\/simracing.si\/sl_si\/wp-json\/wp\/v2\/media?parent=1943"}],"curies":[{"name":"wp","href":"https:\/\/api.w.org\/{rel}","templated":true}]}}