{"id":1934,"date":"2020-04-30T18:27:52","date_gmt":"2020-04-30T17:27:52","guid":{"rendered":"https:\/\/simracing.si\/product\/logitech-g29-novo-volan-za-ps4-pc\/"},"modified":"2020-05-19T16:00:50","modified_gmt":"2020-05-19T14:00:50","slug":"logitech-g29-novo-volan-za-ps4-pc","status":"publish","type":"product","link":"http:\/\/simracing.si\/sl_si\/izdelek\/logitech-g29-novo-volan-za-ps4-pc\/","title":{"rendered":"Logitech G29 NOVO VOLAN ZA PS4 PC"},"content":{"rendered":"<p><strong>Mo\u017ena prednaro\u010dila<\/strong> za najnovej\u0161i volan Logitech G29 serija, nova serija ponuja ve\u010d udobnih in pravilno razporejenih tipk, sistem hitrih tipk, sistem tipk na dotik&#8230;, dodobra izbolj\u0161an FFB,&#8230;<\/p>\n<p>&nbsp;<\/p>\n<p>Ve\u010d info kasneje<\/p>\n<p><strong>Volan je primeren za<\/strong> PC, PS3, PS4 sisteme, ve\u010d info kasnje ko ga dodobra stestiramo!<\/p>\n<p>&nbsp;<\/p>\n<p><strong>24 mese\u010dna garancija<\/strong>, <span style=\"color:#FF0000;\"><strong>prednaro\u010dniki nato lahko tekmujejo z nami v igri PROJECT CARS, ko odpljejo, odplej\u0161 5 dirk z nami, dobi\u0161 bon v vrednosti 20EUR!!<\/strong><\/span><\/p>\n<p><iframe allowfullscreen=\"\" frameborder=\"0\" height=\"315\" src=\"https:\/\/www.youtube.com\/embed\/QBgS9Vqoopc\" width=\"560\"><\/iframe><iframe allowfullscreen=\"\" frameborder=\"0\" height=\"315\" src=\"https:\/\/www.youtube.com\/embed\/CLpjwryB0a8\" width=\"560\"><\/iframe><\/p>\n<p>&nbsp;<\/p>\n<h2 class=\"col-md-12 col-sm-12 col-xs-12\" style=\"box-sizing: border-box; font-family: regular, Helvetica, sans-serif; font-weight: bold; line-height: 1.1; color: rgb(255, 255, 255); margin: 5px 0px 10px; font-size: 35px; text-transform: uppercase; position: relative; min-height: 1px; padding-left: 15px; padding-right: 15px; float: left; width: 1136.71875px; letter-spacing: 2px; background-color: rgb(0, 0, 0);\"><span style=\"box-sizing: border-box; border-bottom-width: 4px; border-bottom-style: solid; border-bottom-color: rgb(0, 168, 225); display: inline-block;\">FEATURES<\/span><\/h2>\n<div class=\"clearfix\" style=\"box-sizing: border-box; color: rgb(255, 255, 255); font-family: light, Helvetica, sans-serif; line-height: normal; background-color: rgb(0, 0, 0);\">&nbsp;<\/div>\n<div class=\"row first\" style=\"box-sizing: border-box; margin: 0px; clear: both; min-height: 215px; border-top-width: 0px; color: rgb(255, 255, 255); font-family: light, Helvetica, sans-serif; line-height: normal; background-color: rgb(0, 0, 0);\">\n<div class=\"info col-md-6 col-sm-6 col-xs-12\" style=\"box-sizing: border-box; position: relative; min-height: 1px; padding: 34.09375px 15px; float: left; width: 568.359375px;\">\n<h4 style=\"box-sizing: border-box; font-family: inherit; line-height: 1.2; color: inherit; margin-top: 10px; margin-bottom: 5px; font-size: 22px; text-transform: uppercase;\">FOR PLAYSTATION 3 AND PLAYSTATION 4<\/h4>\n<h5 style=\"box-sizing: border-box; font-family: inherit; font-weight: bold; line-height: 1.3; color: inherit; margin-top: 5.375px; margin-bottom: 5.375px; font-size: 14px; letter-spacing: 2px;\">Enhance your console experience<\/h5>\n<p style=\"box-sizing: border-box; margin: 0px 0px 10.765625px; max-width: 80%;\">&nbsp;<\/p>\n<p style=\"box-sizing: border-box; margin: 0px 0px 10.765625px; max-width: 80%;\">You will never want to race with a regular controller again after you add Driving Force to your controller selection.<\/p>\n<p style=\"box-sizing: border-box; margin: 0px 0px 10.765625px; max-width: 80%;\">G29 game steering wheel is designed for the latest racing games for your PlayStation\u00ae4 or PlayStation\u00ae3 console. G29 Driving Force also works on your PC using Logitech Gaming Software.<\/p>\n<p style=\"box-sizing: border-box; margin: 0px 0px 10.765625px; max-width: 80%;\"><a href=\"http:\/\/support.logitech.com\/software\/gaming-software\" style=\"box-sizing: border-box; color: rgb(0, 169, 224); text-decoration: none; outline: 0px; background: 0px 0px;\">Download Logitech Gaming Software<\/a><\/p>\n<\/div>\n<\/div>\n<p>&nbsp;<\/p>\n<div class=\"container\" style=\"box-sizing: border-box; margin: 0px auto; padding: 0px; width: 1263px; z-index: 1000; max-width: 1280px; min-height: 200px; position: relative;\">\n<section id=\"product\" itemscope=\"\" itemtype=\"http:\/\/schema.org\/Product\" style=\"box-sizing: border-box; position: relative; clear: both;\">\n<section class=\"impactRow row\" id=\"specs\" style=\"box-sizing: border-box; position: relative; clear: both; margin: 0px; padding: 63.140625px 63.140625px 25.25px; background-color: rgb(0, 169, 224);\">\n<h2 class=\"col-md-12 col-sm-12 col-xs-12\" style=\"box-sizing: border-box; font-family: regular, Helvetica, sans-serif; font-weight: bold; line-height: 1.1; color: inherit; margin: 5px 0px 10px; font-size: 35px; text-transform: uppercase; position: relative; min-height: 1px; padding-left: 15px; padding-right: 15px; float: left; width: 1136.71875px; letter-spacing: 2px;\"><span style=\"box-sizing: border-box; border-bottom-width: 4px; border-bottom-style: solid; border-color: rgb(255, 255, 255); display: inline-block;\">SPECIFICATIONS<\/span><\/h2>\n<div class=\"col-md-6 col-sm-6 col-xs-12\" style=\"box-sizing: border-box; position: relative; min-height: 1px; padding-left: 15px; padding-right: 15px; float: left; width: 568.359375px;\">\n<h5 class=\"dark-grey\" style=\"box-sizing: border-box; font-family: inherit; font-weight: bold; line-height: 1.3; color: inherit; margin-top: 5.375px; margin-bottom: 5.375px; font-size: 14px; letter-spacing: 2px; text-transform: uppercase;\">PART NUMBER<\/h5>\n<dl style=\"box-sizing: border-box; margin-top: 0px; margin-bottom: 20px;\">\n<dd style=\"box-sizing: border-box; line-height: 1.42857143; margin-left: 0px; margin-bottom: 0.45em;\">941-000112<\/dd>\n<\/dl>\n<h5 class=\"dark-grey\" style=\"box-sizing: border-box; font-family: inherit; font-weight: bold; line-height: 1.3; color: inherit; margin-top: 5.375px; margin-bottom: 5.375px; font-size: 14px; letter-spacing: 2px; text-transform: uppercase;\">WARRANTY INFORMATION<\/h5>\n<dl style=\"box-sizing: border-box; margin-top: 0px; margin-bottom: 20px;\">\n<dd style=\"box-sizing: border-box; line-height: 1.42857143; margin-left: 0px; margin-bottom: 0.45em;\">2-Year Limited Hardware Warranty<\/dd>\n<\/dl>\n<h5 style=\"box-sizing: border-box; font-family: inherit; font-weight: bold; line-height: 1.3; color: inherit; margin-top: 5.375px; margin-bottom: 5.375px; font-size: 14px; letter-spacing: 2px; text-transform: uppercase;\">SYSTEM REQUIREMENTS<\/h5>\n<dl style=\"box-sizing: border-box; margin-top: 0px; margin-bottom: 20px;\">\n<dd style=\"box-sizing: border-box; line-height: 1.42857143; margin-left: 0px; margin-bottom: 0.45em;\">\n<p style=\"box-sizing: border-box; margin: 0px 0px 10.765625px;\">Playstation\u00ae4 or Playstation\u00ae3<br style=\"box-sizing: border-box;\" \/><br \/>\n\tPowered USB port<\/p>\n<p style=\"box-sizing: border-box; margin: 0px 0px 10.765625px;\">OR<\/p>\n<p style=\"box-sizing: border-box; margin: 0px 0px 10.765625px;\">Windows\u00ae 8.1, Windows 8 or Windows 7<\/p>\n<p>\tPowered USB Port<br style=\"box-sizing: border-box;\" \/><br \/>\n\tInternet connection and 150MB hard drive space (for optional software download)<br style=\"box-sizing: border-box;\" \/><br \/>\n\tGames that support Logitech\u00ae force feedback racing wheel<\/dd>\n<\/dl>\n<h5 style=\"box-sizing: border-box; font-family: inherit; font-weight: bold; line-height: 1.3; color: inherit; margin-top: 5.375px; margin-bottom: 5.375px; font-size: 14px; letter-spacing: 2px; text-transform: uppercase;\">PACKAGE CONTENTS<\/h5>\n<dl style=\"box-sizing: border-box; margin-top: 0px; margin-bottom: 20px;\">\n<dd style=\"box-sizing: border-box; line-height: 1.42857143; margin-left: 0px; margin-bottom: 0.45em;\">\n<p style=\"box-sizing: border-box; margin: 0px 0px 10.765625px;\">Steering wheel<br style=\"box-sizing: border-box;\" \/><br \/>\n\tPedals<br style=\"box-sizing: border-box;\" \/><br \/>\n\tPower adapter<br style=\"box-sizing: border-box;\" \/><br \/>\n\tUser documentation&nbsp;<\/p>\n<\/dd>\n<\/dl>\n<\/div>\n<div class=\"col-md-6 col-sm-6 col-xs-12\" style=\"box-sizing: border-box; position: relative; min-height: 1px; padding-left: 15px; padding-right: 15px; float: left; width: 568.359375px;\">\n<h5 class=\"dark-grey\" style=\"box-sizing: border-box; font-family: inherit; font-weight: bold; line-height: 1.3; color: inherit; margin-top: 5.375px; margin-bottom: 5.375px; font-size: 14px; letter-spacing: 2px; text-transform: uppercase;\">PHYSICAL SPECIFICATIONS<\/h5>\n<dl style=\"box-sizing: border-box; margin-top: 0px; margin-bottom: 20px;\">\n<dd style=\"box-sizing: border-box; line-height: 1.42857143; margin-left: 0px; margin-bottom: 0.45em;\"><span style=\"box-sizing: border-box; font-weight: 700;\">Wheel<\/span><\/p>\n<ul style=\"box-sizing: border-box; margin-top: 0px; margin-bottom: 10px;\">\n<li style=\"box-sizing: border-box;\">Height: 270 mm (10.63 in)<\/li>\n<li style=\"box-sizing: border-box;\">Width: 260 mm (10.24 in)<\/li>\n<li style=\"box-sizing: border-box;\">Length: 278 mm (10.94 in)<\/li>\n<li style=\"box-sizing: border-box;\">Weight without cables: 2.25 kg (4.96 lb)<\/li>\n<\/ul>\n<p>\t<span style=\"box-sizing: border-box; font-weight: 700;\">Pedal<\/span><\/p>\n<ul style=\"box-sizing: border-box; margin-top: 0px; margin-bottom: 10px;\">\n<li style=\"box-sizing: border-box;\">Height: 167 mm (6.57 in)<\/li>\n<li style=\"box-sizing: border-box;\">Width: 428.5 mm (16.87 in)<\/li>\n<li style=\"box-sizing: border-box;\">Depth: 311 mm (12.24 in)<\/li>\n<li style=\"box-sizing: border-box;\">Weight without cables: 3.1 kg (6.83 lb)<\/li>\n<\/ul>\n<\/dd>\n<\/dl>\n<h5 class=\"dark-grey\" style=\"box-sizing: border-box; font-family: inherit; font-weight: bold; line-height: 1.3; color: inherit; margin-top: 5.375px; margin-bottom: 5.375px; font-size: 14px; letter-spacing: 2px; text-transform: uppercase;\">TECHNICAL SPECIFICATIONS<\/h5>\n<dl style=\"box-sizing: border-box; margin-top: 0px; margin-bottom: 20px;\">\n<dd style=\"box-sizing: border-box; line-height: 1.42857143; margin-left: 0px; margin-bottom: 0.45em;\">\n<ul style=\"box-sizing: border-box; margin-top: 0px; margin-bottom: 10px;\">\n<li style=\"box-sizing: border-box;\">Software Support (at release):&nbsp;Logitech Gaming Software<\/li>\n<li style=\"box-sizing: border-box;\">Connection Type: USB<\/li>\n<li style=\"box-sizing: border-box;\">USB VID_PID: 046D_C24F (PC Mode)<\/li>\n<li style=\"box-sizing: border-box;\">USB Protocol: USB 2.0<\/li>\n<li style=\"box-sizing: border-box;\">USB Speed: Full Speed<\/li>\n<li style=\"box-sizing: border-box;\">Indicator Lights (LED): Yes<\/li>\n<\/ul>\n<\/dd>\n<\/dl>\n<\/div>\n<div class=\"row\" style=\"box-sizing: border-box; margin: 0px; clear: both;\">\n<ul class=\"disclaimers clearfix\" style=\"box-sizing: border-box; margin-top: 0px; margin-bottom: 10px; padding-left: 15px; font-size: 12px; list-style: none;\">\n<li style=\"box-sizing: border-box;\">&nbsp;<\/li>\n<\/ul>\n<\/div>\n<\/section>\n<div id=\"promotionsAnchor\" style=\"box-sizing: border-box;\">&nbsp;<\/div>\n<\/section>\n<\/div>\n<div class=\"alert in cookie_notice\" id=\"cookie_notice\" style=\"box-sizing: border-box; padding: 10px; margin: 0px auto; border: 1px solid transparent; border-radius: 4px; color: rgb(153, 153, 153); background-color: rgb(45, 45, 45);\">\n<div class=\"c-wrap clearfix\" style=\"box-sizing: border-box; margin: 0px auto; max-width: 1280px; position: relative; font-family: light, Helvetica, sans-serif; line-height: normal;\">&nbsp;<\/div>\n<\/div>\n<p>&nbsp;<\/p>\n<p>&nbsp;<\/p>\n","protected":false},"excerpt":{"rendered":"<p>Logitech G29 NOVO prednaro\u010dilo volan<\/p>\n","protected":false},"featured_media":2116,"comment_status":"closed","ping_status":"closed","template":"","meta":[],"yoast_head":"<!-- This site is optimized with the Yoast SEO plugin v16.3 - https:\/\/yoast.com\/wordpress\/plugins\/seo\/ -->\n<title>Logitech G29 NOVO VOLAN ZA PS4 PC -<\/title>\n<meta name=\"robots\" content=\"index, follow, max-snippet:-1, max-image-preview:large, max-video-preview:-1\" \/>\n<link rel=\"canonical\" href=\"https:\/\/simracing.si\/sl_si\/izdelek\/logitech-g29-novo-volan-za-ps4-pc\/\" \/>\n<meta property=\"og:locale\" content=\"sl_SI\" \/>\n<meta property=\"og:type\" content=\"article\" \/>\n<meta property=\"og:title\" content=\"Logitech G29 NOVO VOLAN ZA PS4 PC -\" \/>\n<meta property=\"og:description\" content=\"Logitech G29 NOVO prednaro\u010dilo volan\" \/>\n<meta property=\"og:url\" content=\"https:\/\/simracing.si\/sl_si\/izdelek\/logitech-g29-novo-volan-za-ps4-pc\/\" \/>\n<meta property=\"article:modified_time\" content=\"2020-05-19T14:00:50+00:00\" \/>\n<meta property=\"og:image\" content=\"https:\/\/simracing.si\/wp-content\/uploads\/2020\/04\/l1.jpg\" \/>\n\t<meta property=\"og:image:width\" content=\"616\" \/>\n\t<meta property=\"og:image:height\" content=\"347\" \/>\n<meta name=\"twitter:card\" content=\"summary_large_image\" \/>\n<meta name=\"twitter:label1\" content=\"Est. reading time\">\n\t<meta name=\"twitter:data1\" content=\"1 minuta\">\n<script type=\"application\/ld+json\" class=\"yoast-schema-graph\">{\"@context\":\"https:\/\/schema.org\",\"@graph\":[{\"@type\":\"WebSite\",\"@id\":\"https:\/\/simracing.si\/#website\",\"url\":\"https:\/\/simracing.si\/\",\"name\":\"\",\"description\":\"\",\"potentialAction\":[{\"@type\":\"SearchAction\",\"target\":\"https:\/\/simracing.si\/?s={search_term_string}\",\"query-input\":\"required name=search_term_string\"}],\"inLanguage\":\"sl-SI\"},{\"@type\":\"ImageObject\",\"@id\":\"https:\/\/simracing.si\/sl_si\/izdelek\/logitech-g29-novo-volan-za-ps4-pc\/#primaryimage\",\"inLanguage\":\"sl-SI\",\"url\":\"https:\/\/simracing.si\/wp-content\/uploads\/2020\/04\/l1.jpg\",\"contentUrl\":\"https:\/\/simracing.si\/wp-content\/uploads\/2020\/04\/l1.jpg\",\"width\":616,\"height\":347},{\"@type\":\"WebPage\",\"@id\":\"https:\/\/simracing.si\/sl_si\/izdelek\/logitech-g29-novo-volan-za-ps4-pc\/#webpage\",\"url\":\"https:\/\/simracing.si\/sl_si\/izdelek\/logitech-g29-novo-volan-za-ps4-pc\/\",\"name\":\"Logitech G29 NOVO VOLAN ZA PS4 PC -\",\"isPartOf\":{\"@id\":\"https:\/\/simracing.si\/#website\"},\"primaryImageOfPage\":{\"@id\":\"https:\/\/simracing.si\/sl_si\/izdelek\/logitech-g29-novo-volan-za-ps4-pc\/#primaryimage\"},\"datePublished\":\"2020-04-30T17:27:52+00:00\",\"dateModified\":\"2020-05-19T14:00:50+00:00\",\"breadcrumb\":{\"@id\":\"https:\/\/simracing.si\/sl_si\/izdelek\/logitech-g29-novo-volan-za-ps4-pc\/#breadcrumb\"},\"inLanguage\":\"sl-SI\",\"potentialAction\":[{\"@type\":\"ReadAction\",\"target\":[\"https:\/\/simracing.si\/sl_si\/izdelek\/logitech-g29-novo-volan-za-ps4-pc\/\"]}]},{\"@type\":\"BreadcrumbList\",\"@id\":\"https:\/\/simracing.si\/sl_si\/izdelek\/logitech-g29-novo-volan-za-ps4-pc\/#breadcrumb\",\"itemListElement\":[{\"@type\":\"ListItem\",\"position\":1,\"item\":{\"@type\":\"WebPage\",\"@id\":\"https:\/\/simracing.si\/\",\"url\":\"https:\/\/simracing.si\/\",\"name\":\"Home\"}},{\"@type\":\"ListItem\",\"position\":2,\"item\":{\"@type\":\"WebPage\",\"@id\":\"https:\/\/simracing.si\/home\/product-category\/\",\"url\":\"https:\/\/simracing.si\/home\/product-category\/\",\"name\":\"Izdelki\"}},{\"@type\":\"ListItem\",\"position\":3,\"item\":{\"@id\":\"https:\/\/simracing.si\/sl_si\/izdelek\/logitech-g29-novo-volan-za-ps4-pc\/#webpage\"}}]}]}<\/script>\n<!-- \/ Yoast SEO plugin. -->","_links":{"self":[{"href":"http:\/\/simracing.si\/sl_si\/wp-json\/wp\/v2\/product\/1934"}],"collection":[{"href":"http:\/\/simracing.si\/sl_si\/wp-json\/wp\/v2\/product"}],"about":[{"href":"http:\/\/simracing.si\/sl_si\/wp-json\/wp\/v2\/types\/product"}],"replies":[{"embeddable":true,"href":"http:\/\/simracing.si\/sl_si\/wp-json\/wp\/v2\/comments?post=1934"}],"version-history":[{"count":1,"href":"http:\/\/simracing.si\/sl_si\/wp-json\/wp\/v2\/product\/1934\/revisions"}],"predecessor-version":[{"id":2432,"href":"http:\/\/simracing.si\/sl_si\/wp-json\/wp\/v2\/product\/1934\/revisions\/2432"}],"wp:featuredmedia":[{"embeddable":true,"href":"http:\/\/simracing.si\/sl_si\/wp-json\/wp\/v2\/media\/2116"}],"wp:attachment":[{"href":"http:\/\/simracing.si\/sl_si\/wp-json\/wp\/v2\/media?parent=1934"}],"curies":[{"name":"wp","href":"https:\/\/api.w.org\/{rel}","templated":true}]}}