{"id":1920,"date":"2020-04-30T18:27:52","date_gmt":"2020-04-30T17:27:52","guid":{"rendered":"https:\/\/simracing.si\/product\/volan-za-ps4-ali-ps3-thrustmaster-t300-ferrari-gte-racing-wheel\/"},"modified":"2020-05-19T16:03:10","modified_gmt":"2020-05-19T14:03:10","slug":"volan-za-ps4-ali-ps3-thrustmaster-t300-ferrari-gte-racing-wheel","status":"publish","type":"product","link":"http:\/\/simracing.si\/sl_si\/izdelek\/volan-za-ps4-ali-ps3-thrustmaster-t300-ferrari-gte-racing-wheel\/","title":{"rendered":"Volan za PS4 ali PS3 Thrustmaster T300 Ferrari GTE Racing Wheel"},"content":{"rendered":"<p>Vrhunski &nbsp;volan za Playstation 3 igralno konzolo in igro serije Gran Turismo 5 ali 6, odli\u010den tudi za PS4, volan bo imel podporo za Gran Turismo&nbsp;7, enako odli\u010dno deluje na PC osebnem ra\u010dunalniku primeren za igre (RBR, GT1,2,3, GTR EVO, ASSETO CORSA, F1, IRACING in ostalo), odli\u010den in mo\u010dan novi izbolj\u0161a FFB na\u010din delovanja, replika F volana.<\/p>\n<p>&nbsp;<\/p>\n<h2 style=\"margin: 0px; padding: 0px 0px 0px 20px; font-size: 11px; font-family: Arial, Helvetica, sans-serif; position: relative; overflow: hidden; z-index: 50; color: rgb(0, 0, 0); line-height: normal; background: url(http:\/\/www.thrustmaster.com\/sites\/all\/themes\/thrustmaster\/css\/images\/panel-top-left-corner.png) no-repeat rgb(0, 0, 0);\"><span class=\"title\" style=\"margin: 0px; padding: 5px 0px 0px; font-size: 2em; font-family: HelveticaLight; position: relative; float: left; height: 30px; min-width: 336px; color: rgb(250, 17, 0); letter-spacing: 3px; text-transform: uppercase; display: inline-block; background: url(http:\/\/www.thrustmaster.com\/sites\/all\/themes\/thrustmaster\/css\/images\/panel-top-middle.png) repeat-x;\">FEATURES<\/span><\/h2>\n<div class=\"product-panel-content\" style=\"margin: -3px 0px 0px; padding: 5px 5px 5px 25px; font-size: 11px; font-family: Arial, Helvetica, sans-serif; position: relative; overflow: hidden; border-top-left-radius: 0px; border-top-right-radius: 15px; border-bottom-right-radius: 5px; border-bottom-left-radius: 5px; min-height: 250px; box-shadow: rgb(102, 102, 102) 0px 0px 3px inset; -webkit-box-shadow: rgb(102, 102, 102) 0px 0px 3px inset; z-index: 40; color: rgb(0, 0, 0); line-height: normal; background-color: rgb(244, 244, 244);\">\n<div class=\"product-panel-blocks\" style=\"margin: 10px 0px 0px; padding: 0px; position: relative; overflow: hidden; float: left;\">\n<div class=\"product-feature-block\" style=\"margin: 0px 10px 18px 0px; padding: 0px; position: relative; width: 445px; float: left; clear: left;\"><img alt=\"\" class=\"imagecache imagecache-feature\" height=\"81\" src=\"http:\/\/www.thrustmaster.com\/sites\/default\/files\/imagecache\/feature\/feature\/heart_16.png\" style=\"margin: 3px 15px 3px 3px; padding: 0px; position: relative; border: none; vertical-align: middle; float: left;\" title=\"\" width=\"93\" \/><\/p>\n<div style=\"margin: 0px; padding: 0px; position: relative; float: left; width: 330px;\">\n<p class=\"title\" style=\"margin: 8px 0px; padding: 0px; font-size: 1.1em; position: relative; color: rgb(84, 84, 84); font-weight: bold; letter-spacing: 1px;\">1080\u00b0 Force Feedback base featuring an industrial-class brushless motor<\/p>\n<p style=\"margin: 8px 0px; padding: 0px; position: relative; color: rgb(84, 84, 84);\"><strong style=\"margin: 0px; padding: 0px; position: relative;\">Industrial-class brushless motor<\/strong><br style=\"margin: 0px; padding: 0px; position: relative;\" \/><br \/>\nSuper smooth and seamless Force Feedback effect, ultra-responsive and realistic Force effects<br style=\"margin: 0px; padding: 0px; position: relative;\" \/><br \/>\n<br style=\"margin: 0px; padding: 0px; position: relative;\" \/><br \/>\n<strong style=\"margin: 0px; padding: 0px; position: relative;\">New dual-belt, friction-free optimized mechanism<\/strong><br style=\"margin: 0px; padding: 0px; position: relative;\" \/><br \/>\nSmooth and seamless efforts \u2011 Super silent system<br style=\"margin: 0px; padding: 0px; position: relative;\" \/><br \/>\n<br style=\"margin: 0px; padding: 0px; position: relative;\" \/><br \/>\n<strong style=\"margin: 0px; padding: 0px; position: relative;\">High-precision racing wheel<\/strong><br style=\"margin: 0px; padding: 0px; position: relative;\" \/><br \/>\nH.E.A.R.T HallEffect AccuRate Technology\u2122(*) technology, featuring a contactless magnetic sensor: precision won\u2019t decrease over time<br style=\"margin: 0px; padding: 0px; position: relative;\" \/><br \/>\n16-bit resolution, i.e. 65,536 values on the steering<br style=\"margin: 0px; padding: 0px; position: relative;\" \/><br \/>\n<br style=\"margin: 0px; padding: 0px; position: relative;\" \/><br \/>\n<strong style=\"margin: 0px; padding: 0px; position: relative;\">Rotation angle adjustable from 270\u00b0 to 1080\u00b0<\/strong><br style=\"margin: 0px; padding: 0px; position: relative;\" \/><br \/>\n<br style=\"margin: 0px; padding: 0px; position: relative;\" \/><br \/>\n<strong style=\"margin: 0px; padding: 0px; position: relative;\">Internal memory and upgradeable firmware<\/strong><br style=\"margin: 0px; padding: 0px; position: relative;\" \/><br \/>\n&nbsp;<\/p>\n<\/div>\n<\/div>\n<div class=\"product-feature-block\" style=\"margin: 0px 10px 18px 0px; padding: 0px; position: relative; width: 445px; float: left;\"><img alt=\"\" class=\"imagecache imagecache-feature\" height=\"81\" src=\"http:\/\/www.thrustmaster.com\/sites\/default\/files\/imagecache\/feature\/feature\/featuresferrari_46.png\" style=\"margin: 3px 15px 3px 3px; padding: 0px; position: relative; border: none; vertical-align: middle; float: left;\" title=\"\" width=\"93\" \/><\/p>\n<div style=\"margin: 0px; padding: 0px; position: relative; float: left; width: 330px;\">\n<p class=\"title\" style=\"margin: 8px 0px; padding: 0px; font-size: 1.1em; position: relative; color: rgb(84, 84, 84); font-weight: bold; letter-spacing: 1px;\">Detachable, 7:10 scale replica of the FERRARI 458 CHALLENGE wheel<\/p>\n<p style=\"margin: 8px 0px; padding: 0px; position: relative; color: rgb(84, 84, 84);\"><strong style=\"margin: 0px; padding: 0px; position: relative;\">Official PlayStation\u00ae4 buttons included (PS, SHARE, OPTIONS)<\/strong><br style=\"margin: 0px; padding: 0px; position: relative;\" \/><br \/>\nAccess the new social features by instantly switching between the game and the system, at any time<br style=\"margin: 0px; padding: 0px; position: relative;\" \/><br \/>\n<br style=\"margin: 0px; padding: 0px; position: relative;\" \/><br \/>\n<strong style=\"margin: 0px; padding: 0px; position: relative;\">Realistic: 11\u201d \/ 28&nbsp;cm diameter racing wheel featuring a brushed metal central spokes<\/strong><br style=\"margin: 0px; padding: 0px; position: relative;\" \/><br \/>\n<br style=\"margin: 0px; padding: 0px; position: relative;\" \/><br \/>\n<strong style=\"margin: 0px; padding: 0px; position: relative;\">Reinforced rubber texture&nbsp;<\/strong>on the wheel\u2019s entire circumference<br style=\"margin: 0px; padding: 0px; position: relative;\" \/><br \/>\n<br style=\"margin: 0px; padding: 0px; position: relative;\" \/><br \/>\n<strong style=\"margin: 0px; padding: 0px; position: relative;\">Weighs around2.6 lbs \/ 1.2 kg<\/strong>, for ultra-realistic inertia and Force Feedback<br style=\"margin: 0px; padding: 0px; position: relative;\" \/><br \/>\n<br style=\"margin: 0px; padding: 0px; position: relative;\" \/><br \/>\n<strong style=\"margin: 0px; padding: 0px; position: relative;\">2 large fixed paddle shifters on the racing wheel<\/strong><br style=\"margin: 0px; padding: 0px; position: relative;\" \/><br \/>\n5\u201d \/ 13 cm high paddle shifters<br style=\"margin: 0px; padding: 0px; position: relative;\" \/><br \/>\n100% metal&nbsp;<br style=\"margin: 0px; padding: 0px; position: relative;\" \/><br \/>\nTact switch with life cycle exceeding 10,000,000 activations<br style=\"margin: 0px; padding: 0px; position: relative;\" \/><br \/>\n<br style=\"margin: 0px; padding: 0px; position: relative;\" \/><br \/>\n<strong style=\"margin: 0px; padding: 0px; position: relative;\">Comprehensive driving gear<\/strong><br style=\"margin: 0px; padding: 0px; position: relative;\" \/><br \/>\n13 action buttons (including 2 on base) + 1 D-Pad<br style=\"margin: 0px; padding: 0px; position: relative;\" \/><br \/>\n<br style=\"margin: 0px; padding: 0px; position: relative;\" \/><br \/>\n<strong style=\"margin: 0px; padding: 0px; position: relative;\">Detachable racing wheel featuring the Thrustmaster Quick Release system<\/strong><br style=\"margin: 0px; padding: 0px; position: relative;\" \/><br \/>\nSwitch racing wheels easily<br style=\"margin: 0px; padding: 0px; position: relative;\" \/><br \/>\n&nbsp;<\/p>\n<\/div>\n<\/div>\n<div class=\"product-feature-block\" style=\"margin: 0px 10px 18px 0px; padding: 0px; position: relative; width: 445px; float: left; clear: left;\"><img alt=\"\" class=\"imagecache imagecache-feature\" height=\"81\" src=\"http:\/\/www.thrustmaster.com\/sites\/default\/files\/imagecache\/feature\/feature\/caracteristiquedefauts_510.png\" style=\"margin: 3px 15px 3px 3px; padding: 0px; position: relative; border: none; vertical-align: middle; float: left;\" title=\"\" width=\"93\" \/><\/p>\n<div style=\"margin: 0px; padding: 0px; position: relative; float: left; width: 330px;\">\n<p class=\"title\" style=\"margin: 8px 0px; padding: 0px; font-size: 1.1em; position: relative; color: rgb(84, 84, 84); font-weight: bold; letter-spacing: 1px;\">COMPATIBILITY<\/p>\n<p style=\"margin: 8px 0px; padding: 0px; position: relative; color: rgb(84, 84, 84);\"><strong style=\"margin: 0px; padding: 0px; position: relative;\">PC compatible<\/strong>&nbsp;<br style=\"margin: 0px; padding: 0px; position: relative;\" \/><br \/>\nOfficial licensed PS4\u2122 \/ PS3\u2122&nbsp; with automatic recognition by the PS4\u2122 system and PS4\u2122\/PS3\u2122 sliding switch for optimum compatibility on both systems<\/p>\n<p style=\"margin: 8px 0px; padding: 0px; position: relative; color: rgb(84, 84, 84);\"><a href=\"http:\/\/ts.thrustmaster.com\/eng\/index.php?pg=view_files&amp;gid=3&amp;fid=15&amp;pid=377&amp;cid=12\" style=\"margin: 0px; padding: 0px; position: relative; color: rgb(255, 17, 0); text-decoration: none;\">List of ForceFeedback games<\/a><br style=\"margin: 0px; padding: 0px; position: relative;\" \/><br \/>\n&nbsp;<\/p>\n<p style=\"margin: 8px 0px; padding: 0px; position: relative; color: rgb(84, 84, 84);\">&nbsp;<\/p>\n<\/div>\n<\/div>\n<div class=\"product-feature-block\" style=\"margin: 0px 10px 18px 0px; padding: 0px; position: relative; width: 445px; float: left;\"><img alt=\"\" class=\"imagecache imagecache-feature\" height=\"81\" src=\"http:\/\/www.thrustmaster.com\/sites\/default\/files\/imagecache\/feature\/feature\/fixation_68.png\" style=\"margin: 3px 15px 3px 3px; padding: 0px; position: relative; border: none; vertical-align: middle; float: left;\" title=\"\" width=\"93\" \/><\/p>\n<div style=\"margin: 0px; padding: 0px; position: relative; float: left; width: 330px;\">\n<p class=\"title\" style=\"margin: 8px 0px; padding: 0px; font-size: 1.1em; position: relative; color: rgb(84, 84, 84); font-weight: bold; letter-spacing: 1px;\">Robust and versatile attachment system<\/p>\n<p style=\"margin: 8px 0px; padding: 0px; position: relative; color: rgb(84, 84, 84);\"><strong style=\"margin: 0px; padding: 0px; position: relative;\">Compatible with all mounts (desks\/tables\/cockpits\/etc.)<\/strong><\/p>\n<\/div>\n<\/div>\n<div class=\"product-feature-block\" style=\"margin: 0px 10px 18px 0px; padding: 0px; position: relative; width: 445px; float: left; clear: left;\"><img alt=\"\" class=\"imagecache imagecache-feature\" height=\"81\" src=\"http:\/\/www.thrustmaster.com\/sites\/default\/files\/imagecache\/feature\/feature\/pedales_55.png\" style=\"margin: 3px 15px 3px 3px; padding: 0px; position: relative; border: none; vertical-align: middle; float: left;\" title=\"\" width=\"93\" \/><\/p>\n<div style=\"margin: 0px; padding: 0px; position: relative; float: left; width: 330px;\">\n<p class=\"title\" style=\"margin: 8px 0px; padding: 0px; font-size: 1.1em; position: relative; color: rgb(84, 84, 84); font-weight: bold; letter-spacing: 1px;\">Fully adjustable metal pedals included<\/p>\n<p style=\"margin: 8px 0px; padding: 0px; position: relative; color: rgb(84, 84, 84);\"><strong style=\"margin: 0px; padding: 0px; position: relative;\">Metal pedals with long range of travel<\/strong><br style=\"margin: 0px; padding: 0px; position: relative;\" \/><br \/>\n<strong style=\"margin: 0px; padding: 0px; position: relative;\">Brake pedal with progressive resistance<\/strong><br style=\"margin: 0px; padding: 0px; position: relative;\" \/><br \/>\n<strong style=\"margin: 0px; padding: 0px; position: relative;\">Pedals fully adjustable in height and spacing<\/strong>&nbsp;for 6 possible positions for each pedal<\/p>\n<\/div>\n<\/div>\n<div class=\"product-feature-block\" style=\"margin: 0px 10px 18px 0px; padding: 0px; position: relative; width: 445px; float: left;\"><img alt=\"\" class=\"imagecache imagecache-feature\" height=\"81\" src=\"http:\/\/www.thrustmaster.com\/sites\/default\/files\/imagecache\/feature\/feature\/ecosystem_3.png\" style=\"margin: 3px 15px 3px 3px; padding: 0px; position: relative; border: none; vertical-align: middle; float: left;\" title=\"\" width=\"93\" \/><\/p>\n<div style=\"margin: 0px; padding: 0px; position: relative; float: left; width: 330px;\">\n<p class=\"title\" style=\"margin: 8px 0px; padding: 0px; font-size: 1.1em; position: relative; color: rgb(84, 84, 84); font-weight: bold; letter-spacing: 1px;\">ECOSYSTEM<\/p>\n<p style=\"margin: 8px 0px; padding: 0px; position: relative; color: rgb(84, 84, 84);\"><strong style=\"margin: 0px; padding: 0px; position: relative;\">Compatible with all currently available detachable racing wheels<\/strong><br style=\"margin: 0px; padding: 0px; position: relative;\" \/><br \/>\n(Ferrari F1 Add-on**, Ferrari GTE Add-on**, T500 RS GT Wheel** and Base-Fixed Paddle Shifters kit**)<br style=\"margin: 0px; padding: 0px; position: relative;\" \/><br \/>\n<strong style=\"margin: 0px; padding: 0px; position: relative;\">Compatible with the T3PA<\/strong>** (Thrustmaster 3 Pedals Add-on)&nbsp;<strong style=\"margin: 0px; padding: 0px; position: relative;\">and the T500 RS pedal sets<\/strong><br style=\"margin: 0px; padding: 0px; position: relative;\" \/><br \/>\n<strong style=\"margin: 0px; padding: 0px; position: relative;\">Compatible with the TH8A** and TH8RS** gearboxes<\/strong><br style=\"margin: 0px; padding: 0px; position: relative;\" \/><br \/>\n&nbsp; &nbsp;<br style=\"margin: 0px; padding: 0px; position: relative;\" \/><br \/>\n* Patent pending&nbsp;&nbsp; &nbsp;<br style=\"margin: 0px; padding: 0px; position: relative;\" \/><br \/>\n** Sold separately<\/p>\n<\/div>\n<\/div>\n<\/div>\n<\/div>\n","protected":false},"excerpt":{"rendered":"<p>Volan za PS4 ali PS3 Thrustmaster T300 Ferrari GTE Racing Wheel<\/p>\n","protected":false},"featured_media":2102,"comment_status":"closed","ping_status":"open","template":"","meta":[],"yoast_head":"<!-- This site is optimized with the Yoast SEO plugin v16.3 - https:\/\/yoast.com\/wordpress\/plugins\/seo\/ -->\n<title>Volan za PS4 ali PS3 Thrustmaster T300 Ferrari GTE Racing Wheel -<\/title>\n<meta name=\"robots\" content=\"index, follow, max-snippet:-1, max-image-preview:large, max-video-preview:-1\" \/>\n<link rel=\"canonical\" href=\"https:\/\/simracing.si\/sl_si\/product\/volan-za-ps4-ali-ps3-thrustmaster-t300-ferrari-gte-racing-wheel\/\" \/>\n<meta property=\"og:locale\" content=\"sl_SI\" \/>\n<meta property=\"og:type\" content=\"article\" \/>\n<meta property=\"og:title\" content=\"Volan za PS4 ali PS3 Thrustmaster T300 Ferrari GTE Racing Wheel -\" \/>\n<meta property=\"og:description\" content=\"Volan za PS4 ali PS3 Thrustmaster T300 Ferrari GTE Racing Wheel\" \/>\n<meta property=\"og:url\" content=\"https:\/\/simracing.si\/sl_si\/product\/volan-za-ps4-ali-ps3-thrustmaster-t300-ferrari-gte-racing-wheel\/\" \/>\n<meta property=\"article:modified_time\" content=\"2020-05-19T14:03:10+00:00\" \/>\n<meta property=\"og:image\" content=\"https:\/\/simracing.si\/wp-content\/uploads\/2020\/04\/t1.jpg\" \/>\n\t<meta property=\"og:image:width\" content=\"600\" \/>\n\t<meta property=\"og:image:height\" content=\"600\" \/>\n<meta name=\"twitter:card\" content=\"summary_large_image\" \/>\n<meta name=\"twitter:label1\" content=\"Est. reading time\">\n\t<meta name=\"twitter:data1\" content=\"2 minuti\">\n<script type=\"application\/ld+json\" class=\"yoast-schema-graph\">{\"@context\":\"https:\/\/schema.org\",\"@graph\":[{\"@type\":\"WebSite\",\"@id\":\"https:\/\/simracing.si\/#website\",\"url\":\"https:\/\/simracing.si\/\",\"name\":\"\",\"description\":\"\",\"potentialAction\":[{\"@type\":\"SearchAction\",\"target\":\"https:\/\/simracing.si\/?s={search_term_string}\",\"query-input\":\"required name=search_term_string\"}],\"inLanguage\":\"sl-SI\"},{\"@type\":\"ImageObject\",\"@id\":\"https:\/\/simracing.si\/en_us\/product\/volan-za-ps4-ali-ps3-thrustmaster-t300-ferrari-gte-racing-wheel\/#primaryimage\",\"inLanguage\":\"sl-SI\",\"url\":\"https:\/\/simracing.si\/wp-content\/uploads\/2020\/04\/t1.jpg\",\"contentUrl\":\"https:\/\/simracing.si\/wp-content\/uploads\/2020\/04\/t1.jpg\",\"width\":600,\"height\":600},{\"@type\":\"WebPage\",\"@id\":\"https:\/\/simracing.si\/en_us\/product\/volan-za-ps4-ali-ps3-thrustmaster-t300-ferrari-gte-racing-wheel\/#webpage\",\"url\":\"https:\/\/simracing.si\/en_us\/product\/volan-za-ps4-ali-ps3-thrustmaster-t300-ferrari-gte-racing-wheel\/\",\"name\":\"Volan za PS4 ali PS3 Thrustmaster T300 Ferrari GTE Racing Wheel -\",\"isPartOf\":{\"@id\":\"https:\/\/simracing.si\/#website\"},\"primaryImageOfPage\":{\"@id\":\"https:\/\/simracing.si\/en_us\/product\/volan-za-ps4-ali-ps3-thrustmaster-t300-ferrari-gte-racing-wheel\/#primaryimage\"},\"datePublished\":\"2020-04-30T17:27:52+00:00\",\"dateModified\":\"2020-05-19T14:03:10+00:00\",\"breadcrumb\":{\"@id\":\"https:\/\/simracing.si\/en_us\/product\/volan-za-ps4-ali-ps3-thrustmaster-t300-ferrari-gte-racing-wheel\/#breadcrumb\"},\"inLanguage\":\"sl-SI\",\"potentialAction\":[{\"@type\":\"ReadAction\",\"target\":[\"https:\/\/simracing.si\/en_us\/product\/volan-za-ps4-ali-ps3-thrustmaster-t300-ferrari-gte-racing-wheel\/\"]}]},{\"@type\":\"BreadcrumbList\",\"@id\":\"https:\/\/simracing.si\/en_us\/product\/volan-za-ps4-ali-ps3-thrustmaster-t300-ferrari-gte-racing-wheel\/#breadcrumb\",\"itemListElement\":[{\"@type\":\"ListItem\",\"position\":1,\"item\":{\"@type\":\"WebPage\",\"@id\":\"https:\/\/simracing.si\/\",\"url\":\"https:\/\/simracing.si\/\",\"name\":\"Home\"}},{\"@type\":\"ListItem\",\"position\":2,\"item\":{\"@type\":\"WebPage\",\"@id\":\"https:\/\/simracing.si\/home\/product-category\/\",\"url\":\"https:\/\/simracing.si\/home\/product-category\/\",\"name\":\"Izdelki\"}},{\"@type\":\"ListItem\",\"position\":3,\"item\":{\"@id\":\"https:\/\/simracing.si\/en_us\/product\/volan-za-ps4-ali-ps3-thrustmaster-t300-ferrari-gte-racing-wheel\/#webpage\"}}]}]}<\/script>\n<!-- \/ Yoast SEO plugin. -->","_links":{"self":[{"href":"http:\/\/simracing.si\/sl_si\/wp-json\/wp\/v2\/product\/1920"}],"collection":[{"href":"http:\/\/simracing.si\/sl_si\/wp-json\/wp\/v2\/product"}],"about":[{"href":"http:\/\/simracing.si\/sl_si\/wp-json\/wp\/v2\/types\/product"}],"replies":[{"embeddable":true,"href":"http:\/\/simracing.si\/sl_si\/wp-json\/wp\/v2\/comments?post=1920"}],"version-history":[{"count":1,"href":"http:\/\/simracing.si\/sl_si\/wp-json\/wp\/v2\/product\/1920\/revisions"}],"predecessor-version":[{"id":2435,"href":"http:\/\/simracing.si\/sl_si\/wp-json\/wp\/v2\/product\/1920\/revisions\/2435"}],"wp:featuredmedia":[{"embeddable":true,"href":"http:\/\/simracing.si\/sl_si\/wp-json\/wp\/v2\/media\/2102"}],"wp:attachment":[{"href":"http:\/\/simracing.si\/sl_si\/wp-json\/wp\/v2\/media?parent=1920"}],"curies":[{"name":"wp","href":"https:\/\/api.w.org\/{rel}","templated":true}]}}