{"id":4200,"date":"2023-06-28T08:59:45","date_gmt":"2023-06-28T06:59:45","guid":{"rendered":"https:\/\/simracing.si\/?post_type=product&#038;p=4200"},"modified":"2024-12-02T13:39:36","modified_gmt":"2024-12-02T11:39:36","slug":"thrustmaster-t-flight-hotas-x","status":"publish","type":"product","link":"http:\/\/simracing.si\/en_us\/product\/thrustmaster-t-flight-hotas-x\/","title":{"rendered":"THRUSTMASTER T-FLIGHT HOTAS X"},"content":{"rendered":"<p>THRUSTMASTER T-FLIGHT HOTAS X<span id=\"pastemarkerend18857\"><\/span>\u00a0je programsko nastavljiv joystick in plin, ki je zdru\u017eljiv z osebnimi ra\u010dunalniki in sistemi PS3 za realisti\u010dno simulacijo letenja. Priro\u010dno se priklju\u010di neposredno v priklju\u010dek USB na va\u0161em sistemu za takoj\u0161no uporabo. Krmilna palica HOTAS (Hands on Throttle and Stick) ima velik plin, ki ga lahko uporabite za nadzor pospe\u0161evanja va\u0161ega letala. Du\u0161ilna loputa je snemljiva, tako da jo lahko odklopite, da ponovno ustvarite pristne pogoje pilotiranja.<\/p>\n<p>Glede na va\u0161 slog igranja iger vam bo zagotovo v\u0161e\u010d ultra ob\u010dutljiva krmilna palica, ki se odziva na rahle dotike. S trdnej\u0161o krmilno palico nudi ve\u010dji upor, ko jo premikate. Odpornost T. Flight HOTAS X je nastavljiva, da se prilagodi va\u0161im osebnim \u017eeljam.<\/p>\n<p>Ko ste sredi klju\u010dne operacije, je pomembno, da vidite svojo umestitev. Krmilna palica ima stikalo POV, ki vam omogo\u010da takoj\u0161en ogled vsega, kar se dogaja okoli va\u0161ega letala, v igrah, ki podpirajo to funkcijo. Razli\u010dne poglede je mogo\u010de programirati, kot so zadnji, levi, desni in zunanji pogledi.<\/p>\n<p>V krmilni palici notranji \u010dip shrani vse va\u0161e &#8220;RO\u010cNE PREDNASTAVITVE&#8221; programiranja, tudi \u010de je krmilna palica izklopljena ali odklopljena. Za vsako uporabljeno platformo lahko shranite druga\u010dno ro\u010dno prednastavitev. Z gumbom &#8220;MAPIRANJE&#8221; izvajate programiranje, kot je preklapljanje polo\u017eaja gumbov, preklapljanje osi med seboj ali preklapljanje dveh smeri iste osi.<\/p>\n<p>Lastnosti:<\/p>\n<ul>\n<li>Krmilnik plina je realne velikosti, je snemljiv in ergonomsko oblikovan<\/li>\n<li>Povezava Plug-and-Play omogo\u010da enostavno namestitev z vsemi funkcijami, ki so vnaprej konfigurirane za takoj\u0161en vzlet<\/li>\n<li>Spro\u017eilec za zavore (civilni let) za hitro streljanje (voja\u0161ki let) in ve\u010dsmerni gumb HAT (panoramski pogled)<\/li>\n<li>Gumb MAPPING omogo\u010da preklapljanje vseh funkcij med seboj<\/li>\n<li>Gumb PRESET omogo\u010da preklapljanje z enega programa na drugega med uporabo<\/li>\n<li>Dvosistemski aerodinami\u010dni nadzor z vrtenjem ro\u010daja (z integriranim blokirnim sistemom) ali s progresivno nagibno ro\u010dico<\/li>\n<li>Visoko natan\u010dna krmilna palica ima nastavljiv upor<\/li>\n<li>Notranji pomnilnik vam omogo\u010da shranjevanje programov, tudi ko je krmilna palica izklopljena<\/li>\n<li>12 gumbov je nastavljivih in 5 osi je v celoti programiranih<\/li>\n<li>\u0160irok naslon za roke nudi optimalno udobje med letom<\/li>\n<\/ul>","protected":false},"excerpt":{"rendered":"<p>THRUSTMASTER T-FLIGHT HOTAS X\u00a0je programsko nastavljiv joystick in plin, ki je zdru\u017eljiv z osebnimi ra\u010dunalniki in sistemi PS3 za realisti\u010dno simulacijo letenja. Priro\u010dno se priklju\u010di neposredno v priklju\u010dek USB na va\u0161em sistemu za takoj\u0161no uporabo. Krmilna palica HOTAS (Hands on Throttle and Stick) ima velik plin, ki ga lahko uporabite za nadzor pospe\u0161evanja va\u0161ega letala. [&hellip;]<\/p>","protected":false},"featured_media":4201,"comment_status":"open","ping_status":"closed","template":"","meta":[],"yoast_head":"<!-- This site is optimized with the Yoast SEO plugin v16.3 - https:\/\/yoast.com\/wordpress\/plugins\/seo\/ -->\n<title>THRUSTMASTER T-FLIGHT HOTAS X -<\/title>\n<meta name=\"robots\" content=\"index, follow, max-snippet:-1, max-image-preview:large, max-video-preview:-1\" \/>\n<link rel=\"canonical\" href=\"http:\/\/simracing.si\/en_us\/product\/thrustmaster-t-flight-hotas-x\/\" \/>\n<meta property=\"og:locale\" content=\"en_US\" \/>\n<meta property=\"og:type\" content=\"article\" \/>\n<meta property=\"og:title\" content=\"THRUSTMASTER T-FLIGHT HOTAS X -\" \/>\n<meta property=\"og:description\" content=\"THRUSTMASTER T-FLIGHT HOTAS X\u00a0je programsko nastavljiv joystick in plin, ki je zdru\u017eljiv z osebnimi ra\u010dunalniki in sistemi PS3 za realisti\u010dno simulacijo letenja. Priro\u010dno se priklju\u010di neposredno v priklju\u010dek USB na va\u0161em sistemu za takoj\u0161no uporabo. Krmilna palica HOTAS (Hands on Throttle and Stick) ima velik plin, ki ga lahko uporabite za nadzor pospe\u0161evanja va\u0161ega letala. [&hellip;]\" \/>\n<meta property=\"og:url\" content=\"http:\/\/simracing.si\/en_us\/product\/thrustmaster-t-flight-hotas-x\/\" \/>\n<meta property=\"article:modified_time\" content=\"2024-12-02T11:39:36+00:00\" \/>\n<meta property=\"og:image\" content=\"https:\/\/simracing.si\/wp-content\/uploads\/2023\/06\/THRUSTMASTER-T-FLIGHT-HOTAS-X.jpeg\" \/>\n\t<meta property=\"og:image:width\" content=\"550\" \/>\n\t<meta property=\"og:image:height\" content=\"550\" \/>\n<meta name=\"twitter:card\" content=\"summary_large_image\" \/>\n<meta name=\"twitter:label1\" content=\"Est. reading time\">\n\t<meta name=\"twitter:data1\" content=\"2 minutes\">\n<script type=\"application\/ld+json\" class=\"yoast-schema-graph\">{\"@context\":\"https:\/\/schema.org\",\"@graph\":[{\"@type\":\"WebSite\",\"@id\":\"https:\/\/simracing.si\/#website\",\"url\":\"https:\/\/simracing.si\/\",\"name\":\"\",\"description\":\"\",\"potentialAction\":[{\"@type\":\"SearchAction\",\"target\":\"https:\/\/simracing.si\/?s={search_term_string}\",\"query-input\":\"required name=search_term_string\"}],\"inLanguage\":\"en-US\"},{\"@type\":\"ImageObject\",\"@id\":\"https:\/\/simracing.si\/izdelek\/thrustmaster-t-flight-hotas-x\/#primaryimage\",\"inLanguage\":\"en-US\",\"url\":\"https:\/\/simracing.si\/wp-content\/uploads\/2023\/06\/THRUSTMASTER-T-FLIGHT-HOTAS-X.jpeg\",\"contentUrl\":\"https:\/\/simracing.si\/wp-content\/uploads\/2023\/06\/THRUSTMASTER-T-FLIGHT-HOTAS-X.jpeg\",\"width\":550,\"height\":550},{\"@type\":\"WebPage\",\"@id\":\"https:\/\/simracing.si\/izdelek\/thrustmaster-t-flight-hotas-x\/#webpage\",\"url\":\"https:\/\/simracing.si\/izdelek\/thrustmaster-t-flight-hotas-x\/\",\"name\":\"THRUSTMASTER T-FLIGHT HOTAS X -\",\"isPartOf\":{\"@id\":\"https:\/\/simracing.si\/#website\"},\"primaryImageOfPage\":{\"@id\":\"https:\/\/simracing.si\/izdelek\/thrustmaster-t-flight-hotas-x\/#primaryimage\"},\"datePublished\":\"2023-06-28T06:59:45+00:00\",\"dateModified\":\"2024-12-02T11:39:36+00:00\",\"breadcrumb\":{\"@id\":\"https:\/\/simracing.si\/izdelek\/thrustmaster-t-flight-hotas-x\/#breadcrumb\"},\"inLanguage\":\"en-US\",\"potentialAction\":[{\"@type\":\"ReadAction\",\"target\":[\"https:\/\/simracing.si\/izdelek\/thrustmaster-t-flight-hotas-x\/\"]}]},{\"@type\":\"BreadcrumbList\",\"@id\":\"https:\/\/simracing.si\/izdelek\/thrustmaster-t-flight-hotas-x\/#breadcrumb\",\"itemListElement\":[{\"@type\":\"ListItem\",\"position\":1,\"item\":{\"@type\":\"WebPage\",\"@id\":\"https:\/\/simracing.si\/\",\"url\":\"https:\/\/simracing.si\/\",\"name\":\"Home\"}},{\"@type\":\"ListItem\",\"position\":2,\"item\":{\"@type\":\"WebPage\",\"@id\":\"https:\/\/simracing.si\/home\/product-category\/\",\"url\":\"https:\/\/simracing.si\/home\/product-category\/\",\"name\":\"Izdelki\"}},{\"@type\":\"ListItem\",\"position\":3,\"item\":{\"@id\":\"https:\/\/simracing.si\/izdelek\/thrustmaster-t-flight-hotas-x\/#webpage\"}}]}]}<\/script>\n<!-- \/ Yoast SEO plugin. -->","_links":{"self":[{"href":"http:\/\/simracing.si\/en_us\/wp-json\/wp\/v2\/product\/4200"}],"collection":[{"href":"http:\/\/simracing.si\/en_us\/wp-json\/wp\/v2\/product"}],"about":[{"href":"http:\/\/simracing.si\/en_us\/wp-json\/wp\/v2\/types\/product"}],"replies":[{"embeddable":true,"href":"http:\/\/simracing.si\/en_us\/wp-json\/wp\/v2\/comments?post=4200"}],"version-history":[{"count":1,"href":"http:\/\/simracing.si\/en_us\/wp-json\/wp\/v2\/product\/4200\/revisions"}],"predecessor-version":[{"id":4202,"href":"http:\/\/simracing.si\/en_us\/wp-json\/wp\/v2\/product\/4200\/revisions\/4202"}],"wp:featuredmedia":[{"embeddable":true,"href":"http:\/\/simracing.si\/en_us\/wp-json\/wp\/v2\/media\/4201"}],"wp:attachment":[{"href":"http:\/\/simracing.si\/en_us\/wp-json\/wp\/v2\/media?parent=4200"}],"curies":[{"name":"wp","href":"https:\/\/api.w.org\/{rel}","templated":true}]}}