{"id":3835,"date":"2021-05-26T20:13:21","date_gmt":"2021-05-26T18:13:21","guid":{"rendered":"https:\/\/simracing.si\/?post_type=product&#038;p=3835"},"modified":"2021-05-26T20:13:22","modified_gmt":"2021-05-26T18:13:22","slug":"sparco-gaming-chair-grip-black-fluo-green","status":"publish","type":"product","link":"http:\/\/simracing.si\/en_us\/product\/sparco-gaming-chair-grip-black-fluo-green\/","title":{"rendered":"SPARCO GAMING CHAIR GRIP BLACK\/FLUO GREEN"},"content":{"rendered":"<p>Pisarni\u0161ki \/ igralni stol SPARCO GRIP je zasnovan tako, da zagotavlja maksimalno udobje skupaj z nedvoumnim slogom. Poseben slog oblazinjenja je zasnovan tako, da ima ve\u010dmestna podro\u010dja: poseben material VEP, ki se obi\u010dajno uporablja na dirkalnih sede\u017eih, se uporablja na obmo\u010dju glave in na ledvenih bo\u010dnih delih naslonjala. VEP, ker je velcrable, omogo\u010da neposredno namestitev kakr\u0161nih koli dodatkov (tj. stranskih ledvenih opornikov, osrednje ledvene opore ali ergonomske blazine iz mehke pene za glavo) brez potrebe po elasti\u010dnih trakovih.<\/p>\n<p>Ostali deli GRIP-a so oblazinjeni s fino tkanino, odporno proti obrabi. Kot pri vseh pisarni\u0161kih \/ igralnih stolih Sparco je tudi tu mogo\u010de prilagoditi vi\u0161ino in naklon sede\u017ea. Naslon ima poleg mirovanja tudi mikrometri\u010dno ledveno nastavitev. Pisarni\u0161ki \/ igralni stol SPARCO GRIP ima protiblokirno napravo z zaklepom naslonjala pri 150 \u00b0 in podstavkom bata s certifikatom SGS \/ BIFMAX5.1 \/ EN1335, nagibnim mehanizmom in visoko odpornim polimernim dnom s 5 trdnimi kolesi.<\/p>\n<p>Naslona za roke so tipa 2D z ve\u010dsmernim gibanjem.<\/p>\n<p>Opozorilo: tega sede\u017ea ne smete uporabljati v avtomobilu in ni avtosede\u017e.<\/p>","protected":false},"excerpt":{"rendered":"<p>Pisarni\u0161ki \/ igralni stol SPARCO GRIP je zasnovan tako, da zagotavlja maksimalno udobje skupaj z nedvoumnim slogom. Poseben slog oblazinjenja je zasnovan tako, da ima ve\u010dmestna podro\u010dja: poseben material VEP, ki se obi\u010dajno uporablja na dirkalnih sede\u017eih, se uporablja na obmo\u010dju glave in na ledvenih bo\u010dnih delih naslonjala. VEP, ker je velcrable, omogo\u010da neposredno namestitev [&hellip;]<\/p>","protected":false},"featured_media":3836,"comment_status":"open","ping_status":"closed","template":"","meta":[],"yoast_head":"<!-- This site is optimized with the Yoast SEO plugin v16.3 - https:\/\/yoast.com\/wordpress\/plugins\/seo\/ -->\n<title>SPARCO GAMING CHAIR GRIP BLACK\/FLUO GREEN -<\/title>\n<meta name=\"robots\" content=\"index, follow, max-snippet:-1, max-image-preview:large, max-video-preview:-1\" \/>\n<link rel=\"canonical\" href=\"http:\/\/simracing.si\/en_us\/product\/sparco-gaming-chair-grip-black-fluo-green\/\" \/>\n<meta property=\"og:locale\" content=\"en_US\" \/>\n<meta property=\"og:type\" content=\"article\" \/>\n<meta property=\"og:title\" content=\"SPARCO GAMING CHAIR GRIP BLACK\/FLUO GREEN -\" \/>\n<meta property=\"og:description\" content=\"Pisarni\u0161ki \/ igralni stol SPARCO GRIP je zasnovan tako, da zagotavlja maksimalno udobje skupaj z nedvoumnim slogom. Poseben slog oblazinjenja je zasnovan tako, da ima ve\u010dmestna podro\u010dja: poseben material VEP, ki se obi\u010dajno uporablja na dirkalnih sede\u017eih, se uporablja na obmo\u010dju glave in na ledvenih bo\u010dnih delih naslonjala. VEP, ker je velcrable, omogo\u010da neposredno namestitev [&hellip;]\" \/>\n<meta property=\"og:url\" content=\"http:\/\/simracing.si\/en_us\/product\/sparco-gaming-chair-grip-black-fluo-green\/\" \/>\n<meta property=\"article:modified_time\" content=\"2021-05-26T18:13:22+00:00\" \/>\n<meta property=\"og:image\" content=\"https:\/\/simracing.si\/wp-content\/uploads\/2021\/05\/8033280310943_1_500x.jpg\" \/>\n\t<meta property=\"og:image:width\" content=\"500\" \/>\n\t<meta property=\"og:image:height\" content=\"500\" \/>\n<meta name=\"twitter:card\" content=\"summary_large_image\" \/>\n<meta name=\"twitter:label1\" content=\"Est. reading time\">\n\t<meta name=\"twitter:data1\" content=\"1 minute\">\n<script type=\"application\/ld+json\" class=\"yoast-schema-graph\">{\"@context\":\"https:\/\/schema.org\",\"@graph\":[{\"@type\":\"WebSite\",\"@id\":\"https:\/\/simracing.si\/#website\",\"url\":\"https:\/\/simracing.si\/\",\"name\":\"\",\"description\":\"\",\"potentialAction\":[{\"@type\":\"SearchAction\",\"target\":\"https:\/\/simracing.si\/?s={search_term_string}\",\"query-input\":\"required name=search_term_string\"}],\"inLanguage\":\"en-US\"},{\"@type\":\"ImageObject\",\"@id\":\"https:\/\/simracing.si\/izdelek\/sparco-gaming-chair-grip-black-fluo-green\/#primaryimage\",\"inLanguage\":\"en-US\",\"url\":\"https:\/\/simracing.si\/wp-content\/uploads\/2021\/05\/8033280310943_1_500x.jpg\",\"contentUrl\":\"https:\/\/simracing.si\/wp-content\/uploads\/2021\/05\/8033280310943_1_500x.jpg\",\"width\":500,\"height\":500},{\"@type\":\"WebPage\",\"@id\":\"https:\/\/simracing.si\/izdelek\/sparco-gaming-chair-grip-black-fluo-green\/#webpage\",\"url\":\"https:\/\/simracing.si\/izdelek\/sparco-gaming-chair-grip-black-fluo-green\/\",\"name\":\"SPARCO GAMING CHAIR GRIP BLACK\/FLUO GREEN -\",\"isPartOf\":{\"@id\":\"https:\/\/simracing.si\/#website\"},\"primaryImageOfPage\":{\"@id\":\"https:\/\/simracing.si\/izdelek\/sparco-gaming-chair-grip-black-fluo-green\/#primaryimage\"},\"datePublished\":\"2021-05-26T18:13:21+00:00\",\"dateModified\":\"2021-05-26T18:13:22+00:00\",\"breadcrumb\":{\"@id\":\"https:\/\/simracing.si\/izdelek\/sparco-gaming-chair-grip-black-fluo-green\/#breadcrumb\"},\"inLanguage\":\"en-US\",\"potentialAction\":[{\"@type\":\"ReadAction\",\"target\":[\"https:\/\/simracing.si\/izdelek\/sparco-gaming-chair-grip-black-fluo-green\/\"]}]},{\"@type\":\"BreadcrumbList\",\"@id\":\"https:\/\/simracing.si\/izdelek\/sparco-gaming-chair-grip-black-fluo-green\/#breadcrumb\",\"itemListElement\":[{\"@type\":\"ListItem\",\"position\":1,\"item\":{\"@type\":\"WebPage\",\"@id\":\"https:\/\/simracing.si\/\",\"url\":\"https:\/\/simracing.si\/\",\"name\":\"Home\"}},{\"@type\":\"ListItem\",\"position\":2,\"item\":{\"@type\":\"WebPage\",\"@id\":\"https:\/\/simracing.si\/home\/product-category\/\",\"url\":\"https:\/\/simracing.si\/home\/product-category\/\",\"name\":\"Izdelki\"}},{\"@type\":\"ListItem\",\"position\":3,\"item\":{\"@id\":\"https:\/\/simracing.si\/izdelek\/sparco-gaming-chair-grip-black-fluo-green\/#webpage\"}}]}]}<\/script>\n<!-- \/ Yoast SEO plugin. -->","_links":{"self":[{"href":"http:\/\/simracing.si\/en_us\/wp-json\/wp\/v2\/product\/3835"}],"collection":[{"href":"http:\/\/simracing.si\/en_us\/wp-json\/wp\/v2\/product"}],"about":[{"href":"http:\/\/simracing.si\/en_us\/wp-json\/wp\/v2\/types\/product"}],"replies":[{"embeddable":true,"href":"http:\/\/simracing.si\/en_us\/wp-json\/wp\/v2\/comments?post=3835"}],"version-history":[{"count":1,"href":"http:\/\/simracing.si\/en_us\/wp-json\/wp\/v2\/product\/3835\/revisions"}],"predecessor-version":[{"id":3837,"href":"http:\/\/simracing.si\/en_us\/wp-json\/wp\/v2\/product\/3835\/revisions\/3837"}],"wp:featuredmedia":[{"embeddable":true,"href":"http:\/\/simracing.si\/en_us\/wp-json\/wp\/v2\/media\/3836"}],"wp:attachment":[{"href":"http:\/\/simracing.si\/en_us\/wp-json\/wp\/v2\/media?parent=3835"}],"curies":[{"name":"wp","href":"https:\/\/api.w.org\/{rel}","templated":true}]}}