{"id":3829,"date":"2021-05-26T20:09:27","date_gmt":"2021-05-26T18:09:27","guid":{"rendered":"https:\/\/simracing.si\/?post_type=product&#038;p=3829"},"modified":"2021-05-26T20:09:28","modified_gmt":"2021-05-26T18:09:28","slug":"sparco-ergonomic-head-cushion","status":"publish","type":"product","link":"http:\/\/simracing.si\/en_us\/product\/sparco-ergonomic-head-cushion\/","title":{"rendered":"SPARCO ERGONOMIC HEAD CUSHION"},"content":{"rendered":"<p>Naslon za glavo Sparco, za igralne stole in dirkalne sede\u017ee. Zagotavlja odli\u010dno podporo za glavo. Mehka in udobna \u010drna barva.<\/p>","protected":false},"excerpt":{"rendered":"<p>Naslon za glavo Sparco, za igralne stole in dirkalne sede\u017ee. Zagotavlja odli\u010dno podporo za glavo. Mehka in udobna \u010drna barva.<\/p>","protected":false},"featured_media":3830,"comment_status":"open","ping_status":"closed","template":"","meta":[],"yoast_head":"<!-- This site is optimized with the Yoast SEO plugin v16.3 - https:\/\/yoast.com\/wordpress\/plugins\/seo\/ -->\n<title>SPARCO ERGONOMIC HEAD CUSHION -<\/title>\n<meta name=\"robots\" content=\"index, follow, max-snippet:-1, max-image-preview:large, max-video-preview:-1\" \/>\n<link rel=\"canonical\" href=\"http:\/\/simracing.si\/en_us\/product\/sparco-ergonomic-head-cushion\/\" \/>\n<meta property=\"og:locale\" content=\"en_US\" \/>\n<meta property=\"og:type\" content=\"article\" \/>\n<meta property=\"og:title\" content=\"SPARCO ERGONOMIC HEAD CUSHION -\" \/>\n<meta property=\"og:description\" content=\"Naslon za glavo Sparco, za igralne stole in dirkalne sede\u017ee. Zagotavlja odli\u010dno podporo za glavo. Mehka in udobna \u010drna barva.\" \/>\n<meta property=\"og:url\" content=\"http:\/\/simracing.si\/en_us\/product\/sparco-ergonomic-head-cushion\/\" \/>\n<meta property=\"article:modified_time\" content=\"2021-05-26T18:09:28+00:00\" \/>\n<meta property=\"og:image\" content=\"https:\/\/simracing.si\/wp-content\/uploads\/2021\/05\/8033280306458_1_500x.jpg\" \/>\n\t<meta property=\"og:image:width\" content=\"500\" \/>\n\t<meta property=\"og:image:height\" content=\"500\" \/>\n<meta name=\"twitter:card\" content=\"summary_large_image\" \/>\n<meta name=\"twitter:label1\" content=\"Est. reading time\">\n\t<meta name=\"twitter:data1\" content=\"1 minute\">\n<script type=\"application\/ld+json\" class=\"yoast-schema-graph\">{\"@context\":\"https:\/\/schema.org\",\"@graph\":[{\"@type\":\"WebSite\",\"@id\":\"https:\/\/simracing.si\/#website\",\"url\":\"https:\/\/simracing.si\/\",\"name\":\"\",\"description\":\"\",\"potentialAction\":[{\"@type\":\"SearchAction\",\"target\":\"https:\/\/simracing.si\/?s={search_term_string}\",\"query-input\":\"required name=search_term_string\"}],\"inLanguage\":\"en-US\"},{\"@type\":\"ImageObject\",\"@id\":\"https:\/\/simracing.si\/izdelek\/sparco-ergonomic-head-cushion\/#primaryimage\",\"inLanguage\":\"en-US\",\"url\":\"https:\/\/simracing.si\/wp-content\/uploads\/2021\/05\/8033280306458_1_500x.jpg\",\"contentUrl\":\"https:\/\/simracing.si\/wp-content\/uploads\/2021\/05\/8033280306458_1_500x.jpg\",\"width\":500,\"height\":500},{\"@type\":\"WebPage\",\"@id\":\"https:\/\/simracing.si\/izdelek\/sparco-ergonomic-head-cushion\/#webpage\",\"url\":\"https:\/\/simracing.si\/izdelek\/sparco-ergonomic-head-cushion\/\",\"name\":\"SPARCO ERGONOMIC HEAD CUSHION -\",\"isPartOf\":{\"@id\":\"https:\/\/simracing.si\/#website\"},\"primaryImageOfPage\":{\"@id\":\"https:\/\/simracing.si\/izdelek\/sparco-ergonomic-head-cushion\/#primaryimage\"},\"datePublished\":\"2021-05-26T18:09:27+00:00\",\"dateModified\":\"2021-05-26T18:09:28+00:00\",\"breadcrumb\":{\"@id\":\"https:\/\/simracing.si\/izdelek\/sparco-ergonomic-head-cushion\/#breadcrumb\"},\"inLanguage\":\"en-US\",\"potentialAction\":[{\"@type\":\"ReadAction\",\"target\":[\"https:\/\/simracing.si\/izdelek\/sparco-ergonomic-head-cushion\/\"]}]},{\"@type\":\"BreadcrumbList\",\"@id\":\"https:\/\/simracing.si\/izdelek\/sparco-ergonomic-head-cushion\/#breadcrumb\",\"itemListElement\":[{\"@type\":\"ListItem\",\"position\":1,\"item\":{\"@type\":\"WebPage\",\"@id\":\"https:\/\/simracing.si\/\",\"url\":\"https:\/\/simracing.si\/\",\"name\":\"Home\"}},{\"@type\":\"ListItem\",\"position\":2,\"item\":{\"@type\":\"WebPage\",\"@id\":\"https:\/\/simracing.si\/home\/product-category\/\",\"url\":\"https:\/\/simracing.si\/home\/product-category\/\",\"name\":\"Izdelki\"}},{\"@type\":\"ListItem\",\"position\":3,\"item\":{\"@id\":\"https:\/\/simracing.si\/izdelek\/sparco-ergonomic-head-cushion\/#webpage\"}}]}]}<\/script>\n<!-- \/ Yoast SEO plugin. -->","_links":{"self":[{"href":"http:\/\/simracing.si\/en_us\/wp-json\/wp\/v2\/product\/3829"}],"collection":[{"href":"http:\/\/simracing.si\/en_us\/wp-json\/wp\/v2\/product"}],"about":[{"href":"http:\/\/simracing.si\/en_us\/wp-json\/wp\/v2\/types\/product"}],"replies":[{"embeddable":true,"href":"http:\/\/simracing.si\/en_us\/wp-json\/wp\/v2\/comments?post=3829"}],"version-history":[{"count":1,"href":"http:\/\/simracing.si\/en_us\/wp-json\/wp\/v2\/product\/3829\/revisions"}],"predecessor-version":[{"id":3831,"href":"http:\/\/simracing.si\/en_us\/wp-json\/wp\/v2\/product\/3829\/revisions\/3831"}],"wp:featuredmedia":[{"embeddable":true,"href":"http:\/\/simracing.si\/en_us\/wp-json\/wp\/v2\/media\/3830"}],"wp:attachment":[{"href":"http:\/\/simracing.si\/en_us\/wp-json\/wp\/v2\/media?parent=3829"}],"curies":[{"name":"wp","href":"https:\/\/api.w.org\/{rel}","templated":true}]}}