{"id":3778,"date":"2021-05-26T19:15:38","date_gmt":"2021-05-26T17:15:38","guid":{"rendered":"https:\/\/simracing.si\/?post_type=product&#038;p=3778"},"modified":"2021-05-26T19:15:38","modified_gmt":"2021-05-26T17:15:38","slug":"sparco-gaming-chair-icon-martini-racing","status":"publish","type":"product","link":"http:\/\/simracing.si\/en_us\/product\/sparco-gaming-chair-icon-martini-racing\/","title":{"rendered":"Sparco Gaming Chair Icon Martini Racing"},"content":{"rendered":"<p>SPARCO ICON MARTINI RACING je kopija avtomobilskega sede\u017ea Sparco Sports.<\/p>\n<p>Pisarni\u0161ki stol ima spu\u0161\u010den in raz\u0161irjen sede\u017e za ve\u010dje udobje in nastavljivo naslonjalo tako v nagibu kot ledveni nastavitvi.<\/p>\n<p>Stol ima protiblokirno napravo z zaklepom naslonjala pri 150 \u00b0 in je opremljen s podstavkom bata s certifikatom SGS \/ BIFMAX5.1 \/ EN1335, nagibnim mehanizmom in visoko trdnim podno\u017ejem s kraki s 5 trdnimi kolesi.<\/p>\n<p>Naslona za roke so tipa 2D z ve\u010dsmernim gibanjem.<\/p>","protected":false},"excerpt":{"rendered":"<p>SPARCO ICON MARTINI RACING je kopija avtomobilskega sede\u017ea Sparco Sports. Pisarni\u0161ki stol ima spu\u0161\u010den in raz\u0161irjen sede\u017e za ve\u010dje udobje in nastavljivo naslonjalo tako v nagibu kot ledveni nastavitvi. Stol ima protiblokirno napravo z zaklepom naslonjala pri 150 \u00b0 in je opremljen s podstavkom bata s certifikatom SGS \/ BIFMAX5.1 \/ EN1335, nagibnim mehanizmom in [&hellip;]<\/p>","protected":false},"featured_media":3779,"comment_status":"open","ping_status":"closed","template":"","meta":[],"yoast_head":"<!-- This site is optimized with the Yoast SEO plugin v16.3 - https:\/\/yoast.com\/wordpress\/plugins\/seo\/ -->\n<title>Sparco Gaming Chair Icon Martini Racing -<\/title>\n<meta name=\"robots\" content=\"index, follow, max-snippet:-1, max-image-preview:large, max-video-preview:-1\" \/>\n<link rel=\"canonical\" href=\"http:\/\/simracing.si\/en_us\/product\/sparco-gaming-chair-icon-martini-racing\/\" \/>\n<meta property=\"og:locale\" content=\"en_US\" \/>\n<meta property=\"og:type\" content=\"article\" \/>\n<meta property=\"og:title\" content=\"Sparco Gaming Chair Icon Martini Racing -\" \/>\n<meta property=\"og:description\" content=\"SPARCO ICON MARTINI RACING je kopija avtomobilskega sede\u017ea Sparco Sports. Pisarni\u0161ki stol ima spu\u0161\u010den in raz\u0161irjen sede\u017e za ve\u010dje udobje in nastavljivo naslonjalo tako v nagibu kot ledveni nastavitvi. Stol ima protiblokirno napravo z zaklepom naslonjala pri 150 \u00b0 in je opremljen s podstavkom bata s certifikatom SGS \/ BIFMAX5.1 \/ EN1335, nagibnim mehanizmom in [&hellip;]\" \/>\n<meta property=\"og:url\" content=\"http:\/\/simracing.si\/en_us\/product\/sparco-gaming-chair-icon-martini-racing\/\" \/>\n<meta property=\"og:image\" content=\"https:\/\/simracing.si\/wp-content\/uploads\/2021\/05\/xml-276-8033280060961.jpg\" \/>\n\t<meta property=\"og:image:width\" content=\"2000\" \/>\n\t<meta property=\"og:image:height\" content=\"2000\" \/>\n<meta name=\"twitter:card\" content=\"summary_large_image\" \/>\n<meta name=\"twitter:label1\" content=\"Est. reading time\">\n\t<meta name=\"twitter:data1\" content=\"1 minute\">\n<script type=\"application\/ld+json\" class=\"yoast-schema-graph\">{\"@context\":\"https:\/\/schema.org\",\"@graph\":[{\"@type\":\"WebSite\",\"@id\":\"https:\/\/simracing.si\/#website\",\"url\":\"https:\/\/simracing.si\/\",\"name\":\"\",\"description\":\"\",\"potentialAction\":[{\"@type\":\"SearchAction\",\"target\":\"https:\/\/simracing.si\/?s={search_term_string}\",\"query-input\":\"required name=search_term_string\"}],\"inLanguage\":\"en-US\"},{\"@type\":\"ImageObject\",\"@id\":\"https:\/\/simracing.si\/izdelek\/sparco-gaming-chair-icon-martini-racing\/#primaryimage\",\"inLanguage\":\"en-US\",\"url\":\"https:\/\/simracing.si\/wp-content\/uploads\/2021\/05\/xml-276-8033280060961.jpg\",\"contentUrl\":\"https:\/\/simracing.si\/wp-content\/uploads\/2021\/05\/xml-276-8033280060961.jpg\",\"width\":2000,\"height\":2000},{\"@type\":\"WebPage\",\"@id\":\"https:\/\/simracing.si\/izdelek\/sparco-gaming-chair-icon-martini-racing\/#webpage\",\"url\":\"https:\/\/simracing.si\/izdelek\/sparco-gaming-chair-icon-martini-racing\/\",\"name\":\"Sparco Gaming Chair Icon Martini Racing -\",\"isPartOf\":{\"@id\":\"https:\/\/simracing.si\/#website\"},\"primaryImageOfPage\":{\"@id\":\"https:\/\/simracing.si\/izdelek\/sparco-gaming-chair-icon-martini-racing\/#primaryimage\"},\"datePublished\":\"2021-05-26T17:15:38+00:00\",\"dateModified\":\"2021-05-26T17:15:38+00:00\",\"breadcrumb\":{\"@id\":\"https:\/\/simracing.si\/izdelek\/sparco-gaming-chair-icon-martini-racing\/#breadcrumb\"},\"inLanguage\":\"en-US\",\"potentialAction\":[{\"@type\":\"ReadAction\",\"target\":[\"https:\/\/simracing.si\/izdelek\/sparco-gaming-chair-icon-martini-racing\/\"]}]},{\"@type\":\"BreadcrumbList\",\"@id\":\"https:\/\/simracing.si\/izdelek\/sparco-gaming-chair-icon-martini-racing\/#breadcrumb\",\"itemListElement\":[{\"@type\":\"ListItem\",\"position\":1,\"item\":{\"@type\":\"WebPage\",\"@id\":\"https:\/\/simracing.si\/\",\"url\":\"https:\/\/simracing.si\/\",\"name\":\"Home\"}},{\"@type\":\"ListItem\",\"position\":2,\"item\":{\"@type\":\"WebPage\",\"@id\":\"https:\/\/simracing.si\/home\/product-category\/\",\"url\":\"https:\/\/simracing.si\/home\/product-category\/\",\"name\":\"Izdelki\"}},{\"@type\":\"ListItem\",\"position\":3,\"item\":{\"@id\":\"https:\/\/simracing.si\/izdelek\/sparco-gaming-chair-icon-martini-racing\/#webpage\"}}]}]}<\/script>\n<!-- \/ Yoast SEO plugin. -->","_links":{"self":[{"href":"http:\/\/simracing.si\/en_us\/wp-json\/wp\/v2\/product\/3778"}],"collection":[{"href":"http:\/\/simracing.si\/en_us\/wp-json\/wp\/v2\/product"}],"about":[{"href":"http:\/\/simracing.si\/en_us\/wp-json\/wp\/v2\/types\/product"}],"replies":[{"embeddable":true,"href":"http:\/\/simracing.si\/en_us\/wp-json\/wp\/v2\/comments?post=3778"}],"version-history":[{"count":1,"href":"http:\/\/simracing.si\/en_us\/wp-json\/wp\/v2\/product\/3778\/revisions"}],"predecessor-version":[{"id":3780,"href":"http:\/\/simracing.si\/en_us\/wp-json\/wp\/v2\/product\/3778\/revisions\/3780"}],"wp:featuredmedia":[{"embeddable":true,"href":"http:\/\/simracing.si\/en_us\/wp-json\/wp\/v2\/media\/3779"}],"wp:attachment":[{"href":"http:\/\/simracing.si\/en_us\/wp-json\/wp\/v2\/media?parent=3778"}],"curies":[{"name":"wp","href":"https:\/\/api.w.org\/{rel}","templated":true}]}}