{"id":3325,"date":"2021-04-23T13:32:55","date_gmt":"2021-04-23T11:32:55","guid":{"rendered":"https:\/\/simracing.si\/?post_type=product&#038;p=3325"},"modified":"2021-04-23T13:32:55","modified_gmt":"2021-04-23T11:32:55","slug":"sparco-sprint-sedez","status":"publish","type":"product","link":"http:\/\/simracing.si\/en_us\/product\/sparco-sprint-sedez\/","title":{"rendered":"Sparco SPRINT sede\u017e"},"content":{"rendered":"<div id=\"short_description_block\">\n<div id=\"short_description_content\" class=\"rte align_justify\">\n<ul>\n<li>FIA 8855-1999<\/li>\n<li>Cevni okvir<\/li>\n<li>Te\u017ea: 9 kg<\/li>\n<\/ul>\n<p>Na voljo v \u010drni, rde\u010di in modri barvi.<\/p>\n<\/div>\n<\/div>","protected":false},"excerpt":{"rendered":"<p>FIA 8855-1999 Cevni okvir Te\u017ea: 9 kg Na voljo v \u010drni, rde\u010di in modri barvi.<\/p>","protected":false},"featured_media":3326,"comment_status":"open","ping_status":"closed","template":"","meta":[],"yoast_head":"<!-- This site is optimized with the Yoast SEO plugin v16.3 - https:\/\/yoast.com\/wordpress\/plugins\/seo\/ -->\n<title>Sparco SPRINT sede\u017e -<\/title>\n<meta name=\"robots\" content=\"index, follow, max-snippet:-1, max-image-preview:large, max-video-preview:-1\" \/>\n<link rel=\"canonical\" href=\"http:\/\/simracing.si\/en_us\/product\/sparco-sprint-sedez\/\" \/>\n<meta property=\"og:locale\" content=\"en_US\" \/>\n<meta property=\"og:type\" content=\"article\" \/>\n<meta property=\"og:title\" content=\"Sparco SPRINT sede\u017e -\" \/>\n<meta property=\"og:description\" content=\"FIA 8855-1999 Cevni okvir Te\u017ea: 9 kg Na voljo v \u010drni, rde\u010di in modri barvi.\" \/>\n<meta property=\"og:url\" content=\"http:\/\/simracing.si\/en_us\/product\/sparco-sprint-sedez\/\" \/>\n<meta property=\"og:image\" content=\"https:\/\/simracing.si\/wp-content\/uploads\/2021\/04\/sparco-sprint-sedez.png\" \/>\n\t<meta property=\"og:image:width\" content=\"250\" \/>\n\t<meta property=\"og:image:height\" content=\"250\" \/>\n<meta name=\"twitter:card\" content=\"summary_large_image\" \/>\n<script type=\"application\/ld+json\" class=\"yoast-schema-graph\">{\"@context\":\"https:\/\/schema.org\",\"@graph\":[{\"@type\":\"WebSite\",\"@id\":\"https:\/\/simracing.si\/#website\",\"url\":\"https:\/\/simracing.si\/\",\"name\":\"\",\"description\":\"\",\"potentialAction\":[{\"@type\":\"SearchAction\",\"target\":\"https:\/\/simracing.si\/?s={search_term_string}\",\"query-input\":\"required name=search_term_string\"}],\"inLanguage\":\"en-US\"},{\"@type\":\"ImageObject\",\"@id\":\"https:\/\/simracing.si\/sl_si\/izdelek\/sparco-sprint-sedez\/#primaryimage\",\"inLanguage\":\"en-US\",\"url\":\"https:\/\/simracing.si\/wp-content\/uploads\/2021\/04\/sparco-sprint-sedez.png\",\"contentUrl\":\"https:\/\/simracing.si\/wp-content\/uploads\/2021\/04\/sparco-sprint-sedez.png\",\"width\":250,\"height\":250},{\"@type\":\"WebPage\",\"@id\":\"https:\/\/simracing.si\/sl_si\/izdelek\/sparco-sprint-sedez\/#webpage\",\"url\":\"https:\/\/simracing.si\/sl_si\/izdelek\/sparco-sprint-sedez\/\",\"name\":\"Sparco SPRINT sede\\u017e -\",\"isPartOf\":{\"@id\":\"https:\/\/simracing.si\/#website\"},\"primaryImageOfPage\":{\"@id\":\"https:\/\/simracing.si\/sl_si\/izdelek\/sparco-sprint-sedez\/#primaryimage\"},\"datePublished\":\"2021-04-23T11:32:55+00:00\",\"dateModified\":\"2021-04-23T11:32:55+00:00\",\"breadcrumb\":{\"@id\":\"https:\/\/simracing.si\/sl_si\/izdelek\/sparco-sprint-sedez\/#breadcrumb\"},\"inLanguage\":\"en-US\",\"potentialAction\":[{\"@type\":\"ReadAction\",\"target\":[\"https:\/\/simracing.si\/sl_si\/izdelek\/sparco-sprint-sedez\/\"]}]},{\"@type\":\"BreadcrumbList\",\"@id\":\"https:\/\/simracing.si\/sl_si\/izdelek\/sparco-sprint-sedez\/#breadcrumb\",\"itemListElement\":[{\"@type\":\"ListItem\",\"position\":1,\"item\":{\"@type\":\"WebPage\",\"@id\":\"https:\/\/simracing.si\/\",\"url\":\"https:\/\/simracing.si\/\",\"name\":\"Home\"}},{\"@type\":\"ListItem\",\"position\":2,\"item\":{\"@type\":\"WebPage\",\"@id\":\"https:\/\/simracing.si\/home\/product-category\/\",\"url\":\"https:\/\/simracing.si\/home\/product-category\/\",\"name\":\"Izdelki\"}},{\"@type\":\"ListItem\",\"position\":3,\"item\":{\"@id\":\"https:\/\/simracing.si\/sl_si\/izdelek\/sparco-sprint-sedez\/#webpage\"}}]}]}<\/script>\n<!-- \/ Yoast SEO plugin. -->","_links":{"self":[{"href":"http:\/\/simracing.si\/en_us\/wp-json\/wp\/v2\/product\/3325"}],"collection":[{"href":"http:\/\/simracing.si\/en_us\/wp-json\/wp\/v2\/product"}],"about":[{"href":"http:\/\/simracing.si\/en_us\/wp-json\/wp\/v2\/types\/product"}],"replies":[{"embeddable":true,"href":"http:\/\/simracing.si\/en_us\/wp-json\/wp\/v2\/comments?post=3325"}],"version-history":[{"count":1,"href":"http:\/\/simracing.si\/en_us\/wp-json\/wp\/v2\/product\/3325\/revisions"}],"predecessor-version":[{"id":3327,"href":"http:\/\/simracing.si\/en_us\/wp-json\/wp\/v2\/product\/3325\/revisions\/3327"}],"wp:featuredmedia":[{"embeddable":true,"href":"http:\/\/simracing.si\/en_us\/wp-json\/wp\/v2\/media\/3326"}],"wp:attachment":[{"href":"http:\/\/simracing.si\/en_us\/wp-json\/wp\/v2\/media?parent=3325"}],"curies":[{"name":"wp","href":"https:\/\/api.w.org\/{rel}","templated":true}]}}