{"id":3322,"date":"2021-04-23T13:27:08","date_gmt":"2021-04-23T11:27:08","guid":{"rendered":"https:\/\/simracing.si\/?post_type=product&#038;p=3322"},"modified":"2023-11-23T15:16:15","modified_gmt":"2023-11-23T13:16:15","slug":"omp-trs-x-sedez","status":"publish","type":"product","link":"http:\/\/simracing.si\/en_us\/product\/omp-trs-x-sedez\/","title":{"rendered":"OMP TRS-X sede\u017e"},"content":{"rendered":"<div id=\"short_description_block\">\n<div id=\"short_description_content\" class=\"rte align_justify\">\n<div id=\"short_description_block\">\n<div id=\"short_description_content\" class=\"rte align_justify\">\n<ul>\n<li>FIA 8855-1999<\/li>\n<li>Cevast \u017eelezni okvir<\/li>\n<li>W stranske in Y talne to\u010dke pri\u010dvrstirve<\/li>\n<li>HTC patent kompatibilen<\/li>\n<li>Hans kompatibilen<\/li>\n<li>Te\u017ea: 10.5 kg<\/li>\n<\/ul>\n<p>Na voljo v \u010drno-fluoresten\u010dno rumeni in v \u010drni barvi<\/p>\n<\/div>\n<\/div>\n<\/div>\n<\/div>","protected":false},"excerpt":{"rendered":"<p>FIA 8855-1999 Cevast \u017eelezni okvir W stranske in Y talne to\u010dke pri\u010dvrstirve HTC patent kompatibilen Hans kompatibilen Te\u017ea: 10.5 kg Na voljo v \u010drno-fluoresten\u010dno rumeni in v \u010drni barvi<\/p>","protected":false},"featured_media":3323,"comment_status":"open","ping_status":"closed","template":"","meta":[],"yoast_head":"<!-- This site is optimized with the Yoast SEO plugin v16.3 - https:\/\/yoast.com\/wordpress\/plugins\/seo\/ -->\n<title>OMP TRS-X sede\u017e -<\/title>\n<meta name=\"robots\" content=\"index, follow, max-snippet:-1, max-image-preview:large, max-video-preview:-1\" \/>\n<link rel=\"canonical\" href=\"https:\/\/simracing.si\/en_us\/product\/omp-trs-x-sedez\/\" \/>\n<meta property=\"og:locale\" content=\"en_US\" \/>\n<meta property=\"og:type\" content=\"article\" \/>\n<meta property=\"og:title\" content=\"OMP TRS-X sede\u017e -\" \/>\n<meta property=\"og:description\" content=\"FIA 8855-1999 Cevast \u017eelezni okvir W stranske in Y talne to\u010dke pri\u010dvrstirve HTC patent kompatibilen Hans kompatibilen Te\u017ea: 10.5 kg Na voljo v \u010drno-fluoresten\u010dno rumeni in v \u010drni barvi\" \/>\n<meta property=\"og:url\" content=\"https:\/\/simracing.si\/en_us\/product\/omp-trs-x-sedez\/\" \/>\n<meta property=\"article:modified_time\" content=\"2023-11-23T13:16:15+00:00\" \/>\n<meta property=\"og:image\" content=\"https:\/\/simracing.si\/wp-content\/uploads\/2021\/04\/omp-trs-x-seat.png\" \/>\n\t<meta property=\"og:image:width\" content=\"250\" \/>\n\t<meta property=\"og:image:height\" content=\"250\" \/>\n<meta name=\"twitter:card\" content=\"summary_large_image\" \/>\n<script type=\"application\/ld+json\" class=\"yoast-schema-graph\">{\"@context\":\"https:\/\/schema.org\",\"@graph\":[{\"@type\":\"WebSite\",\"@id\":\"https:\/\/simracing.si\/#website\",\"url\":\"https:\/\/simracing.si\/\",\"name\":\"\",\"description\":\"\",\"potentialAction\":[{\"@type\":\"SearchAction\",\"target\":\"https:\/\/simracing.si\/?s={search_term_string}\",\"query-input\":\"required name=search_term_string\"}],\"inLanguage\":\"en-US\"},{\"@type\":\"ImageObject\",\"@id\":\"https:\/\/simracing.si\/en_us\/product\/omp-trs-x-sedez\/#primaryimage\",\"inLanguage\":\"en-US\",\"url\":\"https:\/\/simracing.si\/wp-content\/uploads\/2021\/04\/omp-trs-x-seat.png\",\"contentUrl\":\"https:\/\/simracing.si\/wp-content\/uploads\/2021\/04\/omp-trs-x-seat.png\",\"width\":250,\"height\":250},{\"@type\":\"WebPage\",\"@id\":\"https:\/\/simracing.si\/en_us\/product\/omp-trs-x-sedez\/#webpage\",\"url\":\"https:\/\/simracing.si\/en_us\/product\/omp-trs-x-sedez\/\",\"name\":\"OMP TRS-X sede\\u017e -\",\"isPartOf\":{\"@id\":\"https:\/\/simracing.si\/#website\"},\"primaryImageOfPage\":{\"@id\":\"https:\/\/simracing.si\/en_us\/product\/omp-trs-x-sedez\/#primaryimage\"},\"datePublished\":\"2021-04-23T11:27:08+00:00\",\"dateModified\":\"2023-11-23T13:16:15+00:00\",\"breadcrumb\":{\"@id\":\"https:\/\/simracing.si\/en_us\/product\/omp-trs-x-sedez\/#breadcrumb\"},\"inLanguage\":\"en-US\",\"potentialAction\":[{\"@type\":\"ReadAction\",\"target\":[\"https:\/\/simracing.si\/en_us\/product\/omp-trs-x-sedez\/\"]}]},{\"@type\":\"BreadcrumbList\",\"@id\":\"https:\/\/simracing.si\/en_us\/product\/omp-trs-x-sedez\/#breadcrumb\",\"itemListElement\":[{\"@type\":\"ListItem\",\"position\":1,\"item\":{\"@type\":\"WebPage\",\"@id\":\"https:\/\/simracing.si\/\",\"url\":\"https:\/\/simracing.si\/\",\"name\":\"Home\"}},{\"@type\":\"ListItem\",\"position\":2,\"item\":{\"@type\":\"WebPage\",\"@id\":\"https:\/\/simracing.si\/home\/product-category\/\",\"url\":\"https:\/\/simracing.si\/home\/product-category\/\",\"name\":\"Izdelki\"}},{\"@type\":\"ListItem\",\"position\":3,\"item\":{\"@id\":\"https:\/\/simracing.si\/en_us\/product\/omp-trs-x-sedez\/#webpage\"}}]}]}<\/script>\n<!-- \/ Yoast SEO plugin. -->","_links":{"self":[{"href":"http:\/\/simracing.si\/en_us\/wp-json\/wp\/v2\/product\/3322"}],"collection":[{"href":"http:\/\/simracing.si\/en_us\/wp-json\/wp\/v2\/product"}],"about":[{"href":"http:\/\/simracing.si\/en_us\/wp-json\/wp\/v2\/types\/product"}],"replies":[{"embeddable":true,"href":"http:\/\/simracing.si\/en_us\/wp-json\/wp\/v2\/comments?post=3322"}],"version-history":[{"count":1,"href":"http:\/\/simracing.si\/en_us\/wp-json\/wp\/v2\/product\/3322\/revisions"}],"predecessor-version":[{"id":3324,"href":"http:\/\/simracing.si\/en_us\/wp-json\/wp\/v2\/product\/3322\/revisions\/3324"}],"wp:featuredmedia":[{"embeddable":true,"href":"http:\/\/simracing.si\/en_us\/wp-json\/wp\/v2\/media\/3323"}],"wp:attachment":[{"href":"http:\/\/simracing.si\/en_us\/wp-json\/wp\/v2\/media?parent=3322"}],"curies":[{"name":"wp","href":"https:\/\/api.w.org\/{rel}","templated":true}]}}