{"id":3294,"date":"2021-04-17T11:34:01","date_gmt":"2021-04-17T09:34:01","guid":{"rendered":"https:\/\/simracing.si\/?post_type=product&#038;p=3294"},"modified":"2024-11-10T07:10:22","modified_gmt":"2024-11-10T05:10:22","slug":"sparco-r100-sedez","status":"publish","type":"product","link":"http:\/\/simracing.si\/en_us\/product\/sparco-r100-sedez\/","title":{"rendered":"SPARCO R100 sede\u017e"},"content":{"rendered":"<div id=\"short_description_block\">\n<div id=\"short_description_content\" class=\"rte align_justify\">\n<ul>\n<li>Cevni okvir<\/li>\n<li>Dvojna regulacija<\/li>\n<li>Spodnja pri\u010dvrstitev 271&#215;345<\/li>\n<li>Kompatibilen z 3 ali 4 to\u010dkovnim varnostim pasom<\/li>\n<\/ul>\n<p>Na voljo v \u010drni, \u010drno-sivi, \u010drno-rde\u010di in \u010drno-modri barvi<\/p>\n<\/div>\n<\/div>","protected":false},"excerpt":{"rendered":"<p>Cevni okvir Dvojna regulacija Spodnja pri\u010dvrstitev 271&#215;345 Kompatibilen z 3 ali 4 to\u010dkovnim varnostim pasom Na voljo v \u010drni, \u010drno-sivi, \u010drno-rde\u010di in \u010drno-modri barvi<\/p>","protected":false},"featured_media":3295,"comment_status":"open","ping_status":"closed","template":"","meta":[],"yoast_head":"<!-- This site is optimized with the Yoast SEO plugin v16.3 - https:\/\/yoast.com\/wordpress\/plugins\/seo\/ -->\n<title>SPARCO R100 sede\u017e -<\/title>\n<meta name=\"robots\" content=\"index, follow, max-snippet:-1, max-image-preview:large, max-video-preview:-1\" \/>\n<link rel=\"canonical\" href=\"https:\/\/simracing.si\/en_us\/product\/sparco-r100-sedez\/\" \/>\n<meta property=\"og:locale\" content=\"en_US\" \/>\n<meta property=\"og:type\" content=\"article\" \/>\n<meta property=\"og:title\" content=\"SPARCO R100 sede\u017e -\" \/>\n<meta property=\"og:description\" content=\"Cevni okvir Dvojna regulacija Spodnja pri\u010dvrstitev 271&#215;345 Kompatibilen z 3 ali 4 to\u010dkovnim varnostim pasom Na voljo v \u010drni, \u010drno-sivi, \u010drno-rde\u010di in \u010drno-modri barvi\" \/>\n<meta property=\"og:url\" content=\"https:\/\/simracing.si\/en_us\/product\/sparco-r100-sedez\/\" \/>\n<meta property=\"article:modified_time\" content=\"2024-11-10T05:10:22+00:00\" \/>\n<meta property=\"og:image\" content=\"https:\/\/simracing.si\/wp-content\/uploads\/2021\/04\/sparco-r100-sedez.jpg\" \/>\n\t<meta property=\"og:image:width\" content=\"264\" \/>\n\t<meta property=\"og:image:height\" content=\"264\" \/>\n<meta name=\"twitter:card\" content=\"summary_large_image\" \/>\n<script type=\"application\/ld+json\" class=\"yoast-schema-graph\">{\"@context\":\"https:\/\/schema.org\",\"@graph\":[{\"@type\":\"WebSite\",\"@id\":\"https:\/\/simracing.si\/#website\",\"url\":\"https:\/\/simracing.si\/\",\"name\":\"\",\"description\":\"\",\"potentialAction\":[{\"@type\":\"SearchAction\",\"target\":\"https:\/\/simracing.si\/?s={search_term_string}\",\"query-input\":\"required name=search_term_string\"}],\"inLanguage\":\"en-US\"},{\"@type\":\"ImageObject\",\"@id\":\"https:\/\/simracing.si\/en_us\/product\/sparco-r100-sedez\/#primaryimage\",\"inLanguage\":\"en-US\",\"url\":\"https:\/\/simracing.si\/wp-content\/uploads\/2021\/04\/sparco-r100-sedez.jpg\",\"contentUrl\":\"https:\/\/simracing.si\/wp-content\/uploads\/2021\/04\/sparco-r100-sedez.jpg\",\"width\":264,\"height\":264},{\"@type\":\"WebPage\",\"@id\":\"https:\/\/simracing.si\/en_us\/product\/sparco-r100-sedez\/#webpage\",\"url\":\"https:\/\/simracing.si\/en_us\/product\/sparco-r100-sedez\/\",\"name\":\"SPARCO R100 sede\\u017e -\",\"isPartOf\":{\"@id\":\"https:\/\/simracing.si\/#website\"},\"primaryImageOfPage\":{\"@id\":\"https:\/\/simracing.si\/en_us\/product\/sparco-r100-sedez\/#primaryimage\"},\"datePublished\":\"2021-04-17T09:34:01+00:00\",\"dateModified\":\"2024-11-10T05:10:22+00:00\",\"breadcrumb\":{\"@id\":\"https:\/\/simracing.si\/en_us\/product\/sparco-r100-sedez\/#breadcrumb\"},\"inLanguage\":\"en-US\",\"potentialAction\":[{\"@type\":\"ReadAction\",\"target\":[\"https:\/\/simracing.si\/en_us\/product\/sparco-r100-sedez\/\"]}]},{\"@type\":\"BreadcrumbList\",\"@id\":\"https:\/\/simracing.si\/en_us\/product\/sparco-r100-sedez\/#breadcrumb\",\"itemListElement\":[{\"@type\":\"ListItem\",\"position\":1,\"item\":{\"@type\":\"WebPage\",\"@id\":\"https:\/\/simracing.si\/\",\"url\":\"https:\/\/simracing.si\/\",\"name\":\"Home\"}},{\"@type\":\"ListItem\",\"position\":2,\"item\":{\"@type\":\"WebPage\",\"@id\":\"https:\/\/simracing.si\/home\/product-category\/\",\"url\":\"https:\/\/simracing.si\/home\/product-category\/\",\"name\":\"Izdelki\"}},{\"@type\":\"ListItem\",\"position\":3,\"item\":{\"@id\":\"https:\/\/simracing.si\/en_us\/product\/sparco-r100-sedez\/#webpage\"}}]}]}<\/script>\n<!-- \/ Yoast SEO plugin. -->","_links":{"self":[{"href":"http:\/\/simracing.si\/en_us\/wp-json\/wp\/v2\/product\/3294"}],"collection":[{"href":"http:\/\/simracing.si\/en_us\/wp-json\/wp\/v2\/product"}],"about":[{"href":"http:\/\/simracing.si\/en_us\/wp-json\/wp\/v2\/types\/product"}],"replies":[{"embeddable":true,"href":"http:\/\/simracing.si\/en_us\/wp-json\/wp\/v2\/comments?post=3294"}],"version-history":[{"count":1,"href":"http:\/\/simracing.si\/en_us\/wp-json\/wp\/v2\/product\/3294\/revisions"}],"predecessor-version":[{"id":3296,"href":"http:\/\/simracing.si\/en_us\/wp-json\/wp\/v2\/product\/3294\/revisions\/3296"}],"wp:featuredmedia":[{"embeddable":true,"href":"http:\/\/simracing.si\/en_us\/wp-json\/wp\/v2\/media\/3295"}],"wp:attachment":[{"href":"http:\/\/simracing.si\/en_us\/wp-json\/wp\/v2\/media?parent=3294"}],"curies":[{"name":"wp","href":"https:\/\/api.w.org\/{rel}","templated":true}]}}