{"id":3259,"date":"2021-04-17T11:05:30","date_gmt":"2021-04-17T09:05:30","guid":{"rendered":"https:\/\/simracing.si\/?post_type=product&#038;p=3259"},"modified":"2021-04-17T11:08:55","modified_gmt":"2021-04-17T09:08:55","slug":"omp-champ-r-sedez","status":"publish","type":"product","link":"http:\/\/simracing.si\/en_us\/product\/omp-champ-r-sedez\/","title":{"rendered":"OMP CHAMP-R sede\u017e"},"content":{"rendered":"<div class=\"rte\">\n<div id=\"idTab1\" class=\"rte\">\n<div class=\"rte\">\n<div class=\"rte\">\n<p><span class=\"h5\">OMP CHAMP tekmovalni sede\u017e:<\/span><\/p>\n<p>\u2022 Fiberlas ohi\u0161je<br \/>\n\u2022 Velike re\u017ee za varnostni pas, ki omogo\u010dajo namestive razli\u010dnih vi\u0161in.<br class=\"hps\" \/>\u2022 Snemljive blazine omogo\u010dajo maksimaleno udobje sedenja.<br \/>\n\u2022 Spodnji in ramenski del sede\u017ea ima &#8220;anti-slip&#8221; materijal, ki omogo\u010da maksimalno prilagoditev sede\u017eu.<br \/>\n\u2022 Zdru\u017eljiv s HANS\u00ae sistemom.<br \/>\n\u2022 Straska pri\u010dvrstitev tipa W.<\/p>\n<p>V celoti tapiciran iz velurja.<span class=\"h5\"><br \/>\n<\/span><br \/>\n<span class=\"h5\">FIA\u00a0 <span class=\"skype_pnh_container\" dir=\"ltr\"><span class=\"skype_pnh_highlighting_inactive_common\" dir=\"ltr\"><span class=\"skype_pnh_text_span\">8855\/1999<\/span><\/span>\u00a0<\/span> homologacija.<\/span><\/p>\n<\/div>\n<p><span class=\"h5\">\u00a0<\/span><\/p>\n<\/div>\n<\/div>\n<\/div>","protected":false},"excerpt":{"rendered":"<p>OMP CHAMP tekmovalni sede\u017e: \u2022 Fiberlas ohi\u0161je \u2022 Velike re\u017ee za varnostni pas, ki omogo\u010dajo namestive razli\u010dnih vi\u0161in.\u2022 Snemljive blazine omogo\u010dajo maksimaleno udobje sedenja. \u2022 Spodnji in ramenski del sede\u017ea ima &#8220;anti-slip&#8221; materijal, ki omogo\u010da maksimalno prilagoditev sede\u017eu. \u2022 Zdru\u017eljiv s HANS\u00ae sistemom. \u2022 Straska pri\u010dvrstitev tipa W. V celoti tapiciran iz velurja. FIA\u00a0 8855\/1999\u00a0 [&hellip;]<\/p>","protected":false},"featured_media":3261,"comment_status":"open","ping_status":"closed","template":"","meta":[],"yoast_head":"<!-- This site is optimized with the Yoast SEO plugin v16.3 - https:\/\/yoast.com\/wordpress\/plugins\/seo\/ -->\n<title>OMP CHAMP-R sede\u017e -<\/title>\n<meta name=\"robots\" content=\"index, follow, max-snippet:-1, max-image-preview:large, max-video-preview:-1\" \/>\n<link rel=\"canonical\" href=\"http:\/\/simracing.si\/en_us\/product\/omp-champ-r-sedez\/\" \/>\n<meta property=\"og:locale\" content=\"en_US\" \/>\n<meta property=\"og:type\" content=\"article\" \/>\n<meta property=\"og:title\" content=\"OMP CHAMP-R sede\u017e -\" \/>\n<meta property=\"og:description\" content=\"OMP CHAMP tekmovalni sede\u017e: \u2022 Fiberlas ohi\u0161je \u2022 Velike re\u017ee za varnostni pas, ki omogo\u010dajo namestive razli\u010dnih vi\u0161in.\u2022 Snemljive blazine omogo\u010dajo maksimaleno udobje sedenja. \u2022 Spodnji in ramenski del sede\u017ea ima &#8220;anti-slip&#8221; materijal, ki omogo\u010da maksimalno prilagoditev sede\u017eu. \u2022 Zdru\u017eljiv s HANS\u00ae sistemom. \u2022 Straska pri\u010dvrstitev tipa W. V celoti tapiciran iz velurja. FIA\u00a0 8855\/1999\u00a0 [&hellip;]\" \/>\n<meta property=\"og:url\" content=\"http:\/\/simracing.si\/en_us\/product\/omp-champ-r-sedez\/\" \/>\n<meta property=\"article:modified_time\" content=\"2021-04-17T09:08:55+00:00\" \/>\n<meta property=\"og:image\" content=\"https:\/\/simracing.si\/wp-content\/uploads\/2021\/04\/omp-champ-r-sedez.jpg\" \/>\n\t<meta property=\"og:image:width\" content=\"264\" \/>\n\t<meta property=\"og:image:height\" content=\"264\" \/>\n<meta name=\"twitter:card\" content=\"summary_large_image\" \/>\n<script type=\"application\/ld+json\" class=\"yoast-schema-graph\">{\"@context\":\"https:\/\/schema.org\",\"@graph\":[{\"@type\":\"WebSite\",\"@id\":\"https:\/\/simracing.si\/#website\",\"url\":\"https:\/\/simracing.si\/\",\"name\":\"\",\"description\":\"\",\"potentialAction\":[{\"@type\":\"SearchAction\",\"target\":\"https:\/\/simracing.si\/?s={search_term_string}\",\"query-input\":\"required name=search_term_string\"}],\"inLanguage\":\"en-US\"},{\"@type\":\"ImageObject\",\"@id\":\"https:\/\/simracing.si\/sl_si\/izdelek\/omp-champ-r-sedez\/#primaryimage\",\"inLanguage\":\"en-US\",\"url\":\"https:\/\/simracing.si\/wp-content\/uploads\/2021\/04\/omp-champ-r-sedez.jpg\",\"contentUrl\":\"https:\/\/simracing.si\/wp-content\/uploads\/2021\/04\/omp-champ-r-sedez.jpg\",\"width\":264,\"height\":264},{\"@type\":\"WebPage\",\"@id\":\"https:\/\/simracing.si\/sl_si\/izdelek\/omp-champ-r-sedez\/#webpage\",\"url\":\"https:\/\/simracing.si\/sl_si\/izdelek\/omp-champ-r-sedez\/\",\"name\":\"OMP CHAMP-R sede\\u017e -\",\"isPartOf\":{\"@id\":\"https:\/\/simracing.si\/#website\"},\"primaryImageOfPage\":{\"@id\":\"https:\/\/simracing.si\/sl_si\/izdelek\/omp-champ-r-sedez\/#primaryimage\"},\"datePublished\":\"2021-04-17T09:05:30+00:00\",\"dateModified\":\"2021-04-17T09:08:55+00:00\",\"breadcrumb\":{\"@id\":\"https:\/\/simracing.si\/sl_si\/izdelek\/omp-champ-r-sedez\/#breadcrumb\"},\"inLanguage\":\"en-US\",\"potentialAction\":[{\"@type\":\"ReadAction\",\"target\":[\"https:\/\/simracing.si\/sl_si\/izdelek\/omp-champ-r-sedez\/\"]}]},{\"@type\":\"BreadcrumbList\",\"@id\":\"https:\/\/simracing.si\/sl_si\/izdelek\/omp-champ-r-sedez\/#breadcrumb\",\"itemListElement\":[{\"@type\":\"ListItem\",\"position\":1,\"item\":{\"@type\":\"WebPage\",\"@id\":\"https:\/\/simracing.si\/\",\"url\":\"https:\/\/simracing.si\/\",\"name\":\"Home\"}},{\"@type\":\"ListItem\",\"position\":2,\"item\":{\"@type\":\"WebPage\",\"@id\":\"https:\/\/simracing.si\/home\/product-category\/\",\"url\":\"https:\/\/simracing.si\/home\/product-category\/\",\"name\":\"Izdelki\"}},{\"@type\":\"ListItem\",\"position\":3,\"item\":{\"@id\":\"https:\/\/simracing.si\/sl_si\/izdelek\/omp-champ-r-sedez\/#webpage\"}}]}]}<\/script>\n<!-- \/ Yoast SEO plugin. -->","_links":{"self":[{"href":"http:\/\/simracing.si\/en_us\/wp-json\/wp\/v2\/product\/3259"}],"collection":[{"href":"http:\/\/simracing.si\/en_us\/wp-json\/wp\/v2\/product"}],"about":[{"href":"http:\/\/simracing.si\/en_us\/wp-json\/wp\/v2\/types\/product"}],"replies":[{"embeddable":true,"href":"http:\/\/simracing.si\/en_us\/wp-json\/wp\/v2\/comments?post=3259"}],"version-history":[{"count":1,"href":"http:\/\/simracing.si\/en_us\/wp-json\/wp\/v2\/product\/3259\/revisions"}],"predecessor-version":[{"id":3262,"href":"http:\/\/simracing.si\/en_us\/wp-json\/wp\/v2\/product\/3259\/revisions\/3262"}],"wp:featuredmedia":[{"embeddable":true,"href":"http:\/\/simracing.si\/en_us\/wp-json\/wp\/v2\/media\/3261"}],"wp:attachment":[{"href":"http:\/\/simracing.si\/en_us\/wp-json\/wp\/v2\/media?parent=3259"}],"curies":[{"name":"wp","href":"https:\/\/api.w.org\/{rel}","templated":true}]}}