{"id":2596,"date":"2021-03-09T11:21:11","date_gmt":"2021-03-09T09:21:11","guid":{"rendered":"https:\/\/simracing.si\/?post_type=product&#038;p=2596"},"modified":"2024-11-10T06:45:48","modified_gmt":"2024-11-10T04:45:48","slug":"rs-formula-v2-blue","status":"publish","type":"product","link":"http:\/\/simracing.si\/en_us\/product\/rs-formula-v2-blue\/","title":{"rendered":"Dirkalni stol RS Formula V2 moder"},"content":{"rendered":"<p>RSeat RS Formula V2, predstavljen leta 2012, je nadgradnja RSeat RS Formula V1 in ga uporabljajo \u0161tevilni na\u0161i kupci, presti\u017eni proizvajalci avtomobilov, igralni centri, prireditveni centri in drugi, ohranili pa smo isti dizajn, kot \u00a0pri RS Formula V1.<\/p>\n<p>Ta razli\u010dica 2 ima sedaj \u0161tevilne nove funkcije, kot so nova tr\u0161a podpora za pedala, stabilnej\u0161i okvir zaradi debelej\u0161e kovinske podlage, nastavitev sede\u017ea na drsnikih, nova opora za Buttkicker in podpora za menjanik \/ gumbe. Podpora za volan je predhodno izvrtana za zdru\u017eljivost z velikim \u0161tevilom volanov.<\/p>\n<p>Njegova edinstvena oblika in izjemno udobno sedenje za dolge dirke vam zagotavljata idealno orodje za uporabo va\u0161ih pedal in volana.<\/p>\n<p>Na voljo so naslednji dodatki: opora za Buttkicker, podpora za prestavne ro\u010dice \/ gumbi, dinami\u010dni sistem D-Box s 4 aktuatorji in elektri\u010dno nastavitvijo sede\u017ea in pedalov, stojalo RS za zaslone do 65 &#8220;ali trojne do 3&#215;47&#8221;.<\/p>\n<p>&nbsp;<\/p>\n<p><strong>Specifikacije:<\/strong><\/p>\n<ul>\n<li>Podpora za PC, PS3, PS4, PS5, XBOX 360, XBOX One, XBOX Series X | S<\/li>\n<li>Velikost podlage: D \/ \u0160 \/ V 1950-2150 mm. x 620-1300 mm. x 980 mm.<\/li>\n<li>Popolnoma nastavljiva podpora stopalkam.<\/li>\n<li>Popolnoma nastavljiv nosilec za kolesa.<\/li>\n<li>Kompatibilni volani &#8211; Thrustmaster TS-PC RACER Ferrari 488 Challenge Edition, TS-XW Racer Sparco P310 Competition Mod, T80 Ferrari 488 GTB Edition, T-GT, T150 PRO ForceFeedback, TS-PC Racer, T300 RS GT Edition, T150 Force Feedback, T300 Ferrari Integral Racing Wheel Alcantara, TX Racing Wheel Servo Base, T300 Racing Wheel Servo Base, TX Racing Wheel Servo Base, T500RS, T300RS, T80 Racing Wheel, T300 Ferrari GTE Wheel, Ferrari 458 Spider, TX Racing Wheel Ferrari 458 Italia &#8211; Fanatec ClubSport Medosna razdalja Servo V1, V2, V2.5, CSL Elite Wheel Base, Porsche 911 GT2 Wheel, Porsche 911 GT3 RS V2 Wheel, Forza Motorsport CSR Wheel &#8211; Logitech G29, G920, G27, G25, Fanatec Podium Wheel Base DD1, Fanatec Podium Wheel Base DD2 in ve\u010d ..<\/li>\n<li>Kompatibilni pedali &#8211; Thrustmaster T500RS (F1 \/ GT), T300RS, T80, T300 Ferrari GTE, Ferrari 458 Spider, T3PA-PRO (F1 \/ GT), T3PA, TX Racing Wheel &#8211; Fanatec ClubSport Pedali V1 \/ V2 \/ V3 \/ V3i, CSR Elite Pedali, obrnjeni pedali CSR Elite, pedali CSR, pedali CSL Elite LC (na zahtevo) &#8211; pedali Logitech G29, pedali G920, pedali G27, pedali G25 &#8211; pedali Heusinkveld Sim in ve\u010d ..<\/li>\n<li>Kompatibilni menjalniki &#8211; Thrustmaster TH8RS, TH8A dodatek, TSS Ro\u010dna zavora Sparco Mod &#8211; Fanatec ClubSport Shifter SQ (vse razli\u010dice), ClubSport Shifter &#8211; Logitech G29 Shift, G920 Shift, G27 Shift, G25 Shift &#8211; DSD Shifter &#8211; in ve\u010d ..<\/li>\n<li>Kon\u010dna stabilnost na kateri koli to\u010dki plo\u0161\u010dadi, vklju\u010dno z nosilcem koles, plo\u0161\u010do pedalov in sede\u017eem.<\/li>\n<li>Primeren za uporabnike od 150 cm do 200 cm + .<\/li>\n<li>Nosilnost sede\u017ea je do 130 kg.<\/li>\n<li>Fiksna volanska plo\u0161\u010da in plo\u0161\u010da pedal<\/li>\n<li>Uporabljeni zelo kakovostni materiali.<\/li>\n<li>Sede\u017e je zelo odporen proti obrabi.<\/li>\n<li>RS Formula V2 ima prilo\u017een drsnik sede\u017ea.<\/li>\n<li>100% izdelano v EU: zasnovano in izdelano v Evropi.<\/li>\n<\/ul>\n<p><strong>Razpolo\u017eljive nadgradnje:<\/strong><\/p>\n<ul>\n<li>Pladenj za tipkovnico in mi\u0161ko. V celoti nastavljiv, vklju\u010dno z kotom, nagibom in vi\u0161ino.<\/li>\n<li>Monta\u017eni komplet Buttkicker. Podpira Buttkicker \u2122 Gamer 2, Pearl \u2122 THMP1<\/li>\n<li>Komplet za pritrditev zvo\u010dnikov.<\/li>\n<li>Nosilec za menjalnik, tabli\u010dni ra\u010dunalnik in gumbe<\/li>\n<li>Nosilec za monitor\/ televizijo do 3 \u00d7 47 palcev<\/li>\n<\/ul>\n<p>&nbsp;<\/p>\n<p><strong>Sede\u017e:<\/strong><\/p>\n<ul>\n<li>Sede\u017ena lupina iz kompozitnih materialov in zaklju\u010dena v sijajni \u010drni barvi.<\/li>\n<li>Usnje je v \u010drni barvi<\/li>\n<li>Drsniki sede\u017eev<\/li>\n<li>Sede\u017e je zasnovan kot replika avtosede\u017ea formule<\/li>\n<li>Drsniki sede\u017eev omogo\u010dajo nasstavitev naprej-nazaj \u00b1 120 mm (4,72 palca)<\/li>\n<li>Zelo odporen na obrabo, primeren za igralne centre<\/li>\n<li>Vklju\u010den naslon za glavo.<\/li>\n<\/ul>\n<p>&nbsp;<\/p>\n<p><strong>Ogrodje:<\/strong><\/p>\n<ul>\n<li>Izdelano iz lasersko rezanega ogljikovega jekla in cnc upognjenih cevi.<\/li>\n<li>Obarvano s \u010drno mat bravo v prahu<\/li>\n<li>Na tla pritrdite s pomo\u010djo 10 plasti\u010dnih nog (premer 20 mm).<\/li>\n<li>Skupna vi\u0161ina (s sede\u017eem): 980 mm<\/li>\n<li>Skupna \u0161irina: 620\u20131300 * mm (* s pladnjem za mi\u0161ko\/tipkovnico)<\/li>\n<li>Dol\u017eina: 1950-2150 mm.<\/li>\n<li>\u0160irina pedala 350 mm.<\/li>\n<li>Plo\u0161\u010da pedala se prilagodi od povsem ravno do 60 \u00b0<\/li>\n<li>Plo\u0161\u010da za pritrditev volana omogo\u010da nastavitev vi\u0161ine volana \u00b1 8 cm<\/li>\n<li>Drsenje pedal naprej-nazaj \u00b1 160 mm<\/li>\n<li>Neto te\u017ea: 60 kg<\/li>\n<li>Bruto te\u017ea 70 kg (z embala\u017eo)<\/li>\n<li>Dimenzije \u0161katle D \/ \u0160 \/ V 119 cm x 65 cm x 65 cm<\/li>\n<\/ul>","protected":false},"excerpt":{"rendered":"<p>RSeat RS Formula V2, predstavljen leta 2012, je nadgradnja RSeat RS Formula V1 in ga uporabljajo \u0161tevilni na\u0161i kupci, presti\u017eni proizvajalci avtomobilov, igralni centri, prireditveni centri in drugi, ohranili pa smo isti dizajn, kot \u00a0pri RS Formula V1. Ta razli\u010dica 2 ima sedaj \u0161tevilne nove funkcije, kot so nova tr\u0161a podpora za pedala, stabilnej\u0161i okvir [&hellip;]<\/p>","protected":false},"featured_media":2597,"comment_status":"open","ping_status":"closed","template":"","meta":[],"yoast_head":"<!-- This site is optimized with the Yoast SEO plugin v16.3 - https:\/\/yoast.com\/wordpress\/plugins\/seo\/ -->\n<title>Dirkalni stol RS Formula V2 moder -<\/title>\n<meta name=\"robots\" content=\"index, follow, max-snippet:-1, max-image-preview:large, max-video-preview:-1\" \/>\n<link rel=\"canonical\" href=\"http:\/\/simracing.si\/en_us\/product\/rs-formula-v2-blue\/\" \/>\n<meta property=\"og:locale\" content=\"en_US\" \/>\n<meta property=\"og:type\" content=\"article\" \/>\n<meta property=\"og:title\" content=\"Dirkalni stol RS Formula V2 moder -\" \/>\n<meta property=\"og:description\" content=\"RSeat RS Formula V2, predstavljen leta 2012, je nadgradnja RSeat RS Formula V1 in ga uporabljajo \u0161tevilni na\u0161i kupci, presti\u017eni proizvajalci avtomobilov, igralni centri, prireditveni centri in drugi, ohranili pa smo isti dizajn, kot \u00a0pri RS Formula V1. Ta razli\u010dica 2 ima sedaj \u0161tevilne nove funkcije, kot so nova tr\u0161a podpora za pedala, stabilnej\u0161i okvir [&hellip;]\" \/>\n<meta property=\"og:url\" content=\"http:\/\/simracing.si\/en_us\/product\/rs-formula-v2-blue\/\" \/>\n<meta property=\"article:modified_time\" content=\"2024-11-10T04:45:48+00:00\" \/>\n<meta property=\"og:image\" content=\"https:\/\/simracing.si\/wp-content\/uploads\/2021\/03\/rs-formula-v2-blue-07-936x936-1.jpg\" \/>\n\t<meta property=\"og:image:width\" content=\"936\" \/>\n\t<meta property=\"og:image:height\" content=\"936\" \/>\n<meta name=\"twitter:card\" content=\"summary_large_image\" \/>\n<meta name=\"twitter:label1\" content=\"Est. reading time\">\n\t<meta name=\"twitter:data1\" content=\"3 minutes\">\n<script type=\"application\/ld+json\" class=\"yoast-schema-graph\">{\"@context\":\"https:\/\/schema.org\",\"@graph\":[{\"@type\":\"WebSite\",\"@id\":\"https:\/\/simracing.si\/#website\",\"url\":\"https:\/\/simracing.si\/\",\"name\":\"\",\"description\":\"\",\"potentialAction\":[{\"@type\":\"SearchAction\",\"target\":\"https:\/\/simracing.si\/?s={search_term_string}\",\"query-input\":\"required name=search_term_string\"}],\"inLanguage\":\"en-US\"},{\"@type\":\"ImageObject\",\"@id\":\"https:\/\/simracing.si\/izdelek\/rs-formula-v2-blue\/#primaryimage\",\"inLanguage\":\"en-US\",\"url\":\"https:\/\/simracing.si\/wp-content\/uploads\/2021\/03\/rs-formula-v2-blue-07-936x936-1.jpg\",\"contentUrl\":\"https:\/\/simracing.si\/wp-content\/uploads\/2021\/03\/rs-formula-v2-blue-07-936x936-1.jpg\",\"width\":936,\"height\":936},{\"@type\":\"WebPage\",\"@id\":\"https:\/\/simracing.si\/izdelek\/rs-formula-v2-blue\/#webpage\",\"url\":\"https:\/\/simracing.si\/izdelek\/rs-formula-v2-blue\/\",\"name\":\"Dirkalni stol RS Formula V2 moder -\",\"isPartOf\":{\"@id\":\"https:\/\/simracing.si\/#website\"},\"primaryImageOfPage\":{\"@id\":\"https:\/\/simracing.si\/izdelek\/rs-formula-v2-blue\/#primaryimage\"},\"datePublished\":\"2021-03-09T09:21:11+00:00\",\"dateModified\":\"2024-11-10T04:45:48+00:00\",\"breadcrumb\":{\"@id\":\"https:\/\/simracing.si\/izdelek\/rs-formula-v2-blue\/#breadcrumb\"},\"inLanguage\":\"en-US\",\"potentialAction\":[{\"@type\":\"ReadAction\",\"target\":[\"https:\/\/simracing.si\/izdelek\/rs-formula-v2-blue\/\"]}]},{\"@type\":\"BreadcrumbList\",\"@id\":\"https:\/\/simracing.si\/izdelek\/rs-formula-v2-blue\/#breadcrumb\",\"itemListElement\":[{\"@type\":\"ListItem\",\"position\":1,\"item\":{\"@type\":\"WebPage\",\"@id\":\"https:\/\/simracing.si\/\",\"url\":\"https:\/\/simracing.si\/\",\"name\":\"Home\"}},{\"@type\":\"ListItem\",\"position\":2,\"item\":{\"@type\":\"WebPage\",\"@id\":\"https:\/\/simracing.si\/home\/product-category\/\",\"url\":\"https:\/\/simracing.si\/home\/product-category\/\",\"name\":\"Izdelki\"}},{\"@type\":\"ListItem\",\"position\":3,\"item\":{\"@id\":\"https:\/\/simracing.si\/izdelek\/rs-formula-v2-blue\/#webpage\"}}]}]}<\/script>\n<!-- \/ Yoast SEO plugin. -->","_links":{"self":[{"href":"http:\/\/simracing.si\/en_us\/wp-json\/wp\/v2\/product\/2596"}],"collection":[{"href":"http:\/\/simracing.si\/en_us\/wp-json\/wp\/v2\/product"}],"about":[{"href":"http:\/\/simracing.si\/en_us\/wp-json\/wp\/v2\/types\/product"}],"replies":[{"embeddable":true,"href":"http:\/\/simracing.si\/en_us\/wp-json\/wp\/v2\/comments?post=2596"}],"version-history":[{"count":4,"href":"http:\/\/simracing.si\/en_us\/wp-json\/wp\/v2\/product\/2596\/revisions"}],"predecessor-version":[{"id":3883,"href":"http:\/\/simracing.si\/en_us\/wp-json\/wp\/v2\/product\/2596\/revisions\/3883"}],"wp:featuredmedia":[{"embeddable":true,"href":"http:\/\/simracing.si\/en_us\/wp-json\/wp\/v2\/media\/2597"}],"wp:attachment":[{"href":"http:\/\/simracing.si\/en_us\/wp-json\/wp\/v2\/media?parent=2596"}],"curies":[{"name":"wp","href":"https:\/\/api.w.org\/{rel}","templated":true}]}}