{"id":2553,"date":"2021-02-24T11:50:26","date_gmt":"2021-02-24T09:50:26","guid":{"rendered":"https:\/\/simracing.si\/?post_type=product&#038;p=2553"},"modified":"2025-04-13T04:22:50","modified_gmt":"2025-04-13T02:22:50","slug":"seat-only-rs1-n1-s1","status":"publish","type":"product","link":"http:\/\/simracing.si\/en_us\/product\/seat-only-rs1-n1-s1\/","title":{"rendered":"RSeat Sede\u017e za ogrodja RS1, S1 or N1"},"content":{"rendered":"<p>\u017delite nadomestiti le sede\u017e pri va\u0161em RSeat igranem stolu?<\/p>\n<p>Izbirate pa lahko med razli\u010dnimi barvami sinteti\u010dnega unsnja ali Alcantaro.<\/p>\n<p>Sinteti\u010dno eko usnje je na voljo v 3 barvah: bela, \u010drna ali rde\u010da<\/p>\n<p>Sede\u017e je opremljen z vsemi blazinami<\/p>\n<p>Izdelek je pripravljen za takoj\u0161no uporabo z va\u0161im okvirjem RSeat stola RS1, S1 ali N1<\/p>","protected":false},"excerpt":{"rendered":"<h4>RSeat Seat Only for\u00a0RS1, S1 or N1<\/h4>","protected":false},"featured_media":2556,"comment_status":"open","ping_status":"closed","template":"","meta":[],"yoast_head":"<!-- This site is optimized with the Yoast SEO plugin v16.3 - https:\/\/yoast.com\/wordpress\/plugins\/seo\/ -->\n<title>RSeat Sede\u017e za ogrodja RS1, S1 or N1 -<\/title>\n<meta name=\"robots\" content=\"index, follow, max-snippet:-1, max-image-preview:large, max-video-preview:-1\" \/>\n<link rel=\"canonical\" href=\"http:\/\/simracing.si\/en_us\/product\/seat-only-rs1-n1-s1\/\" \/>\n<meta property=\"og:locale\" content=\"en_US\" \/>\n<meta property=\"og:type\" content=\"article\" \/>\n<meta property=\"og:title\" content=\"RSeat Sede\u017e za ogrodja RS1, S1 or N1 -\" \/>\n<meta property=\"og:description\" content=\"RSeat Seat Only for\u00a0RS1, S1 or N1\" \/>\n<meta property=\"og:url\" content=\"http:\/\/simracing.si\/en_us\/product\/seat-only-rs1-n1-s1\/\" \/>\n<meta property=\"article:modified_time\" content=\"2025-04-13T02:22:50+00:00\" \/>\n<meta property=\"og:image\" content=\"https:\/\/simracing.si\/wp-content\/uploads\/2021\/02\/Seat_Only_Black-936x936-1.png\" \/>\n\t<meta property=\"og:image:width\" content=\"936\" \/>\n\t<meta property=\"og:image:height\" content=\"936\" \/>\n<meta name=\"twitter:card\" content=\"summary_large_image\" \/>\n<meta name=\"twitter:label1\" content=\"Est. reading time\">\n\t<meta name=\"twitter:data1\" content=\"1 minute\">\n<script type=\"application\/ld+json\" class=\"yoast-schema-graph\">{\"@context\":\"https:\/\/schema.org\",\"@graph\":[{\"@type\":\"WebSite\",\"@id\":\"https:\/\/simracing.si\/#website\",\"url\":\"https:\/\/simracing.si\/\",\"name\":\"\",\"description\":\"\",\"potentialAction\":[{\"@type\":\"SearchAction\",\"target\":\"https:\/\/simracing.si\/?s={search_term_string}\",\"query-input\":\"required name=search_term_string\"}],\"inLanguage\":\"en-US\"},{\"@type\":\"ImageObject\",\"@id\":\"https:\/\/simracing.si\/izdelek\/seat-only-rs1-n1-s1\/#primaryimage\",\"inLanguage\":\"en-US\",\"url\":\"https:\/\/simracing.si\/wp-content\/uploads\/2021\/02\/Seat_Only_Black-936x936-1.png\",\"contentUrl\":\"https:\/\/simracing.si\/wp-content\/uploads\/2021\/02\/Seat_Only_Black-936x936-1.png\",\"width\":936,\"height\":936},{\"@type\":\"WebPage\",\"@id\":\"https:\/\/simracing.si\/izdelek\/seat-only-rs1-n1-s1\/#webpage\",\"url\":\"https:\/\/simracing.si\/izdelek\/seat-only-rs1-n1-s1\/\",\"name\":\"RSeat Sede\\u017e za ogrodja RS1, S1 or N1 -\",\"isPartOf\":{\"@id\":\"https:\/\/simracing.si\/#website\"},\"primaryImageOfPage\":{\"@id\":\"https:\/\/simracing.si\/izdelek\/seat-only-rs1-n1-s1\/#primaryimage\"},\"datePublished\":\"2021-02-24T09:50:26+00:00\",\"dateModified\":\"2025-04-13T02:22:50+00:00\",\"breadcrumb\":{\"@id\":\"https:\/\/simracing.si\/izdelek\/seat-only-rs1-n1-s1\/#breadcrumb\"},\"inLanguage\":\"en-US\",\"potentialAction\":[{\"@type\":\"ReadAction\",\"target\":[\"https:\/\/simracing.si\/izdelek\/seat-only-rs1-n1-s1\/\"]}]},{\"@type\":\"BreadcrumbList\",\"@id\":\"https:\/\/simracing.si\/izdelek\/seat-only-rs1-n1-s1\/#breadcrumb\",\"itemListElement\":[{\"@type\":\"ListItem\",\"position\":1,\"item\":{\"@type\":\"WebPage\",\"@id\":\"https:\/\/simracing.si\/\",\"url\":\"https:\/\/simracing.si\/\",\"name\":\"Home\"}},{\"@type\":\"ListItem\",\"position\":2,\"item\":{\"@type\":\"WebPage\",\"@id\":\"https:\/\/simracing.si\/home\/product-category\/\",\"url\":\"https:\/\/simracing.si\/home\/product-category\/\",\"name\":\"Izdelki\"}},{\"@type\":\"ListItem\",\"position\":3,\"item\":{\"@id\":\"https:\/\/simracing.si\/izdelek\/seat-only-rs1-n1-s1\/#webpage\"}}]}]}<\/script>\n<!-- \/ Yoast SEO plugin. -->","_links":{"self":[{"href":"http:\/\/simracing.si\/en_us\/wp-json\/wp\/v2\/product\/2553"}],"collection":[{"href":"http:\/\/simracing.si\/en_us\/wp-json\/wp\/v2\/product"}],"about":[{"href":"http:\/\/simracing.si\/en_us\/wp-json\/wp\/v2\/types\/product"}],"replies":[{"embeddable":true,"href":"http:\/\/simracing.si\/en_us\/wp-json\/wp\/v2\/comments?post=2553"}],"version-history":[{"count":3,"href":"http:\/\/simracing.si\/en_us\/wp-json\/wp\/v2\/product\/2553\/revisions"}],"predecessor-version":[{"id":3853,"href":"http:\/\/simracing.si\/en_us\/wp-json\/wp\/v2\/product\/2553\/revisions\/3853"}],"wp:featuredmedia":[{"embeddable":true,"href":"http:\/\/simracing.si\/en_us\/wp-json\/wp\/v2\/media\/2556"}],"wp:attachment":[{"href":"http:\/\/simracing.si\/en_us\/wp-json\/wp\/v2\/media?parent=2553"}],"curies":[{"name":"wp","href":"https:\/\/api.w.org\/{rel}","templated":true}]}}