{"id":2025,"date":"2020-04-30T18:28:56","date_gmt":"2020-04-30T17:28:56","guid":{"rendered":"https:\/\/simracing.si\/product\/igralni-stol-playseat-revolution-black\/"},"modified":"2020-05-03T12:07:20","modified_gmt":"2020-05-03T11:07:20","slug":"igralni-stol-playseat-revolution-black","status":"publish","type":"product","link":"http:\/\/simracing.si\/en_us\/product\/igralni-stol-playseat-revolution-black\/","title":{"rendered":"IGRALNI STOL PLAYSEAT REVOLUTION &#8211; BLACK"},"content":{"rendered":"<p><span style=\"color: rgb(51, 51, 51); font-family: &quot;Open Sans&quot;, &quot;Trebuchet MS&quot;, Tahoma; font-size: 12px; background-color: rgb(238, 238, 238);\">Playseat\u00ae predstavlja revolucijo v dirkah s Playseat\u00ae Revolution stolom!<\/span><br style=\"color: rgb(51, 51, 51); font-family: &quot;Open Sans&quot;, &quot;Trebuchet MS&quot;, Tahoma; font-size: 12px; background-color: rgb(238, 238, 238);\"><br style=\"color: rgb(51, 51, 51); font-family: &quot;Open Sans&quot;, &quot;Trebuchet MS&quot;, Tahoma; font-size: 12px; background-color: rgb(238, 238, 238);\"><span style=\"color: rgb(51, 51, 51); font-family: &quot;Open Sans&quot;, &quot;Trebuchet MS&quot;, Tahoma; font-size: 12px; background-color: rgb(238, 238, 238);\">Do\u017eivite dirke, kot \u0161e nikoli doslej, v udobnem in kakovostnem stolu. Playseat\u00ae Revolution je popolnoma prilagodljiv in ima edinstven, patentiran zlo\u017eljiv sistem za enostavno in hitro shranjevanje. Playseat\u00ae Revolution je bil razvit v sodelovanju s profesionalnimi vozniki dirkalnikov in je prevle\u010den z visokokakovostnim \u010drnim usnjem. S tem stolom boste konkurente pustili dale\u010d zadaj!<\/span><br style=\"color: rgb(51, 51, 51); font-family: &quot;Open Sans&quot;, &quot;Trebuchet MS&quot;, Tahoma; font-size: 12px; background-color: rgb(238, 238, 238);\"><br style=\"color: rgb(51, 51, 51); font-family: &quot;Open Sans&quot;, &quot;Trebuchet MS&quot;, Tahoma; font-size: 12px; background-color: rgb(238, 238, 238);\"><span style=\"color: rgb(51, 51, 51); font-family: &quot;Open Sans&quot;, &quot;Trebuchet MS&quot;, Tahoma; font-size: 12px; background-color: rgb(238, 238, 238);\">Lastnosti: Trpe\u017een prilagodljiv okvir z visokokakovostnimi materiali Visoko kakovostni usnjeni videz \u010drnega vinila Vrhunska kakovost izdelave, stabilnost in udobje Enostavna monta\u017ea in shranjevanje zaradi patentirane zlo\u017eljive oblike Brez pedal in volana Zdru\u017eljiv z vsemi razpolo\u017eljivimi volani in pedali, vklju\u010dno z Logitech, Thrustmaster in Fanatec Zdru\u017eljiv s PlayStation 2, PlayStation 3, PlayStation 4, Xbox, Xbox 360, Xbox One, Wii, Wii U, PC, Mac<\/span><br style=\"color: rgb(51, 51, 51); font-family: &quot;Open Sans&quot;, &quot;Trebuchet MS&quot;, Tahoma; font-size: 12px; background-color: rgb(238, 238, 238);\"><br style=\"color: rgb(51, 51, 51); font-family: &quot;Open Sans&quot;, &quot;Trebuchet MS&quot;, Tahoma; font-size: 12px; background-color: rgb(238, 238, 238);\"><span style=\"color: rgb(51, 51, 51); font-family: &quot;Open Sans&quot;, &quot;Trebuchet MS&quot;, Tahoma; font-size: 12px; background-color: rgb(238, 238, 238);\">Specifikacije:<\/span><br style=\"color: rgb(51, 51, 51); font-family: &quot;Open Sans&quot;, &quot;Trebuchet MS&quot;, Tahoma; font-size: 12px; background-color: rgb(238, 238, 238);\"><span style=\"color: rgb(51, 51, 51); font-family: &quot;Open Sans&quot;, &quot;Trebuchet MS&quot;, Tahoma; font-size: 12px; background-color: rgb(238, 238, 238);\">Priporo\u010dena vi\u0161ina voznika: najmanj 120 cm, najve\u010d 220 cm<\/span><br style=\"color: rgb(51, 51, 51); font-family: &quot;Open Sans&quot;, &quot;Trebuchet MS&quot;, Tahoma; font-size: 12px; background-color: rgb(238, 238, 238);\"><span style=\"color: rgb(51, 51, 51); font-family: &quot;Open Sans&quot;, &quot;Trebuchet MS&quot;, Tahoma; font-size: 12px; background-color: rgb(238, 238, 238);\">Priporo\u010dena te\u017ea voznika: najmanj 20 kg, najve\u010d 122 kg<\/span><br style=\"color: rgb(51, 51, 51); font-family: &quot;Open Sans&quot;, &quot;Trebuchet MS&quot;, Tahoma; font-size: 12px; background-color: rgb(238, 238, 238);\"><span style=\"color: rgb(51, 51, 51); font-family: &quot;Open Sans&quot;, &quot;Trebuchet MS&quot;, Tahoma; font-size: 12px; background-color: rgb(238, 238, 238);\">Mere stola (Dx\u0160xV): 130x50x98 cm<\/span><br style=\"color: rgb(51, 51, 51); font-family: &quot;Open Sans&quot;, &quot;Trebuchet MS&quot;, Tahoma; font-size: 12px; background-color: rgb(238, 238, 238);\"><span style=\"color: rgb(51, 51, 51); font-family: &quot;Open Sans&quot;, &quot;Trebuchet MS&quot;, Tahoma; font-size: 12px; background-color: rgb(238, 238, 238);\">Neto te\u017ea: 20,55 kg<\/span><br style=\"color: rgb(51, 51, 51); font-family: &quot;Open Sans&quot;, &quot;Trebuchet MS&quot;, Tahoma; font-size: 12px; background-color: rgb(238, 238, 238);\"><span style=\"color: rgb(51, 51, 51); font-family: &quot;Open Sans&quot;, &quot;Trebuchet MS&quot;, Tahoma; font-size: 12px; background-color: rgb(238, 238, 238);\">Pakiranje: Mere (Dx\u0160xV): 60x50x40 cm<\/span><br style=\"color: rgb(51, 51, 51); font-family: &quot;Open Sans&quot;, &quot;Trebuchet MS&quot;, Tahoma; font-size: 12px; background-color: rgb(238, 238, 238);\"><span style=\"color: rgb(51, 51, 51); font-family: &quot;Open Sans&quot;, &quot;Trebuchet MS&quot;, Tahoma; font-size: 12px; background-color: rgb(238, 238, 238);\">Bruto te\u017ea: 24 kg<\/span><br style=\"color: rgb(51, 51, 51); font-family: &quot;Open Sans&quot;, &quot;Trebuchet MS&quot;, Tahoma; font-size: 12px; background-color: rgb(238, 238, 238);\"><span style=\"color: rgb(51, 51, 51); font-family: &quot;Open Sans&quot;, &quot;Trebuchet MS&quot;, Tahoma; font-size: 12px; background-color: rgb(238, 238, 238);\">Priro\u010dnik in garancijska izjava sta prilo\u017eena<\/span><\/p>","protected":false},"excerpt":{"rendered":"<p>IGRALNI STOL PLAYSEAT REVOLUTION &#8211; BLACK<\/p>","protected":false},"featured_media":2204,"comment_status":"closed","ping_status":"open","template":"","meta":[],"yoast_head":"<!-- This site is optimized with the Yoast SEO plugin v16.3 - https:\/\/yoast.com\/wordpress\/plugins\/seo\/ -->\n<title>IGRALNI STOL PLAYSEAT REVOLUTION - BLACK -<\/title>\n<meta name=\"robots\" content=\"index, follow, max-snippet:-1, max-image-preview:large, max-video-preview:-1\" \/>\n<link rel=\"canonical\" href=\"http:\/\/simracing.si\/en_us\/product\/igralni-stol-playseat-revolution-black\/\" \/>\n<meta property=\"og:locale\" content=\"en_US\" \/>\n<meta property=\"og:type\" content=\"article\" \/>\n<meta property=\"og:title\" content=\"IGRALNI STOL PLAYSEAT REVOLUTION - BLACK -\" \/>\n<meta property=\"og:description\" content=\"IGRALNI STOL PLAYSEAT REVOLUTION - BLACK\" \/>\n<meta property=\"og:url\" content=\"http:\/\/simracing.si\/en_us\/product\/igralni-stol-playseat-revolution-black\/\" \/>\n<meta property=\"article:modified_time\" content=\"2020-05-03T11:07:20+00:00\" \/>\n<meta property=\"og:image\" content=\"https:\/\/simracing.si\/wp-content\/uploads\/2020\/04\/playseat-revolution-black.jpeg\" \/>\n\t<meta property=\"og:image:width\" content=\"540\" \/>\n\t<meta property=\"og:image:height\" content=\"490\" \/>\n<meta name=\"twitter:card\" content=\"summary_large_image\" \/>\n<meta name=\"twitter:label1\" content=\"Est. reading time\">\n\t<meta name=\"twitter:data1\" content=\"1 minute\">\n<script type=\"application\/ld+json\" class=\"yoast-schema-graph\">{\"@context\":\"https:\/\/schema.org\",\"@graph\":[{\"@type\":\"WebSite\",\"@id\":\"https:\/\/simracing.si\/#website\",\"url\":\"https:\/\/simracing.si\/\",\"name\":\"\",\"description\":\"\",\"potentialAction\":[{\"@type\":\"SearchAction\",\"target\":\"https:\/\/simracing.si\/?s={search_term_string}\",\"query-input\":\"required name=search_term_string\"}],\"inLanguage\":\"en-US\"},{\"@type\":\"ImageObject\",\"@id\":\"https:\/\/simracing.si\/izdelek\/igralni-stol-playseat-revolution-black\/#primaryimage\",\"inLanguage\":\"en-US\",\"url\":\"https:\/\/simracing.si\/wp-content\/uploads\/2020\/04\/playseat-revolution-black.jpeg\",\"contentUrl\":\"https:\/\/simracing.si\/wp-content\/uploads\/2020\/04\/playseat-revolution-black.jpeg\",\"width\":540,\"height\":490},{\"@type\":\"WebPage\",\"@id\":\"https:\/\/simracing.si\/izdelek\/igralni-stol-playseat-revolution-black\/#webpage\",\"url\":\"https:\/\/simracing.si\/izdelek\/igralni-stol-playseat-revolution-black\/\",\"name\":\"IGRALNI STOL PLAYSEAT REVOLUTION - BLACK -\",\"isPartOf\":{\"@id\":\"https:\/\/simracing.si\/#website\"},\"primaryImageOfPage\":{\"@id\":\"https:\/\/simracing.si\/izdelek\/igralni-stol-playseat-revolution-black\/#primaryimage\"},\"datePublished\":\"2020-04-30T17:28:56+00:00\",\"dateModified\":\"2020-05-03T11:07:20+00:00\",\"breadcrumb\":{\"@id\":\"https:\/\/simracing.si\/izdelek\/igralni-stol-playseat-revolution-black\/#breadcrumb\"},\"inLanguage\":\"en-US\",\"potentialAction\":[{\"@type\":\"ReadAction\",\"target\":[\"https:\/\/simracing.si\/izdelek\/igralni-stol-playseat-revolution-black\/\"]}]},{\"@type\":\"BreadcrumbList\",\"@id\":\"https:\/\/simracing.si\/izdelek\/igralni-stol-playseat-revolution-black\/#breadcrumb\",\"itemListElement\":[{\"@type\":\"ListItem\",\"position\":1,\"item\":{\"@type\":\"WebPage\",\"@id\":\"https:\/\/simracing.si\/\",\"url\":\"https:\/\/simracing.si\/\",\"name\":\"Home\"}},{\"@type\":\"ListItem\",\"position\":2,\"item\":{\"@type\":\"WebPage\",\"@id\":\"https:\/\/simracing.si\/home\/product-category\/\",\"url\":\"https:\/\/simracing.si\/home\/product-category\/\",\"name\":\"Izdelki\"}},{\"@type\":\"ListItem\",\"position\":3,\"item\":{\"@id\":\"https:\/\/simracing.si\/izdelek\/igralni-stol-playseat-revolution-black\/#webpage\"}}]}]}<\/script>\n<!-- \/ Yoast SEO plugin. -->","_links":{"self":[{"href":"http:\/\/simracing.si\/en_us\/wp-json\/wp\/v2\/product\/2025"}],"collection":[{"href":"http:\/\/simracing.si\/en_us\/wp-json\/wp\/v2\/product"}],"about":[{"href":"http:\/\/simracing.si\/en_us\/wp-json\/wp\/v2\/types\/product"}],"replies":[{"embeddable":true,"href":"http:\/\/simracing.si\/en_us\/wp-json\/wp\/v2\/comments?post=2025"}],"version-history":[{"count":0,"href":"http:\/\/simracing.si\/en_us\/wp-json\/wp\/v2\/product\/2025\/revisions"}],"wp:featuredmedia":[{"embeddable":true,"href":"http:\/\/simracing.si\/en_us\/wp-json\/wp\/v2\/media\/2204"}],"wp:attachment":[{"href":"http:\/\/simracing.si\/en_us\/wp-json\/wp\/v2\/media?parent=2025"}],"curies":[{"name":"wp","href":"https:\/\/api.w.org\/{rel}","templated":true}]}}