{"id":2023,"date":"2020-04-30T18:28:56","date_gmt":"2020-04-30T17:28:56","guid":{"rendered":"https:\/\/simracing.si\/product\/igralni-stol-playseat-evolution-white\/"},"modified":"2020-05-03T12:03:12","modified_gmt":"2020-05-03T11:03:12","slug":"igralni-stol-playseat-evolution-white","status":"publish","type":"product","link":"http:\/\/simracing.si\/en_us\/product\/igralni-stol-playseat-evolution-white\/","title":{"rendered":"GAMING SEAT PLAYSEAT EVOLUTION - WHITE"},"content":{"rendered":"<p><span style=\"letter-spacing: 1px; color: rgb(80, 80, 80); font-family: Roboto, Arial, Helvetica, sans-serif; font-size: 12px; background-color: rgb(236, 236, 236);\">Ob\u010dutite evolucijo! Sedite in bodite hitrej\u0161i z Playseat\u00ae Evolution White!<\/span><br style=\"letter-spacing: 1px; margin: 0px; padding: 0px; color: rgb(80, 80, 80); font-family: Roboto, Arial, Helvetica, sans-serif; font-size: 12px; background-color: rgb(236, 236, 236);\"><br style=\"letter-spacing: 1px; margin: 0px; padding: 0px; color: rgb(80, 80, 80); font-family: Roboto, Arial, Helvetica, sans-serif; font-size: 12px; background-color: rgb(236, 236, 236);\"><span style=\"letter-spacing: 1px; color: rgb(80, 80, 80); font-family: Roboto, Arial, Helvetica, sans-serif; font-size: 12px; background-color: rgb(236, 236, 236);\">Stole Playseat\u00ae uporabljajo profesionalni vozniki, kot je Takuma Sato, za simulacijo dirk in pripravo na vo\u017enjo na novih dirkali\u0161\u010dih. Sede\u017e Evolution ima \u010drni okvir in je izdelan iz visokokakovostnega vinila iz usnja. Ker ga lahko uporabljajo odrasli in otroci, boste vi, va\u0161i prijatelji in dru\u017einski \u010dlani u\u017eivali v tem stolu. Sede\u017e je zelo udoben, stabilen in prilagodljiv. Zaradi svoje edinstvene zlo\u017eljive zasnove uporablja malo prostora, kadar ni v uporabi.<\/span><br style=\"letter-spacing: 1px; margin: 0px; padding: 0px; color: rgb(80, 80, 80); font-family: Roboto, Arial, Helvetica, sans-serif; font-size: 12px; background-color: rgb(236, 236, 236);\"><br style=\"letter-spacing: 1px; margin: 0px; padding: 0px; color: rgb(80, 80, 80); font-family: Roboto, Arial, Helvetica, sans-serif; font-size: 12px; background-color: rgb(236, 236, 236);\"><span style=\"letter-spacing: 1px; color: rgb(80, 80, 80); font-family: Roboto, Arial, Helvetica, sans-serif; font-size: 12px; background-color: rgb(236, 236, 236);\">Lastnosti: Starost 8+ Real Playseat\u00ae 1 leto garancije Zdru\u017eljiv z vsemi volanskimi in pedali na trgu Trpe\u017een prilagodljiv okvir s \u010drno prevleko Visoko kakovostni usnjeni videz \u010drnega vinila Vrhunska kakovost izdelave, stabilnost in udobje Enostavna monta\u017ea in shranjevanje zaradi patentirane zlo\u017eljive oblike Brez pedal in volana Zdru\u017eljiv z vsemi razpolo\u017eljivimi volani in pedali, vklju\u010dno z Logitech, Thrustmaster in Fanatec Zdru\u017eljiv s PlayStation 2, PlayStation 3, PlayStation 4, Xbox, Xbox 360, Xbox One, Wii, Wii U, PC, Mac<\/span><br style=\"letter-spacing: 1px; margin: 0px; padding: 0px; color: rgb(80, 80, 80); font-family: Roboto, Arial, Helvetica, sans-serif; font-size: 12px; background-color: rgb(236, 236, 236);\"><br style=\"letter-spacing: 1px; margin: 0px; padding: 0px; color: rgb(80, 80, 80); font-family: Roboto, Arial, Helvetica, sans-serif; font-size: 12px; background-color: rgb(236, 236, 236);\"><span style=\"letter-spacing: 1px; color: rgb(80, 80, 80); font-family: Roboto, Arial, Helvetica, sans-serif; font-size: 12px; background-color: rgb(236, 236, 236);\">Specifikacije:<\/span><br style=\"letter-spacing: 1px; margin: 0px; padding: 0px; color: rgb(80, 80, 80); font-family: Roboto, Arial, Helvetica, sans-serif; font-size: 12px; background-color: rgb(236, 236, 236);\"><span style=\"letter-spacing: 1px; color: rgb(80, 80, 80); font-family: Roboto, Arial, Helvetica, sans-serif; font-size: 12px; background-color: rgb(236, 236, 236);\">Priporo\u010dena vi\u0161ina voznika: najmanj 120 cm, najve\u010d 220 cm<\/span><br style=\"letter-spacing: 1px; margin: 0px; padding: 0px; color: rgb(80, 80, 80); font-family: Roboto, Arial, Helvetica, sans-serif; font-size: 12px; background-color: rgb(236, 236, 236);\"><span style=\"letter-spacing: 1px; color: rgb(80, 80, 80); font-family: Roboto, Arial, Helvetica, sans-serif; font-size: 12px; background-color: rgb(236, 236, 236);\">Priporo\u010dena te\u017ea voznika: najmanj 20 kg, najve\u010d 122 kg<\/span><br style=\"letter-spacing: 1px; margin: 0px; padding: 0px; color: rgb(80, 80, 80); font-family: Roboto, Arial, Helvetica, sans-serif; font-size: 12px; background-color: rgb(236, 236, 236);\"><span style=\"letter-spacing: 1px; color: rgb(80, 80, 80); font-family: Roboto, Arial, Helvetica, sans-serif; font-size: 12px; background-color: rgb(236, 236, 236);\">Mere stola (Dx\u0160xV): 130x50x98 cm<\/span><br style=\"letter-spacing: 1px; margin: 0px; padding: 0px; color: rgb(80, 80, 80); font-family: Roboto, Arial, Helvetica, sans-serif; font-size: 12px; background-color: rgb(236, 236, 236);\"><span style=\"letter-spacing: 1px; color: rgb(80, 80, 80); font-family: Roboto, Arial, Helvetica, sans-serif; font-size: 12px; background-color: rgb(236, 236, 236);\">Vi\u0161ina naslonjala: 78 cm<\/span><br style=\"letter-spacing: 1px; margin: 0px; padding: 0px; color: rgb(80, 80, 80); font-family: Roboto, Arial, Helvetica, sans-serif; font-size: 12px; background-color: rgb(236, 236, 236);\"><span style=\"letter-spacing: 1px; color: rgb(80, 80, 80); font-family: Roboto, Arial, Helvetica, sans-serif; font-size: 12px; background-color: rgb(236, 236, 236);\">Vi\u0161ina sede\u017ea: 24 cm<\/span><br style=\"letter-spacing: 1px; margin: 0px; padding: 0px; color: rgb(80, 80, 80); font-family: Roboto, Arial, Helvetica, sans-serif; font-size: 12px; background-color: rgb(236, 236, 236);\"><span style=\"letter-spacing: 1px; color: rgb(80, 80, 80); font-family: Roboto, Arial, Helvetica, sans-serif; font-size: 12px; background-color: rgb(236, 236, 236);\">\u0160irina sede\u017ea: 48 cm<\/span><br style=\"letter-spacing: 1px; margin: 0px; padding: 0px; color: rgb(80, 80, 80); font-family: Roboto, Arial, Helvetica, sans-serif; font-size: 12px; background-color: rgb(236, 236, 236);\"><span style=\"letter-spacing: 1px; color: rgb(80, 80, 80); font-family: Roboto, Arial, Helvetica, sans-serif; font-size: 12px; background-color: rgb(236, 236, 236);\">Globina sede\u017ea: 46,5-50 cm<\/span><br style=\"letter-spacing: 1px; margin: 0px; padding: 0px; color: rgb(80, 80, 80); font-family: Roboto, Arial, Helvetica, sans-serif; font-size: 12px; background-color: rgb(236, 236, 236);\"><span style=\"letter-spacing: 1px; color: rgb(80, 80, 80); font-family: Roboto, Arial, Helvetica, sans-serif; font-size: 12px; background-color: rgb(236, 236, 236);\">Neto te\u017ea: 19,8 kg<\/span><br style=\"letter-spacing: 1px; margin: 0px; padding: 0px; color: rgb(80, 80, 80); font-family: Roboto, Arial, Helvetica, sans-serif; font-size: 12px; background-color: rgb(236, 236, 236);\"><span style=\"letter-spacing: 1px; color: rgb(80, 80, 80); font-family: Roboto, Arial, Helvetica, sans-serif; font-size: 12px; background-color: rgb(236, 236, 236);\">Pakiranje: Mere (Dx\u0160xV): 60x50x40 cm Bruto<\/span><br style=\"letter-spacing: 1px; margin: 0px; padding: 0px; color: rgb(80, 80, 80); font-family: Roboto, Arial, Helvetica, sans-serif; font-size: 12px; background-color: rgb(236, 236, 236);\"><span style=\"letter-spacing: 1px; color: rgb(80, 80, 80); font-family: Roboto, Arial, Helvetica, sans-serif; font-size: 12px; background-color: rgb(236, 236, 236);\">te\u017ea: 24 kg<\/span><br style=\"letter-spacing: 1px; margin: 0px; padding: 0px; color: rgb(80, 80, 80); font-family: Roboto, Arial, Helvetica, sans-serif; font-size: 12px; background-color: rgb(236, 236, 236);\"><span style=\"letter-spacing: 1px; color: rgb(80, 80, 80); font-family: Roboto, Arial, Helvetica, sans-serif; font-size: 12px; background-color: rgb(236, 236, 236);\">Priro\u010dnik in garancijska izjava sta prilo\u017eena<\/span><\/p>","protected":false},"excerpt":{"rendered":"<p>GAMING SEAT PLAYSEAT EVOLUTION - WHITE<\/p>","protected":false},"featured_media":2202,"comment_status":"closed","ping_status":"open","template":"","meta":[],"yoast_head":"<!-- This site is optimized with the Yoast SEO plugin v16.3 - https:\/\/yoast.com\/wordpress\/plugins\/seo\/ -->\n<title>IGRALNI STOL PLAYSEAT EVOLUTION - WHITE -<\/title>\n<meta name=\"robots\" content=\"index, follow, max-snippet:-1, max-image-preview:large, max-video-preview:-1\" \/>\n<link rel=\"canonical\" href=\"http:\/\/simracing.si\/en_us\/product\/igralni-stol-playseat-evolution-white\/\" \/>\n<meta property=\"og:locale\" content=\"en_US\" \/>\n<meta property=\"og:type\" content=\"article\" \/>\n<meta property=\"og:title\" content=\"IGRALNI STOL PLAYSEAT EVOLUTION - WHITE -\" \/>\n<meta property=\"og:description\" content=\"IGRALNI STOL PLAYSEAT EVOLUTION - WHITE\" \/>\n<meta property=\"og:url\" content=\"http:\/\/simracing.si\/en_us\/product\/igralni-stol-playseat-evolution-white\/\" \/>\n<meta property=\"article:modified_time\" content=\"2020-05-03T11:03:12+00:00\" \/>\n<meta property=\"og:image\" content=\"https:\/\/simracing.si\/wp-content\/uploads\/2020\/04\/playseat-evo-white.jpg\" \/>\n\t<meta property=\"og:image:width\" content=\"1000\" \/>\n\t<meta property=\"og:image:height\" content=\"1000\" \/>\n<meta name=\"twitter:card\" content=\"summary_large_image\" \/>\n<meta name=\"twitter:label1\" content=\"Est. reading time\">\n\t<meta name=\"twitter:data1\" content=\"1 minute\">\n<script type=\"application\/ld+json\" class=\"yoast-schema-graph\">{\"@context\":\"https:\/\/schema.org\",\"@graph\":[{\"@type\":\"WebSite\",\"@id\":\"https:\/\/simracing.si\/#website\",\"url\":\"https:\/\/simracing.si\/\",\"name\":\"\",\"description\":\"\",\"potentialAction\":[{\"@type\":\"SearchAction\",\"target\":\"https:\/\/simracing.si\/?s={search_term_string}\",\"query-input\":\"required name=search_term_string\"}],\"inLanguage\":\"en-US\"},{\"@type\":\"ImageObject\",\"@id\":\"https:\/\/simracing.si\/sl_si\/izdelek\/igralni-stol-playseat-evolution-white\/#primaryimage\",\"inLanguage\":\"en-US\",\"url\":\"https:\/\/simracing.si\/wp-content\/uploads\/2020\/04\/playseat-evo-white.jpg\",\"contentUrl\":\"https:\/\/simracing.si\/wp-content\/uploads\/2020\/04\/playseat-evo-white.jpg\",\"width\":1000,\"height\":1000},{\"@type\":\"WebPage\",\"@id\":\"https:\/\/simracing.si\/sl_si\/izdelek\/igralni-stol-playseat-evolution-white\/#webpage\",\"url\":\"https:\/\/simracing.si\/sl_si\/izdelek\/igralni-stol-playseat-evolution-white\/\",\"name\":\"IGRALNI STOL PLAYSEAT EVOLUTION - WHITE -\",\"isPartOf\":{\"@id\":\"https:\/\/simracing.si\/#website\"},\"primaryImageOfPage\":{\"@id\":\"https:\/\/simracing.si\/sl_si\/izdelek\/igralni-stol-playseat-evolution-white\/#primaryimage\"},\"datePublished\":\"2020-04-30T17:28:56+00:00\",\"dateModified\":\"2020-05-03T11:03:12+00:00\",\"breadcrumb\":{\"@id\":\"https:\/\/simracing.si\/sl_si\/izdelek\/igralni-stol-playseat-evolution-white\/#breadcrumb\"},\"inLanguage\":\"en-US\",\"potentialAction\":[{\"@type\":\"ReadAction\",\"target\":[\"https:\/\/simracing.si\/sl_si\/izdelek\/igralni-stol-playseat-evolution-white\/\"]}]},{\"@type\":\"BreadcrumbList\",\"@id\":\"https:\/\/simracing.si\/sl_si\/izdelek\/igralni-stol-playseat-evolution-white\/#breadcrumb\",\"itemListElement\":[{\"@type\":\"ListItem\",\"position\":1,\"item\":{\"@type\":\"WebPage\",\"@id\":\"https:\/\/simracing.si\/\",\"url\":\"https:\/\/simracing.si\/\",\"name\":\"Home\"}},{\"@type\":\"ListItem\",\"position\":2,\"item\":{\"@type\":\"WebPage\",\"@id\":\"https:\/\/simracing.si\/home\/product-category\/\",\"url\":\"https:\/\/simracing.si\/home\/product-category\/\",\"name\":\"Izdelki\"}},{\"@type\":\"ListItem\",\"position\":3,\"item\":{\"@id\":\"https:\/\/simracing.si\/sl_si\/izdelek\/igralni-stol-playseat-evolution-white\/#webpage\"}}]}]}<\/script>\n<!-- \/ Yoast SEO plugin. -->","_links":{"self":[{"href":"http:\/\/simracing.si\/en_us\/wp-json\/wp\/v2\/product\/2023"}],"collection":[{"href":"http:\/\/simracing.si\/en_us\/wp-json\/wp\/v2\/product"}],"about":[{"href":"http:\/\/simracing.si\/en_us\/wp-json\/wp\/v2\/types\/product"}],"replies":[{"embeddable":true,"href":"http:\/\/simracing.si\/en_us\/wp-json\/wp\/v2\/comments?post=2023"}],"version-history":[{"count":0,"href":"http:\/\/simracing.si\/en_us\/wp-json\/wp\/v2\/product\/2023\/revisions"}],"wp:featuredmedia":[{"embeddable":true,"href":"http:\/\/simracing.si\/en_us\/wp-json\/wp\/v2\/media\/2202"}],"wp:attachment":[{"href":"http:\/\/simracing.si\/en_us\/wp-json\/wp\/v2\/media?parent=2023"}],"curies":[{"name":"wp","href":"https:\/\/api.w.org\/{rel}","templated":true}]}}