{"id":1960,"date":"2020-04-30T18:28:13","date_gmt":"2020-04-30T17:28:13","guid":{"rendered":"https:\/\/simracing.si\/product\/sharkoon-gamerski-stol-shark-skiller-sgs2\/"},"modified":"2020-04-30T18:28:16","modified_gmt":"2020-04-30T17:28:16","slug":"sharkoon-gamerski-stol-shark-skiller-sgs2","status":"publish","type":"product","link":"http:\/\/simracing.si\/en_us\/product\/sharkoon-gamerski-stol-shark-skiller-sgs2\/","title":{"rendered":"SHARKOON Shark Skiller SGS2 Gaming Seat"},"content":{"rendered":"<p>Izberi svojo \u017eeljeno barvo na desni strani!<\/p>\n<p><strong>Dobava 1 do 3 dni<\/strong><\/p>\n<p><strong>Mo\u017ene razne menjave za igre, igralne konzole volane in \u0161e ve\u010d info@playgame.si po\u0161lji kaj ima\u0161?<\/strong><\/p>\n<p>&nbsp;<\/p>\n<p style=\"box-sizing: border-box; margin: 0px 0px 10px; color: rgb(79, 79, 79); font-family: &quot;Open Sans&quot;, sans-serif;\">Material: tkanina, polnilo poliuretan pena<br style=\"box-sizing: border-box;\" \/><br \/>\nBarva: \u010drna \/ zelena<br style=\"box-sizing: border-box;\" \/><br \/>\nNastavitev vi\u0161ine sedenja: plinska vzmet razreda Class-4<br style=\"box-sizing: border-box;\" \/><br \/>\nGostota PU pene: 54kg\/m3<br style=\"box-sizing: border-box;\" \/><br \/>\nNastavitev naklona: 3\u00b0 &#8211; 18\u00b0<br style=\"box-sizing: border-box;\" \/><br \/>\nNastavitev naslonjala: 90\u00b0 &#8211; 160\u00b0<br style=\"box-sizing: border-box;\" \/><br \/>\nPrimerno za te\u017eo: do 110kg<\/p>\n<p style=\"box-sizing: border-box; margin: 0px 0px 10px; color: rgb(79, 79, 79); font-family: &quot;Open Sans&quot;, sans-serif;\">Dimenzije:<br style=\"box-sizing: border-box;\" \/><br \/>\n\u0161irina sede\u017ea: 50 cm<br style=\"box-sizing: border-box;\" \/><br \/>\nvi\u0161ina naslonjala: 83 cm<br style=\"box-sizing: border-box;\" \/><br \/>\n\u0161irina naslonjala: 57 cm<br style=\"box-sizing: border-box;\" \/><br \/>\nVelikost paketa: 86 x 70 x 33 cm<\/p>\n<p style=\"box-sizing: border-box; margin: 0px 0px 10px; color: rgb(79, 79, 79); font-family: &quot;Open Sans&quot;, sans-serif;\">Te\u017ea stola: 20.8kg&nbsp;<\/p>\n<p><strong style=\"box-sizing: border-box; color: rgb(79, 79, 79); font-family: &quot;Open Sans&quot;, sans-serif;\">Garancija:<\/strong><span style=\"color: rgb(79, 79, 79); font-family: &quot;Open Sans&quot;, sans-serif;\">&nbsp;<\/span><span style=\"box-sizing: border-box; color: rgb(79, 79, 79); font-family: &quot;Open Sans&quot;, sans-serif;\">2 leti<\/span><\/p>","protected":false},"excerpt":{"rendered":"<p>SHARKOON Gamerski Shark Skiller SGS2<\/p>","protected":false},"featured_media":2139,"comment_status":"closed","ping_status":"open","template":"","meta":[],"yoast_head":"<!-- This site is optimized with the Yoast SEO plugin v16.3 - https:\/\/yoast.com\/wordpress\/plugins\/seo\/ -->\n<title>SHARKOON Gamerski stol Shark Skiller SGS2 -<\/title>\n<meta name=\"robots\" content=\"index, follow, max-snippet:-1, max-image-preview:large, max-video-preview:-1\" \/>\n<link rel=\"canonical\" href=\"https:\/\/simracing.si\/en_us\/product\/sharkoon-gamerski-stol-shark-skiller-sgs2\/\" \/>\n<meta property=\"og:locale\" content=\"en_US\" \/>\n<meta property=\"og:type\" content=\"article\" \/>\n<meta property=\"og:title\" content=\"SHARKOON Gamerski stol Shark Skiller SGS2 -\" \/>\n<meta property=\"og:description\" content=\"SHARKOON Gamerski Shark Skiller SGS2\" \/>\n<meta property=\"og:url\" content=\"https:\/\/simracing.si\/en_us\/product\/sharkoon-gamerski-stol-shark-skiller-sgs2\/\" \/>\n<meta property=\"article:modified_time\" content=\"2020-04-30T17:28:16+00:00\" \/>\n<meta property=\"og:image\" content=\"https:\/\/simracing.si\/wp-content\/uploads\/2020\/04\/sha1.jpg\" \/>\n\t<meta property=\"og:image:width\" content=\"800\" \/>\n\t<meta property=\"og:image:height\" content=\"558\" \/>\n<meta name=\"twitter:card\" content=\"summary_large_image\" \/>\n<script type=\"application\/ld+json\" class=\"yoast-schema-graph\">{\"@context\":\"https:\/\/schema.org\",\"@graph\":[{\"@type\":\"WebSite\",\"@id\":\"https:\/\/simracing.si\/#website\",\"url\":\"https:\/\/simracing.si\/\",\"name\":\"\",\"description\":\"\",\"potentialAction\":[{\"@type\":\"SearchAction\",\"target\":\"https:\/\/simracing.si\/?s={search_term_string}\",\"query-input\":\"required name=search_term_string\"}],\"inLanguage\":\"en-US\"},{\"@type\":\"ImageObject\",\"@id\":\"https:\/\/simracing.si\/en_us\/product\/sharkoon-gamerski-stol-shark-skiller-sgs2\/#primaryimage\",\"inLanguage\":\"en-US\",\"url\":\"https:\/\/simracing.si\/wp-content\/uploads\/2020\/04\/sha1.jpg\",\"contentUrl\":\"https:\/\/simracing.si\/wp-content\/uploads\/2020\/04\/sha1.jpg\",\"width\":800,\"height\":558},{\"@type\":\"WebPage\",\"@id\":\"https:\/\/simracing.si\/en_us\/product\/sharkoon-gamerski-stol-shark-skiller-sgs2\/#webpage\",\"url\":\"https:\/\/simracing.si\/en_us\/product\/sharkoon-gamerski-stol-shark-skiller-sgs2\/\",\"name\":\"SHARKOON Gamerski stol Shark Skiller SGS2 -\",\"isPartOf\":{\"@id\":\"https:\/\/simracing.si\/#website\"},\"primaryImageOfPage\":{\"@id\":\"https:\/\/simracing.si\/en_us\/product\/sharkoon-gamerski-stol-shark-skiller-sgs2\/#primaryimage\"},\"datePublished\":\"2020-04-30T17:28:13+00:00\",\"dateModified\":\"2020-04-30T17:28:16+00:00\",\"breadcrumb\":{\"@id\":\"https:\/\/simracing.si\/en_us\/product\/sharkoon-gamerski-stol-shark-skiller-sgs2\/#breadcrumb\"},\"inLanguage\":\"en-US\",\"potentialAction\":[{\"@type\":\"ReadAction\",\"target\":[\"https:\/\/simracing.si\/en_us\/product\/sharkoon-gamerski-stol-shark-skiller-sgs2\/\"]}]},{\"@type\":\"BreadcrumbList\",\"@id\":\"https:\/\/simracing.si\/en_us\/product\/sharkoon-gamerski-stol-shark-skiller-sgs2\/#breadcrumb\",\"itemListElement\":[{\"@type\":\"ListItem\",\"position\":1,\"item\":{\"@type\":\"WebPage\",\"@id\":\"https:\/\/simracing.si\/\",\"url\":\"https:\/\/simracing.si\/\",\"name\":\"Home\"}},{\"@type\":\"ListItem\",\"position\":2,\"item\":{\"@type\":\"WebPage\",\"@id\":\"https:\/\/simracing.si\/home\/product-category\/\",\"url\":\"https:\/\/simracing.si\/home\/product-category\/\",\"name\":\"Izdelki\"}},{\"@type\":\"ListItem\",\"position\":3,\"item\":{\"@id\":\"https:\/\/simracing.si\/en_us\/product\/sharkoon-gamerski-stol-shark-skiller-sgs2\/#webpage\"}}]}]}<\/script>\n<!-- \/ Yoast SEO plugin. -->","_links":{"self":[{"href":"http:\/\/simracing.si\/en_us\/wp-json\/wp\/v2\/product\/1960"}],"collection":[{"href":"http:\/\/simracing.si\/en_us\/wp-json\/wp\/v2\/product"}],"about":[{"href":"http:\/\/simracing.si\/en_us\/wp-json\/wp\/v2\/types\/product"}],"replies":[{"embeddable":true,"href":"http:\/\/simracing.si\/en_us\/wp-json\/wp\/v2\/comments?post=1960"}],"version-history":[{"count":0,"href":"http:\/\/simracing.si\/en_us\/wp-json\/wp\/v2\/product\/1960\/revisions"}],"wp:featuredmedia":[{"embeddable":true,"href":"http:\/\/simracing.si\/en_us\/wp-json\/wp\/v2\/media\/2139"}],"wp:attachment":[{"href":"http:\/\/simracing.si\/en_us\/wp-json\/wp\/v2\/media?parent=1960"}],"curies":[{"name":"wp","href":"https:\/\/api.w.org\/{rel}","templated":true}]}}