{"id":1958,"date":"2020-04-30T18:28:13","date_gmt":"2020-04-30T17:28:13","guid":{"rendered":"https:\/\/simracing.si\/product\/playseat-evolution-alcantara\/"},"modified":"2020-04-30T18:28:15","modified_gmt":"2020-04-30T17:28:15","slug":"playseat-evolution-alcantara","status":"publish","type":"product","link":"http:\/\/simracing.si\/en_us\/product\/playseat-evolution-alcantara\/","title":{"rendered":"Playseat\u00ae Evolution Alcantara"},"content":{"rendered":"<p style=\"margin: 0px 0px 6px; font-family: Helvetica, Arial, sans-serif; color: rgb(29, 33, 41); font-size: 14px;\">&nbsp;<\/p>\n<p style=\"margin: 6px 0px; font-family: Helvetica, Arial, sans-serif; color: rgb(29, 33, 41); font-size: 14px;\"><strong>Prodaja se dobesedno KOT NOV <\/strong>, sim sede\u017e Playseat\u00ae Evolution Alcantara edicija v \u010drni barvi.<\/p>\n<p style=\"margin: 6px 0px; font-family: Helvetica, Arial, sans-serif; color: rgb(29, 33, 41); font-size: 14px;\">&nbsp;<\/p>\n<div class=\"text_exposed_show\" style=\"display: inline; font-family: Helvetica, Arial, sans-serif; color: rgb(29, 33, 41); font-size: 14px;\">\n<p style=\"margin: 0px 0px 6px; font-family: inherit;\">Sede\u017e je v uporabi max 20min, brez kakr\u0161nekoli mal ve\u010dje praske, razvidno in slik, dodan na novo \u0161e spodnji del, da je sede\u017e mo\u017eno enako premikati naprej nazaj , kot v pravem vodilu, vodila za premik sede\u017ea enako od firme Playseat\u00ae Evolution Alcantara.<\/p>\n<p style=\"margin: 6px 0px; font-family: inherit;\">V kompletu tudi navodila za sestavo in orodje.<\/p>\n<p style=\"margin: 6px 0px; font-family: inherit;\"><strong>Cena za sede\u017e je : 239EUR<\/strong><\/p>\n<p style=\"margin: 6px 0px; font-family: inherit;\">(<strong>Polna cene novega sede\u017ea++vodila je 363EUR<\/strong>) mo\u017ene razne menjave, naro\u010dilo na 031-434-225 Damjan ali info@playgame.si<\/p>\n<p style=\"margin: 6px 0px; font-family: inherit;\">Hvala za nakupe in menjave!<\/p>\n<p style=\"margin: 6px 0px; font-family: inherit;\">&nbsp;<\/p>\n<p style=\"margin: 6px 0px; font-family: inherit;\"><a href=\"https:\/\/www.facebook.com\/Playgame.si\/photos\/pcb.1433695200008410\/1433684513342812\/?type=3\">Ve\u010d slik tukaj!<\/a><\/p>\n<\/div>","protected":false},"excerpt":{"rendered":"<p>Playseat\u00ae Evolution Alcantara<\/p>","protected":false},"featured_media":2137,"comment_status":"closed","ping_status":"open","template":"","meta":[],"yoast_head":"<!-- This site is optimized with the Yoast SEO plugin v16.3 - https:\/\/yoast.com\/wordpress\/plugins\/seo\/ -->\n<title>Playseat\u00ae Evolution Alcantara -<\/title>\n<meta name=\"robots\" content=\"index, follow, max-snippet:-1, max-image-preview:large, max-video-preview:-1\" \/>\n<link rel=\"canonical\" href=\"https:\/\/simracing.si\/en_us\/product\/playseat-evolution-alcantara\/\" \/>\n<meta property=\"og:locale\" content=\"en_US\" \/>\n<meta property=\"og:type\" content=\"article\" \/>\n<meta property=\"og:title\" content=\"Playseat\u00ae Evolution Alcantara -\" \/>\n<meta property=\"og:description\" content=\"Playseat\u00ae Evolution Alcantara\" \/>\n<meta property=\"og:url\" content=\"https:\/\/simracing.si\/en_us\/product\/playseat-evolution-alcantara\/\" \/>\n<meta property=\"article:modified_time\" content=\"2020-04-30T17:28:15+00:00\" \/>\n<meta property=\"og:image\" content=\"https:\/\/simracing.si\/wp-content\/uploads\/2020\/04\/alcata111.jpg\" \/>\n\t<meta property=\"og:image:width\" content=\"2048\" \/>\n\t<meta property=\"og:image:height\" content=\"1152\" \/>\n<meta name=\"twitter:card\" content=\"summary_large_image\" \/>\n<meta name=\"twitter:label1\" content=\"Est. reading time\">\n\t<meta name=\"twitter:data1\" content=\"1 minute\">\n<script type=\"application\/ld+json\" class=\"yoast-schema-graph\">{\"@context\":\"https:\/\/schema.org\",\"@graph\":[{\"@type\":\"WebSite\",\"@id\":\"https:\/\/simracing.si\/#website\",\"url\":\"https:\/\/simracing.si\/\",\"name\":\"\",\"description\":\"\",\"potentialAction\":[{\"@type\":\"SearchAction\",\"target\":\"https:\/\/simracing.si\/?s={search_term_string}\",\"query-input\":\"required name=search_term_string\"}],\"inLanguage\":\"en-US\"},{\"@type\":\"ImageObject\",\"@id\":\"https:\/\/simracing.si\/en_us\/product\/playseat-evolution-alcantara\/#primaryimage\",\"inLanguage\":\"en-US\",\"url\":\"https:\/\/simracing.si\/wp-content\/uploads\/2020\/04\/alcata111.jpg\",\"contentUrl\":\"https:\/\/simracing.si\/wp-content\/uploads\/2020\/04\/alcata111.jpg\",\"width\":2048,\"height\":1152},{\"@type\":\"WebPage\",\"@id\":\"https:\/\/simracing.si\/en_us\/product\/playseat-evolution-alcantara\/#webpage\",\"url\":\"https:\/\/simracing.si\/en_us\/product\/playseat-evolution-alcantara\/\",\"name\":\"Playseat\\u00ae Evolution Alcantara -\",\"isPartOf\":{\"@id\":\"https:\/\/simracing.si\/#website\"},\"primaryImageOfPage\":{\"@id\":\"https:\/\/simracing.si\/en_us\/product\/playseat-evolution-alcantara\/#primaryimage\"},\"datePublished\":\"2020-04-30T17:28:13+00:00\",\"dateModified\":\"2020-04-30T17:28:15+00:00\",\"breadcrumb\":{\"@id\":\"https:\/\/simracing.si\/en_us\/product\/playseat-evolution-alcantara\/#breadcrumb\"},\"inLanguage\":\"en-US\",\"potentialAction\":[{\"@type\":\"ReadAction\",\"target\":[\"https:\/\/simracing.si\/en_us\/product\/playseat-evolution-alcantara\/\"]}]},{\"@type\":\"BreadcrumbList\",\"@id\":\"https:\/\/simracing.si\/en_us\/product\/playseat-evolution-alcantara\/#breadcrumb\",\"itemListElement\":[{\"@type\":\"ListItem\",\"position\":1,\"item\":{\"@type\":\"WebPage\",\"@id\":\"https:\/\/simracing.si\/\",\"url\":\"https:\/\/simracing.si\/\",\"name\":\"Home\"}},{\"@type\":\"ListItem\",\"position\":2,\"item\":{\"@type\":\"WebPage\",\"@id\":\"https:\/\/simracing.si\/home\/product-category\/\",\"url\":\"https:\/\/simracing.si\/home\/product-category\/\",\"name\":\"Izdelki\"}},{\"@type\":\"ListItem\",\"position\":3,\"item\":{\"@id\":\"https:\/\/simracing.si\/en_us\/product\/playseat-evolution-alcantara\/#webpage\"}}]}]}<\/script>\n<!-- \/ Yoast SEO plugin. -->","_links":{"self":[{"href":"http:\/\/simracing.si\/en_us\/wp-json\/wp\/v2\/product\/1958"}],"collection":[{"href":"http:\/\/simracing.si\/en_us\/wp-json\/wp\/v2\/product"}],"about":[{"href":"http:\/\/simracing.si\/en_us\/wp-json\/wp\/v2\/types\/product"}],"replies":[{"embeddable":true,"href":"http:\/\/simracing.si\/en_us\/wp-json\/wp\/v2\/comments?post=1958"}],"version-history":[{"count":0,"href":"http:\/\/simracing.si\/en_us\/wp-json\/wp\/v2\/product\/1958\/revisions"}],"wp:featuredmedia":[{"embeddable":true,"href":"http:\/\/simracing.si\/en_us\/wp-json\/wp\/v2\/media\/2137"}],"wp:attachment":[{"href":"http:\/\/simracing.si\/en_us\/wp-json\/wp\/v2\/media?parent=1958"}],"curies":[{"name":"wp","href":"https:\/\/api.w.org\/{rel}","templated":true}]}}