{"id":1942,"date":"2020-04-30T18:28:02","date_gmt":"2020-04-30T17:28:02","guid":{"rendered":"https:\/\/simracing.si\/product\/volan-driving-force-gt-logitech-volan-ps3-pc\/"},"modified":"2020-05-19T16:00:48","modified_gmt":"2020-05-19T14:00:48","slug":"volan-driving-force-gt-logitech-volan-ps3-pc","status":"publish","type":"product","link":"http:\/\/simracing.si\/en_us\/product\/volan-driving-force-gt-logitech-volan-ps3-pc\/","title":{"rendered":"Logitech Driving Force GT Steering Wheel for PS3,PC"},"content":{"rendered":"<p style=\"margin-top: 0px; margin-bottom: 20px; color: rgb(0, 0, 0); font-family: Arial, Helvetica, sans-serif; font-size: 12px; line-height: 18px;\"><strong>Prodaja se lepo ohranjen volan, embala\u017ea, navodila in vsa oprema, ter 1 mese\u010dna garancija!<\/strong><\/p>\n<p style=\"margin-top: 0px; margin-bottom: 20px; color: rgb(0, 0, 0); font-family: Arial, Helvetica, sans-serif; font-size: 12px; line-height: 18px;\"><strong>Odli\u010den volan za PS3 ali ra\u010dunalnik!<\/strong><\/p>\n<p style=\"margin-top: 0px; margin-bottom: 20px; color: rgb(0, 0, 0); font-family: Arial, Helvetica, sans-serif; font-size: 12px; line-height: 18px;\"><span style=\"line-height: 19px;\">Volan Logitech Driving force GT je uradni volan serije iger Gran Turismo\u2122. Vrti se kor pravi avtomobilski volan, saj omogo\u010da 900\u00b0 obrat. Skupaj s funkcijo Force Feedback, sekven\u010dni menjalnik plus minus, ter menjalnik na volanu tipke plus minus, &nbsp;menjalnikom in gumbom z 24 stopenjskimi nastavitvami pri\u010dara pravo dirka\u0161ko izku\u0161njo.<\/span><\/p>\n<p style=\"margin-top: 0px; margin-bottom: 20px; color: rgb(0, 0, 0); font-family: Arial, Helvetica, sans-serif; font-size: 12px; line-height: 18px;\">&nbsp;<\/p>\n<p style=\"margin: 0px; font-family: Arial, Helvetica, sans-serif; padding: 0px 0px 15px; color: rgb(84, 97, 113); font-size: 14px; line-height: 19px;\"><span style=\"color: rgb(0, 0, 0);\"><span style=\"font-weight: bold;\">Lastnosti:<\/span><\/span><\/p>\n<ul style=\"list-style: none; margin: 5px 0px 15px 20px; padding-right: 0px; padding-left: 0px; font-family: Arial, Helvetica, sans-serif; font-size: 14px; line-height: 19px;\">\n<li style=\"color: rgb(84, 97, 113); line-height: 18px;\"><span style=\"color: rgb(0, 0, 0);\">Primeren za PC, PS2 in PS3<\/span><\/li>\n<li style=\"color: rgb(84, 97, 113); line-height: 18px;\"><span style=\"color: rgb(0, 0, 0);\">uradni volan serije iger Gran Turismo\u2122<\/span><\/li>\n<li style=\"color: rgb(84, 97, 113); line-height: 18px;\"><span style=\"color: rgb(0, 0, 0);\">900\u00b0 obrat volana (2 obrata in pol)<\/span><\/li>\n<li style=\"color: rgb(84, 97, 113); line-height: 18px;\"><span style=\"color: rgb(0, 0, 0);\">Sila povratnega vibra u\u010dinka &#8220;Force feedback&#8221;<\/span><\/li>\n<li style=\"line-height: 18px;\"><font color=\"#000000\">Sekven\u010dni menjlanik + in &#8211;<\/font><\/li>\n<li style=\"color: rgb(84, 97, 113); line-height: 18px;\"><span style=\"color: rgb(0, 0, 0);\">Menjalne tipke za volanom<\/span><\/li>\n<li style=\"color: rgb(84, 97, 113); line-height: 18px;\"><span style=\"color: rgb(0, 0, 0);\">Pedala za plinin zavoro<\/span><\/li>\n<li style=\"color: rgb(84, 97, 113); line-height: 18px;\"><span style=\"color: rgb(0, 0, 0);\">Gumb z 24 stopenjskimi nastavitvami<\/span><\/li>\n<li style=\"color: rgb(84, 97, 113); line-height: 18px;\"><span style=\"color: rgb(0, 0, 0);\">Volanski obro\u010d oble\u010den v gumo<\/span><\/li>\n<\/ul>\n<p style=\"margin-top: 0px; margin-bottom: 20px; color: rgb(0, 0, 0); font-family: Arial, Helvetica, sans-serif; font-size: 12px; line-height: 18px;\"><b>1 mese\u010dna garancija<\/b><\/p>\n<p style=\"margin-top: 0px; margin-bottom: 20px; color: rgb(0, 0, 0); font-family: Arial, Helvetica, sans-serif; font-size: 12px; line-height: 18px;\">&nbsp;<\/p>\n<p style=\"margin-top: 0px; margin-bottom: 20px; color: rgb(0, 0, 0); font-family: Arial, Helvetica, sans-serif; font-size: 12px; line-height: 18px;\">&nbsp;<\/p>\n<p><iframe allowfullscreen=\"\" frameborder=\"0\" height=\"315\" src=\"https:\/\/www.youtube.com\/embed\/WcRgMBMYi6Y\" width=\"560\"><\/iframe><iframe allowfullscreen=\"\" frameborder=\"0\" height=\"315\" src=\"https:\/\/www.youtube.com\/embed\/69Q4GmOkyoE\" width=\"560\"><\/iframe><\/p>","protected":false},"excerpt":{"rendered":"<p>Logitech Driving Force GT Steering Wheel for PS3,PC<\/p>","protected":false},"featured_media":2099,"comment_status":"closed","ping_status":"closed","template":"","meta":[],"yoast_head":"<!-- This site is optimized with the Yoast SEO plugin v16.3 - https:\/\/yoast.com\/wordpress\/plugins\/seo\/ -->\n<title>VOLAN DRIVING FORCE GT LOGITECH VOLAN PS3 PC -<\/title>\n<meta name=\"robots\" content=\"index, follow, max-snippet:-1, max-image-preview:large, max-video-preview:-1\" \/>\n<link rel=\"canonical\" href=\"https:\/\/simracing.si\/en_us\/product\/volan-driving-force-gt-logitech-volan-ps3-pc\/\" \/>\n<meta property=\"og:locale\" content=\"en_US\" \/>\n<meta property=\"og:type\" content=\"article\" \/>\n<meta property=\"og:title\" content=\"VOLAN DRIVING FORCE GT LOGITECH VOLAN PS3 PC -\" \/>\n<meta property=\"og:description\" content=\"VOLAN DRIVING FORCE GT LOGITECH VOLAN PS3 PC\" \/>\n<meta property=\"og:url\" content=\"https:\/\/simracing.si\/en_us\/product\/volan-driving-force-gt-logitech-volan-ps3-pc\/\" \/>\n<meta property=\"article:modified_time\" content=\"2020-05-19T14:00:48+00:00\" \/>\n<meta property=\"og:image\" content=\"https:\/\/simracing.si\/wp-content\/uploads\/2020\/04\/gt11.jpg\" \/>\n\t<meta property=\"og:image:width\" content=\"512\" \/>\n\t<meta property=\"og:image:height\" content=\"512\" \/>\n<meta name=\"twitter:card\" content=\"summary_large_image\" \/>\n<meta name=\"twitter:label1\" content=\"Est. reading time\">\n\t<meta name=\"twitter:data1\" content=\"1 minute\">\n<script type=\"application\/ld+json\" class=\"yoast-schema-graph\">{\"@context\":\"https:\/\/schema.org\",\"@graph\":[{\"@type\":\"WebSite\",\"@id\":\"https:\/\/simracing.si\/#website\",\"url\":\"https:\/\/simracing.si\/\",\"name\":\"\",\"description\":\"\",\"potentialAction\":[{\"@type\":\"SearchAction\",\"target\":\"https:\/\/simracing.si\/?s={search_term_string}\",\"query-input\":\"required name=search_term_string\"}],\"inLanguage\":\"en-US\"},{\"@type\":\"ImageObject\",\"@id\":\"https:\/\/simracing.si\/en_us\/product\/volan-driving-force-gt-logitech-volan-ps3-pc\/#primaryimage\",\"inLanguage\":\"en-US\",\"url\":\"https:\/\/simracing.si\/wp-content\/uploads\/2020\/04\/gt11.jpg\",\"contentUrl\":\"https:\/\/simracing.si\/wp-content\/uploads\/2020\/04\/gt11.jpg\",\"width\":512,\"height\":512},{\"@type\":\"WebPage\",\"@id\":\"https:\/\/simracing.si\/en_us\/product\/volan-driving-force-gt-logitech-volan-ps3-pc\/#webpage\",\"url\":\"https:\/\/simracing.si\/en_us\/product\/volan-driving-force-gt-logitech-volan-ps3-pc\/\",\"name\":\"VOLAN DRIVING FORCE GT LOGITECH VOLAN PS3 PC -\",\"isPartOf\":{\"@id\":\"https:\/\/simracing.si\/#website\"},\"primaryImageOfPage\":{\"@id\":\"https:\/\/simracing.si\/en_us\/product\/volan-driving-force-gt-logitech-volan-ps3-pc\/#primaryimage\"},\"datePublished\":\"2020-04-30T17:28:02+00:00\",\"dateModified\":\"2020-05-19T14:00:48+00:00\",\"breadcrumb\":{\"@id\":\"https:\/\/simracing.si\/en_us\/product\/volan-driving-force-gt-logitech-volan-ps3-pc\/#breadcrumb\"},\"inLanguage\":\"en-US\",\"potentialAction\":[{\"@type\":\"ReadAction\",\"target\":[\"https:\/\/simracing.si\/en_us\/product\/volan-driving-force-gt-logitech-volan-ps3-pc\/\"]}]},{\"@type\":\"BreadcrumbList\",\"@id\":\"https:\/\/simracing.si\/en_us\/product\/volan-driving-force-gt-logitech-volan-ps3-pc\/#breadcrumb\",\"itemListElement\":[{\"@type\":\"ListItem\",\"position\":1,\"item\":{\"@type\":\"WebPage\",\"@id\":\"https:\/\/simracing.si\/\",\"url\":\"https:\/\/simracing.si\/\",\"name\":\"Home\"}},{\"@type\":\"ListItem\",\"position\":2,\"item\":{\"@type\":\"WebPage\",\"@id\":\"https:\/\/simracing.si\/home\/product-category\/\",\"url\":\"https:\/\/simracing.si\/home\/product-category\/\",\"name\":\"Izdelki\"}},{\"@type\":\"ListItem\",\"position\":3,\"item\":{\"@id\":\"https:\/\/simracing.si\/en_us\/product\/volan-driving-force-gt-logitech-volan-ps3-pc\/#webpage\"}}]}]}<\/script>\n<!-- \/ Yoast SEO plugin. -->","_links":{"self":[{"href":"http:\/\/simracing.si\/en_us\/wp-json\/wp\/v2\/product\/1942"}],"collection":[{"href":"http:\/\/simracing.si\/en_us\/wp-json\/wp\/v2\/product"}],"about":[{"href":"http:\/\/simracing.si\/en_us\/wp-json\/wp\/v2\/types\/product"}],"replies":[{"embeddable":true,"href":"http:\/\/simracing.si\/en_us\/wp-json\/wp\/v2\/comments?post=1942"}],"version-history":[{"count":1,"href":"http:\/\/simracing.si\/en_us\/wp-json\/wp\/v2\/product\/1942\/revisions"}],"predecessor-version":[{"id":2425,"href":"http:\/\/simracing.si\/en_us\/wp-json\/wp\/v2\/product\/1942\/revisions\/2425"}],"wp:featuredmedia":[{"embeddable":true,"href":"http:\/\/simracing.si\/en_us\/wp-json\/wp\/v2\/media\/2099"}],"wp:attachment":[{"href":"http:\/\/simracing.si\/en_us\/wp-json\/wp\/v2\/media?parent=1942"}],"curies":[{"name":"wp","href":"https:\/\/api.w.org\/{rel}","templated":true}]}}