{"id":1935,"date":"2020-04-30T18:28:02","date_gmt":"2020-04-30T17:28:02","guid":{"rendered":"https:\/\/simracing.si\/product\/volanski-obroc-za-thrustmaster-t300-t-500-ex-volane-thrustmaster-599xx\/"},"modified":"2020-05-19T15:53:06","modified_gmt":"2020-05-19T13:53:06","slug":"volanski-obroc-za-thrustmaster-t300-t-500-ex-volane-thrustmaster-599xx","status":"publish","type":"product","link":"http:\/\/simracing.si\/en_us\/product\/volanski-obroc-za-thrustmaster-t300-t-500-ex-volane-thrustmaster-599xx\/","title":{"rendered":"Thrustmaster 599xx EVO 30 Wheel ADD-ON"},"content":{"rendered":"<p>&nbsp;<\/p>\n<p>Nova serija le volanskega obro\u010da za TH volane, replica 599XX F, obro\u010d je oble\u010den v alcataro in ima vrhusko postavljene tipke, za prave sim igralce, volan oz obro\u010d je primeren za naslednje TH volane:<\/p>\n<p><span style=\"color: rgb(26, 26, 26); font-family: 'PT Sans', Lato, Helvetica, Arial, sans-serif; font-size: 18px; line-height: 27px;\">&nbsp;(T500 RS, Ferrari F1 Integral T500, T300 RS, T300 Ferrari GTE, TX Racing Wheel Ferrari 458 Italia Edition).<\/span><\/p>\n<p>&nbsp;<\/p>\n<p>Enostvana monta\u017ea obro\u010da v 5 minutah<\/p>\n<p>24 mese\u010dna garancija!<\/p>\n<p>&nbsp;<\/p>\n<p style=\"margin: 9px 0px; padding: 0px; border: 0px; outline: 0px; font-size: 12px; color: rgb(129, 129, 129); font-family: Arial, Helvetica, sans-serif; line-height: 18px;\">Collector\u2019s item!! THE detachable 11.8\u201d\/30 cm wheel, with genuine Alcantara\u00ae\u2013 FERRARI 599XX EVO replica Compatible with all THRUSTMASTER racing wheels featuring a detachable wheel (T-SERIES: T500 RS, Ferrari F1 Integral T500, T300 RS, T300 Ferrari GTE, TX Racing Wheel Ferrari 458 Italia)<\/p>\n<p style=\"margin: 9px 0px; padding: 0px; border: 0px; outline: 0px; font-size: 12px; color: rgb(129, 129, 129); font-family: Arial, Helvetica, sans-serif; line-height: 18px;\"><strong style=\"margin: 0px; padding: 0px; border: 0px; outline: 0px;\">Add-On for use with Thrustmaster T500RS, T300RS and TX Series<\/strong><\/p>\n<p style=\"margin: 9px 0px; padding: 0px; border: 0px; outline: 0px; font-size: 12px; color: rgb(129, 129, 129); font-family: Arial, Helvetica, sans-serif; line-height: 18px;\">\n<strong style=\"margin: 0px; padding: 0px; border: 0px; outline: 0px;\">Realistic, high-quality, sturdy materials<\/strong><\/p>\n<ul style=\"margin: 0px 0px 0px 18px; padding-right: 0px; padding-left: 0px; border: 0px; outline: 0px; font-size: 12px; color: rgb(129, 129, 129); font-family: Arial, Helvetica, sans-serif; line-height: 18px;\">\n<li style=\"margin: 0px; padding: 0px; border: 0px; outline: 0px;\">&nbsp;&nbsp;&nbsp;&nbsp;&nbsp;&nbsp;&nbsp; 8:10 scale replica of the wheel of the 599XX EVO, officially licensed by Ferrari<\/li>\n<li style=\"margin: 0px; padding: 0px; border: 0px; outline: 0px;\">&nbsp;&nbsp;&nbsp;&nbsp;&nbsp;&nbsp;&nbsp; Hand-stitched wrapping crafted of the same Alcantara\u00ae as that used on Ferrari wheels &#8211; imported from Italy! (for an authentic feel)<\/li>\n<li style=\"margin: 0px; padding: 0px; border: 0px; outline: 0px;\">&nbsp;&nbsp;&nbsp;&nbsp;&nbsp;&nbsp;&nbsp; The wheel\u2019s structure is identical to automotive standards, featuring polyurethane molding (for a more flexible touch and enhanced comfort) and an internal hoop made of steel (for improved transmission of driving sensations and of Force Feedback effects)<\/li>\n<li style=\"margin: 0px; padding: 0px; border: 0px; outline: 0px;\">&nbsp;&nbsp;&nbsp;&nbsp;&nbsp;&nbsp;&nbsp; 2 mm-thick brushed metal central steering plate<\/li>\n<li style=\"margin: 0px; padding: 0px; border: 0px; outline: 0px;\">&nbsp;&nbsp;&nbsp;&nbsp;&nbsp;&nbsp;&nbsp; Large size: 11.8\u201d\/30 cm in diameter (for greater immersion in games)!<\/li>\n<li style=\"margin: 0px; padding: 0px; border: 0px; outline: 0px;\">&nbsp;&nbsp;&nbsp;&nbsp;&nbsp;&nbsp;&nbsp; Weighs less than 2.6 lbs\/1.2 kg (inertia and super-responsive Force Feedback)<\/li>\n<\/ul>\n<p style=\"margin: 9px 0px; padding: 0px; border: 0px; outline: 0px; font-size: 12px; color: rgb(129, 129, 129); font-family: Arial, Helvetica, sans-serif; line-height: 18px;\">\n<p><strong style=\"margin: 0px; padding: 0px; border: 0px; outline: 0px;\">2 large wheel-mounted sequential paddle shifters<\/strong><\/p>\n<ul style=\"margin: 0px 0px 0px 18px; padding-right: 0px; padding-left: 0px; border: 0px; outline: 0px; font-size: 12px; color: rgb(129, 129, 129); font-family: Arial, Helvetica, sans-serif; line-height: 18px;\">\n<li style=\"margin: 0px; padding: 0px; border: 0px; outline: 0px;\">&nbsp;&nbsp;&nbsp;&nbsp;&nbsp;&nbsp;&nbsp; Move with the wheel<\/li>\n<li style=\"margin: 0px; padding: 0px; border: 0px; outline: 0px;\">&nbsp;&nbsp;&nbsp;&nbsp;&nbsp;&nbsp;&nbsp; New ergonomic design (for optimized positioning of fingers)<\/li>\n<li style=\"margin: 0px; padding: 0px; border: 0px; outline: 0px;\">&nbsp;&nbsp;&nbsp;&nbsp;&nbsp;&nbsp;&nbsp; Crafted of 0.08\u201d\/2 mm-thick brushed metal + metallic paint<\/li>\n<li style=\"margin: 0px; padding: 0px; border: 0px; outline: 0px;\">&nbsp;&nbsp;&nbsp;&nbsp;&nbsp;&nbsp;&nbsp; 5.1\u201d\/13 cm tall<\/li>\n<li style=\"margin: 0px; padding: 0px; border: 0px; outline: 0px;\">&nbsp;&nbsp;&nbsp;&nbsp;&nbsp;&nbsp;&nbsp; High-end tact switch (lifecycle exceeding 10,000,000 uses)<\/li>\n<\/ul>\n<p style=\"margin: 9px 0px; padding: 0px; border: 0px; outline: 0px; font-size: 12px; color: rgb(129, 129, 129); font-family: Arial, Helvetica, sans-serif; line-height: 18px;\">\n&nbsp;<\/p>\n<p style=\"margin: 9px 0px; padding: 0px; border: 0px; outline: 0px; font-size: 12px; color: rgb(129, 129, 129); font-family: Arial, Helvetica, sans-serif; line-height: 18px;\"><strong style=\"margin: 0px; padding: 0px; border: 0px; outline: 0px;\">Comprehensive driving gear<\/strong><\/p>\n<ul style=\"margin: 0px 0px 0px 18px; padding-right: 0px; padding-left: 0px; border: 0px; outline: 0px; font-size: 12px; color: rgb(129, 129, 129); font-family: Arial, Helvetica, sans-serif; line-height: 18px;\">\n<li style=\"margin: 0px; padding: 0px; border: 0px; outline: 0px;\">&nbsp;&nbsp;&nbsp;&nbsp;&nbsp;&nbsp;&nbsp; 2 wheel-mounted paddle shifters &nbsp;<\/li>\n<li style=\"margin: 0px; padding: 0px; border: 0px; outline: 0px;\">&nbsp;&nbsp;&nbsp;&nbsp;&nbsp;&nbsp;&nbsp; 6 easy-access, clearly identified action buttons<\/li>\n<li style=\"margin: 0px; padding: 0px; border: 0px; outline: 0px;\">&nbsp;&nbsp;&nbsp;&nbsp;&nbsp;&nbsp;&nbsp; 3-position rotary switch with push function in central position<\/li>\n<li style=\"margin: 0px; padding: 0px; border: 0px; outline: 0px;\">&nbsp;&nbsp;&nbsp;&nbsp;&nbsp;&nbsp;&nbsp; Multidirectional D-pad<\/li>\n<\/ul>\n<p style=\"margin: 9px 0px; padding: 0px; border: 0px; outline: 0px; font-size: 12px; color: rgb(129, 129, 129); font-family: Arial, Helvetica, sans-serif; line-height: 18px;\">\n<p><strong style=\"margin: 0px; padding: 0px; border: 0px; outline: 0px;\">Detachable wheel featuring the Thrustmaster Quick Release system<\/strong><\/p>\n<p style=\"margin: 9px 0px; padding: 0px; border: 0px; outline: 0px; font-size: 12px; color: rgb(129, 129, 129); font-family: Arial, Helvetica, sans-serif; line-height: 18px;\">&nbsp;&nbsp;&nbsp;&nbsp;&nbsp;&nbsp;&nbsp; Quickly and easily switch from one wheel to another (Ferrari 599XX Evo Wheel \/ TM Leather 28 GT Wheel* \/ GT Wheel \/ PS Wheel \/ Ferrari F1 Wheel* \/ Ferrari 458 Challenge Wheel* \/ Ferrari 458 Italia Wheel)<\/p>\n<p style=\"margin: 9px 0px; padding: 0px; border: 0px; outline: 0px; font-size: 12px; color: rgb(129, 129, 129); font-family: Arial, Helvetica, sans-serif; line-height: 18px;\">&nbsp;<br \/>\n<strong style=\"margin: 0px; padding: 0px; border: 0px; outline: 0px;\">picto feature<\/strong><\/p>\n<p style=\"margin: 9px 0px; padding: 0px; border: 0px; outline: 0px; font-size: 12px; color: rgb(129, 129, 129); font-family: Arial, Helvetica, sans-serif; line-height: 18px;\">&nbsp;&nbsp;&nbsp;&nbsp;&nbsp;&nbsp; Compatible with all THRUSTMASTER T-SERIES racing wheels*<\/p>\n<p style=\"margin: 9px 0px; padding: 0px; border: 0px; outline: 0px; font-size: 12px; color: rgb(129, 129, 129); font-family: Arial, Helvetica, sans-serif; line-height: 18px;\">&nbsp;<\/p>\n<p style=\"margin: 9px 0px; padding: 0px; border: 0px; outline: 0px; font-size: 12px; color: rgb(129, 129, 129); font-family: Arial, Helvetica, sans-serif; line-height: 18px;\"><img src=\"https:\/\/www.rseat-europe.com\/image\/cache\/data\/599xxWheel\/599XX_AlcantaraEdition_Wheel2-936x936.jpg\" \/><\/p>\n<p>&nbsp;<\/p>\n<p>&nbsp;<\/p>\n<p><iframe allowfullscreen=\"\" frameborder=\"0\" height=\"315\" src=\"https:\/\/www.youtube.com\/embed\/shDpwqnDXrc\" width=\"560\"><\/iframe><\/p>","protected":false},"excerpt":{"rendered":"<p>Thrustmaster 599xx EVO 30 Wheel ADD-ON<\/p>","protected":false},"featured_media":2117,"comment_status":"closed","ping_status":"closed","template":"","meta":[],"yoast_head":"<!-- This site is optimized with the Yoast SEO plugin v16.3 - https:\/\/yoast.com\/wordpress\/plugins\/seo\/ -->\n<title>Volanski obro\u010d za Thrustmaster T300 T 500 EX VOLANE Thrustmaster 599xx -<\/title>\n<meta name=\"robots\" content=\"index, follow, max-snippet:-1, max-image-preview:large, max-video-preview:-1\" \/>\n<link rel=\"canonical\" href=\"http:\/\/simracing.si\/en_us\/product\/volanski-obroc-za-thrustmaster-t300-t-500-ex-volane-thrustmaster-599xx\/\" \/>\n<meta property=\"og:locale\" content=\"en_US\" \/>\n<meta property=\"og:type\" content=\"article\" \/>\n<meta property=\"og:title\" content=\"Volanski obro\u010d za Thrustmaster T300 T 500 EX VOLANE Thrustmaster 599xx -\" \/>\n<meta property=\"og:description\" content=\"Volanski obro\u010d za Thrustmaster T300 T 500 EX VOLANE Thrustmaster 599xx\" \/>\n<meta property=\"og:url\" content=\"http:\/\/simracing.si\/en_us\/product\/volanski-obroc-za-thrustmaster-t300-t-500-ex-volane-thrustmaster-599xx\/\" \/>\n<meta property=\"article:modified_time\" content=\"2020-05-19T13:53:06+00:00\" \/>\n<meta property=\"og:image\" content=\"https:\/\/simracing.si\/wp-content\/uploads\/2020\/04\/tf1.jpg\" \/>\n\t<meta property=\"og:image:width\" content=\"600\" \/>\n\t<meta property=\"og:image:height\" content=\"600\" \/>\n<meta name=\"twitter:card\" content=\"summary_large_image\" \/>\n<meta name=\"twitter:label1\" content=\"Est. reading time\">\n\t<meta name=\"twitter:data1\" content=\"2 minutes\">\n<script type=\"application\/ld+json\" class=\"yoast-schema-graph\">{\"@context\":\"https:\/\/schema.org\",\"@graph\":[{\"@type\":\"WebSite\",\"@id\":\"https:\/\/simracing.si\/#website\",\"url\":\"https:\/\/simracing.si\/\",\"name\":\"\",\"description\":\"\",\"potentialAction\":[{\"@type\":\"SearchAction\",\"target\":\"https:\/\/simracing.si\/?s={search_term_string}\",\"query-input\":\"required name=search_term_string\"}],\"inLanguage\":\"en-US\"},{\"@type\":\"ImageObject\",\"@id\":\"http:\/\/simracing.si\/en_us\/product\/volanski-obroc-za-thrustmaster-t300-t-500-ex-volane-thrustmaster-599xx\/#primaryimage\",\"inLanguage\":\"en-US\",\"url\":\"https:\/\/simracing.si\/wp-content\/uploads\/2020\/04\/tf1.jpg\",\"contentUrl\":\"https:\/\/simracing.si\/wp-content\/uploads\/2020\/04\/tf1.jpg\",\"width\":600,\"height\":600},{\"@type\":\"WebPage\",\"@id\":\"http:\/\/simracing.si\/en_us\/product\/volanski-obroc-za-thrustmaster-t300-t-500-ex-volane-thrustmaster-599xx\/#webpage\",\"url\":\"http:\/\/simracing.si\/en_us\/product\/volanski-obroc-za-thrustmaster-t300-t-500-ex-volane-thrustmaster-599xx\/\",\"name\":\"Volanski obro\\u010d za Thrustmaster T300 T 500 EX VOLANE Thrustmaster 599xx -\",\"isPartOf\":{\"@id\":\"https:\/\/simracing.si\/#website\"},\"primaryImageOfPage\":{\"@id\":\"http:\/\/simracing.si\/en_us\/product\/volanski-obroc-za-thrustmaster-t300-t-500-ex-volane-thrustmaster-599xx\/#primaryimage\"},\"datePublished\":\"2020-04-30T17:28:02+00:00\",\"dateModified\":\"2020-05-19T13:53:06+00:00\",\"breadcrumb\":{\"@id\":\"http:\/\/simracing.si\/en_us\/product\/volanski-obroc-za-thrustmaster-t300-t-500-ex-volane-thrustmaster-599xx\/#breadcrumb\"},\"inLanguage\":\"en-US\",\"potentialAction\":[{\"@type\":\"ReadAction\",\"target\":[\"http:\/\/simracing.si\/en_us\/product\/volanski-obroc-za-thrustmaster-t300-t-500-ex-volane-thrustmaster-599xx\/\"]}]},{\"@type\":\"BreadcrumbList\",\"@id\":\"http:\/\/simracing.si\/en_us\/product\/volanski-obroc-za-thrustmaster-t300-t-500-ex-volane-thrustmaster-599xx\/#breadcrumb\",\"itemListElement\":[{\"@type\":\"ListItem\",\"position\":1,\"item\":{\"@type\":\"WebPage\",\"@id\":\"https:\/\/simracing.si\/\",\"url\":\"https:\/\/simracing.si\/\",\"name\":\"Home\"}},{\"@type\":\"ListItem\",\"position\":2,\"item\":{\"@type\":\"WebPage\",\"@id\":\"https:\/\/simracing.si\/home\/product-category\/\",\"url\":\"https:\/\/simracing.si\/home\/product-category\/\",\"name\":\"Izdelki\"}},{\"@type\":\"ListItem\",\"position\":3,\"item\":{\"@id\":\"http:\/\/simracing.si\/en_us\/product\/volanski-obroc-za-thrustmaster-t300-t-500-ex-volane-thrustmaster-599xx\/#webpage\"}}]}]}<\/script>\n<!-- \/ Yoast SEO plugin. -->","_links":{"self":[{"href":"http:\/\/simracing.si\/en_us\/wp-json\/wp\/v2\/product\/1935"}],"collection":[{"href":"http:\/\/simracing.si\/en_us\/wp-json\/wp\/v2\/product"}],"about":[{"href":"http:\/\/simracing.si\/en_us\/wp-json\/wp\/v2\/types\/product"}],"replies":[{"embeddable":true,"href":"http:\/\/simracing.si\/en_us\/wp-json\/wp\/v2\/comments?post=1935"}],"version-history":[{"count":1,"href":"http:\/\/simracing.si\/en_us\/wp-json\/wp\/v2\/product\/1935\/revisions"}],"predecessor-version":[{"id":2414,"href":"http:\/\/simracing.si\/en_us\/wp-json\/wp\/v2\/product\/1935\/revisions\/2414"}],"wp:featuredmedia":[{"embeddable":true,"href":"http:\/\/simracing.si\/en_us\/wp-json\/wp\/v2\/media\/2117"}],"wp:attachment":[{"href":"http:\/\/simracing.si\/en_us\/wp-json\/wp\/v2\/media?parent=1935"}],"curies":[{"name":"wp","href":"https:\/\/api.w.org\/{rel}","templated":true}]}}