{"id":1929,"date":"2020-04-30T18:27:52","date_gmt":"2020-04-30T17:27:52","guid":{"rendered":"https:\/\/simracing.si\/product\/raceroom-game-seat-rr3055-dirkalni-sedez\/"},"modified":"2020-05-03T16:51:58","modified_gmt":"2020-05-03T15:51:58","slug":"raceroom-game-seat-rr3055-dirkalni-sedez","status":"publish","type":"product","link":"http:\/\/simracing.si\/en_us\/product\/raceroom-game-seat-rr3055-dirkalni-sedez\/","title":{"rendered":"RaceRoom Game Seat RR3055"},"content":{"rendered":"<p style=\"margin-top: 0px; margin-bottom: 20px; color: rgb(0, 0, 0); font-family: Arial, Helvetica, sans-serif; font-size: 12px; line-height: 18px;\"><strong>Dirkalni sede\u017e je primeren le za prave SIM dirka\u010de, sede\u017e je odli\u010dne kvalitete, odli\u010dnih pozicij sedenja, udoben in pravtako zelo \u0161portni povdarek dirkalnega sede\u017ea, kateri vam pri\u010dara odli\u010dne ob\u010dutke igranja ali dirkanja.<\/strong><\/p>\n<p style=\"margin-top: 0px; margin-bottom: 20px; color: rgb(0, 0, 0); font-family: Arial, Helvetica, sans-serif; font-size: 12px; line-height: 18px;\">&nbsp;<\/p>\n<p style=\"margin-top: 0px; margin-bottom: 20px; color: rgb(0, 0, 0); font-family: Arial, Helvetica, sans-serif; font-size: 12px; line-height: 18px;\"><strong>Primerene za vse razli\u010dne volane, FANATEC, LOGITECH, THRUSTMASTER itd oz za vse:<\/strong><\/p>\n<p style=\"margin-top: 0px; margin-bottom: 20px; color: rgb(0, 0, 0); font-family: Arial, Helvetica, sans-serif; font-size: 12px; line-height: 18px;\"><strong><span style=\"font-family: Ubuntu, sans-serif; line-height: 16.7999992370605px;\">&nbsp;Logitech G25 &amp; G27, Thrustmaster TX Racing Wheel Ferrari 458 Italia Edition &amp; T500RS, Fanatec Cubsport Wheel Base EU &amp; Porsche 911 GT2 Wheel EU &amp; Forza MotorsportCSR Wheel EU &amp; Porsche 911 GT3 RS V2 Wheel EU<\/span><\/strong><\/p>\n<p style=\"margin-top: 0px; margin-bottom: 20px; color: rgb(0, 0, 0); font-family: Arial, Helvetica, sans-serif; font-size: 12px; line-height: 18px;\">&nbsp;<\/p>\n<p style=\"margin-top: 0px; margin-bottom: 20px; color: rgb(0, 0, 0); font-family: Arial, Helvetica, sans-serif; font-size: 12px; line-height: 18px;\"><strong>12 mese\u010dna garancija<\/strong><\/p>","protected":false},"excerpt":{"rendered":"<p>RaceRoom Game Seat RR3055<\/p>","protected":false},"featured_media":2111,"comment_status":"closed","ping_status":"open","template":"","meta":[],"yoast_head":"<!-- This site is optimized with the Yoast SEO plugin v16.3 - https:\/\/yoast.com\/wordpress\/plugins\/seo\/ -->\n<title>RaceRoom Game Seat RR3055 Dirkalni Sede\u017e -<\/title>\n<meta name=\"robots\" content=\"index, follow, max-snippet:-1, max-image-preview:large, max-video-preview:-1\" \/>\n<link rel=\"canonical\" href=\"http:\/\/simracing.si\/en_us\/product\/raceroom-game-seat-rr3055-dirkalni-sedez\/\" \/>\n<meta property=\"og:locale\" content=\"en_US\" \/>\n<meta property=\"og:type\" content=\"article\" \/>\n<meta property=\"og:title\" content=\"RaceRoom Game Seat RR3055 Dirkalni Sede\u017e -\" \/>\n<meta property=\"og:description\" content=\"RaceRoom Game Seat RR3055 Dirkalni Sede\u017e\" \/>\n<meta property=\"og:url\" content=\"http:\/\/simracing.si\/en_us\/product\/raceroom-game-seat-rr3055-dirkalni-sedez\/\" \/>\n<meta property=\"article:modified_time\" content=\"2020-05-03T15:51:58+00:00\" \/>\n<meta property=\"og:image\" content=\"https:\/\/simracing.si\/wp-content\/uploads\/2020\/04\/n1.jpg\" \/>\n\t<meta property=\"og:image:width\" content=\"720\" \/>\n\t<meta property=\"og:image:height\" content=\"480\" \/>\n<meta name=\"twitter:card\" content=\"summary_large_image\" \/>\n<script type=\"application\/ld+json\" class=\"yoast-schema-graph\">{\"@context\":\"https:\/\/schema.org\",\"@graph\":[{\"@type\":\"WebSite\",\"@id\":\"https:\/\/simracing.si\/#website\",\"url\":\"https:\/\/simracing.si\/\",\"name\":\"\",\"description\":\"\",\"potentialAction\":[{\"@type\":\"SearchAction\",\"target\":\"https:\/\/simracing.si\/?s={search_term_string}\",\"query-input\":\"required name=search_term_string\"}],\"inLanguage\":\"en-US\"},{\"@type\":\"ImageObject\",\"@id\":\"https:\/\/simracing.si\/izdelek\/raceroom-game-seat-rr3055-dirkalni-sedez\/#primaryimage\",\"inLanguage\":\"en-US\",\"url\":\"https:\/\/simracing.si\/wp-content\/uploads\/2020\/04\/n1.jpg\",\"contentUrl\":\"https:\/\/simracing.si\/wp-content\/uploads\/2020\/04\/n1.jpg\",\"width\":720,\"height\":480},{\"@type\":\"WebPage\",\"@id\":\"https:\/\/simracing.si\/izdelek\/raceroom-game-seat-rr3055-dirkalni-sedez\/#webpage\",\"url\":\"https:\/\/simracing.si\/izdelek\/raceroom-game-seat-rr3055-dirkalni-sedez\/\",\"name\":\"RaceRoom Game Seat RR3055 Dirkalni Sede\\u017e -\",\"isPartOf\":{\"@id\":\"https:\/\/simracing.si\/#website\"},\"primaryImageOfPage\":{\"@id\":\"https:\/\/simracing.si\/izdelek\/raceroom-game-seat-rr3055-dirkalni-sedez\/#primaryimage\"},\"datePublished\":\"2020-04-30T17:27:52+00:00\",\"dateModified\":\"2020-05-03T15:51:58+00:00\",\"breadcrumb\":{\"@id\":\"https:\/\/simracing.si\/izdelek\/raceroom-game-seat-rr3055-dirkalni-sedez\/#breadcrumb\"},\"inLanguage\":\"en-US\",\"potentialAction\":[{\"@type\":\"ReadAction\",\"target\":[\"https:\/\/simracing.si\/izdelek\/raceroom-game-seat-rr3055-dirkalni-sedez\/\"]}]},{\"@type\":\"BreadcrumbList\",\"@id\":\"https:\/\/simracing.si\/izdelek\/raceroom-game-seat-rr3055-dirkalni-sedez\/#breadcrumb\",\"itemListElement\":[{\"@type\":\"ListItem\",\"position\":1,\"item\":{\"@type\":\"WebPage\",\"@id\":\"https:\/\/simracing.si\/\",\"url\":\"https:\/\/simracing.si\/\",\"name\":\"Home\"}},{\"@type\":\"ListItem\",\"position\":2,\"item\":{\"@type\":\"WebPage\",\"@id\":\"https:\/\/simracing.si\/home\/product-category\/\",\"url\":\"https:\/\/simracing.si\/home\/product-category\/\",\"name\":\"Izdelki\"}},{\"@type\":\"ListItem\",\"position\":3,\"item\":{\"@id\":\"https:\/\/simracing.si\/izdelek\/raceroom-game-seat-rr3055-dirkalni-sedez\/#webpage\"}}]}]}<\/script>\n<!-- \/ Yoast SEO plugin. -->","_links":{"self":[{"href":"http:\/\/simracing.si\/en_us\/wp-json\/wp\/v2\/product\/1929"}],"collection":[{"href":"http:\/\/simracing.si\/en_us\/wp-json\/wp\/v2\/product"}],"about":[{"href":"http:\/\/simracing.si\/en_us\/wp-json\/wp\/v2\/types\/product"}],"replies":[{"embeddable":true,"href":"http:\/\/simracing.si\/en_us\/wp-json\/wp\/v2\/comments?post=1929"}],"version-history":[{"count":0,"href":"http:\/\/simracing.si\/en_us\/wp-json\/wp\/v2\/product\/1929\/revisions"}],"wp:featuredmedia":[{"embeddable":true,"href":"http:\/\/simracing.si\/en_us\/wp-json\/wp\/v2\/media\/2111"}],"wp:attachment":[{"href":"http:\/\/simracing.si\/en_us\/wp-json\/wp\/v2\/media?parent=1929"}],"curies":[{"name":"wp","href":"https:\/\/api.w.org\/{rel}","templated":true}]}}